
{"id":5297,"date":"2022-02-23T23:14:15","date_gmt":"2022-02-23T20:14:15","guid":{"rendered":"https:\/\/kmkgrup.com.tr\/?page_id=5297"},"modified":"2026-01-03T10:42:36","modified_gmt":"2026-01-03T07:42:36","slug":"duru-hd-5-u-l-v-makinasi","status":"publish","type":"page","link":"https:\/\/kmkgrup.com.tr\/index.php\/duru-hd-5-u-l-v-makinasi\/","title":{"rendered":"DURU HD 5 U.L.V MAK\u0130NASI"},"content":{"rendered":"\t\t<div data-elementor-type=\"wp-page\" data-elementor-id=\"5297\" class=\"elementor elementor-5297\" data-elementor-settings=\"[]\">\n\t\t\t\t\t\t\t<div class=\"elementor-section-wrap\">\n\t\t\t\t\t\t\t<section class=\"elementor-section elementor-top-section elementor-element elementor-element-7da86d2 elementor-section-boxed elementor-section-height-default elementor-section-height-default\" data-id=\"7da86d2\" data-element_type=\"section\">\n\t\t\t\t\t\t<div class=\"elementor-container elementor-column-gap-default\">\n\t\t\t\t\t<div class=\"elementor-column elementor-col-100 elementor-top-column elementor-element elementor-element-1400f6a\" data-id=\"1400f6a\" data-element_type=\"column\">\n\t\t\t<div class=\"elementor-widget-wrap elementor-element-populated\">\n\t\t\t\t\t\t\t\t<div class=\"elementor-element elementor-element-2a7c723 elementor-widget elementor-widget-spacer\" data-id=\"2a7c723\" data-element_type=\"widget\" data-widget_type=\"spacer.default\">\n\t\t\t\t<div class=\"elementor-widget-container\">\n\t\t\t\t\t<div class=\"elementor-spacer\">\n\t\t\t<div class=\"elementor-spacer-inner\"><\/div>\n\t\t<\/div>\n\t\t\t\t<\/div>\n\t\t\t\t<\/div>\n\t\t\t\t\t<\/div>\n\t\t<\/div>\n\t\t\t\t\t\t\t<\/div>\n\t\t<\/section>\n\t\t\t\t<section class=\"elementor-section elementor-top-section elementor-element elementor-element-fc92458 elementor-section-boxed elementor-section-height-default elementor-section-height-default\" data-id=\"fc92458\" data-element_type=\"section\">\n\t\t\t\t\t\t<div class=\"elementor-container elementor-column-gap-default\">\n\t\t\t\t\t<div class=\"elementor-column elementor-col-50 elementor-top-column elementor-element elementor-element-b941a6a\" data-id=\"b941a6a\" data-element_type=\"column\">\n\t\t\t<div class=\"elementor-widget-wrap elementor-element-populated\">\n\t\t\t\t\t\t\t\t<div class=\"elementor-element elementor-element-0d79329 elementor-widget elementor-widget-image\" data-id=\"0d79329\" data-element_type=\"widget\" data-widget_type=\"image.default\">\n\t\t\t\t<div class=\"elementor-widget-container\">\n\t\t\t\t\t\t\t\t\t\t\t\t\t\t\t\t<a href=\"https:\/\/kmkgrup.com.tr\/wp-content\/uploads\/2022\/02\/duru-hd-5-768x512-1.png\" data-elementor-open-lightbox=\"yes\" data-elementor-lightbox-title=\"duru-hd-5-768x512\">\n\t\t\t\t\t\t\t<img loading=\"lazy\" decoding=\"async\" width=\"750\" height=\"500\" src=\"https:\/\/kmkgrup.com.tr\/wp-content\/uploads\/2022\/02\/duru-hd-5-768x512-1.png\" class=\"attachment-large size-large\" alt=\"\" srcset=\"https:\/\/kmkgrup.com.tr\/wp-content\/uploads\/2022\/02\/duru-hd-5-768x512-1.png 768w, https:\/\/kmkgrup.com.tr\/wp-content\/uploads\/2022\/02\/duru-hd-5-768x512-1-300x200.png 300w, https:\/\/kmkgrup.com.tr\/wp-content\/uploads\/2022\/02\/duru-hd-5-768x512-1-150x100.png 150w\" sizes=\"auto, (max-width: 750px) 100vw, 750px\" \/>\t\t\t\t\t\t\t\t<\/a>\n\t\t\t\t\t\t\t\t\t\t\t\t\t\t\t<\/div>\n\t\t\t\t<\/div>\n\t\t\t\t<section class=\"elementor-section elementor-inner-section elementor-element elementor-element-3127670 elementor-section-boxed elementor-section-height-default elementor-section-height-default\" data-id=\"3127670\" data-element_type=\"section\">\n\t\t\t\t\t\t<div class=\"elementor-container elementor-column-gap-default\">\n\t\t\t\t\t<div class=\"elementor-column elementor-col-100 elementor-inner-column elementor-element elementor-element-be23930\" data-id=\"be23930\" data-element_type=\"column\">\n\t\t\t<div class=\"elementor-widget-wrap elementor-element-populated\">\n\t\t\t\t\t\t\t\t<div class=\"elementor-element elementor-element-c441d89 elementor-widget elementor-widget-image-gallery\" data-id=\"c441d89\" data-element_type=\"widget\" data-widget_type=\"image-gallery.default\">\n\t\t\t\t<div class=\"elementor-widget-container\">\n\t\t\t\t\t<div class=\"elementor-image-gallery\">\n\t\t\t<div id='gallery-1' class='gallery galleryid-5297 gallery-columns-2 gallery-size-shop_thumbnail'><figure class='gallery-item'>\n\t\t\t<div class='gallery-icon landscape'>\n\t\t\t\t<a data-elementor-open-lightbox=\"yes\" data-elementor-lightbox-slideshow=\"c441d89\" data-elementor-lightbox-title=\"duru-hd-5-768x512\" href='https:\/\/kmkgrup.com.tr\/wp-content\/uploads\/2022\/02\/duru-hd-5-768x512-1.png'><img loading=\"lazy\" decoding=\"async\" width=\"150\" height=\"100\" src=\"https:\/\/kmkgrup.com.tr\/wp-content\/uploads\/2022\/02\/duru-hd-5-768x512-1-150x100.png\" class=\"attachment-shop_thumbnail size-shop_thumbnail\" alt=\"\" srcset=\"https:\/\/kmkgrup.com.tr\/wp-content\/uploads\/2022\/02\/duru-hd-5-768x512-1-150x100.png 150w, https:\/\/kmkgrup.com.tr\/wp-content\/uploads\/2022\/02\/duru-hd-5-768x512-1-300x200.png 300w, https:\/\/kmkgrup.com.tr\/wp-content\/uploads\/2022\/02\/duru-hd-5-768x512-1.png 768w\" sizes=\"auto, (max-width: 150px) 100vw, 150px\" \/><\/a>\n\t\t\t<\/div><\/figure><figure class='gallery-item'>\n\t\t\t<div class='gallery-icon landscape'>\n\t\t\t\t<a data-elementor-open-lightbox=\"yes\" data-elementor-lightbox-slideshow=\"c441d89\" data-elementor-lightbox-title=\"duru-parca-300x298\" href='https:\/\/kmkgrup.com.tr\/wp-content\/uploads\/2022\/02\/duru-parca-300x298-1.jpg'><img loading=\"lazy\" decoding=\"async\" width=\"150\" height=\"150\" src=\"https:\/\/kmkgrup.com.tr\/wp-content\/uploads\/2022\/02\/duru-parca-300x298-1-150x150.jpg\" class=\"attachment-shop_thumbnail size-shop_thumbnail\" alt=\"\" srcset=\"https:\/\/kmkgrup.com.tr\/wp-content\/uploads\/2022\/02\/duru-parca-300x298-1-150x150.jpg 150w, https:\/\/kmkgrup.com.tr\/wp-content\/uploads\/2022\/02\/duru-parca-300x298-1.jpg 300w\" sizes=\"auto, (max-width: 150px) 100vw, 150px\" \/><\/a>\n\t\t\t<\/div><\/figure>\n\t\t<\/div>\n\t\t<\/div>\n\t\t\t\t<\/div>\n\t\t\t\t<\/div>\n\t\t\t\t\t<\/div>\n\t\t<\/div>\n\t\t\t\t\t\t\t<\/div>\n\t\t<\/section>\n\t\t\t\t\t<\/div>\n\t\t<\/div>\n\t\t\t\t<div class=\"elementor-column elementor-col-50 elementor-top-column elementor-element elementor-element-35ddda9\" data-id=\"35ddda9\" data-element_type=\"column\">\n\t\t\t<div class=\"elementor-widget-wrap elementor-element-populated\">\n\t\t\t\t\t\t\t\t<div class=\"elementor-element elementor-element-f69af40 elementor-widget elementor-widget-heading\" data-id=\"f69af40\" data-element_type=\"widget\" data-widget_type=\"heading.default\">\n\t\t\t\t<div class=\"elementor-widget-container\">\n\t\t\t<h2 class=\"elementor-heading-title elementor-size-default\">DURU HD 5 U.L.V MAK\u0130NASI<\/h2>\t\t<\/div>\n\t\t\t\t<\/div>\n\t\t\t\t<div class=\"elementor-element elementor-element-8eba309 elementor-widget elementor-widget-text-editor\" data-id=\"8eba309\" data-element_type=\"widget\" data-widget_type=\"text-editor.default\">\n\t\t\t\t<div class=\"elementor-widget-container\">\n\t\t\t\t\t\t\t<p>DURU HD-5 El T\u0130P\u0130 DEZENFEKS\u0130YON VE \u0130LA\u00c7LAMA MAK\u0130NASI<\/p>\t\t\t\t\t\t<\/div>\n\t\t\t\t<\/div>\n\t\t\t\t<div class=\"elementor-element elementor-element-2efb516 elementor-widget elementor-widget-spacer\" data-id=\"2efb516\" data-element_type=\"widget\" data-widget_type=\"spacer.default\">\n\t\t\t\t<div class=\"elementor-widget-container\">\n\t\t\t\t\t<div class=\"elementor-spacer\">\n\t\t\t<div class=\"elementor-spacer-inner\"><\/div>\n\t\t<\/div>\n\t\t\t\t<\/div>\n\t\t\t\t<\/div>\n\t\t\t\t<div class=\"elementor-element elementor-element-4492e88 elementor-aspect-ratio-169 elementor-widget elementor-widget-video\" data-id=\"4492e88\" data-element_type=\"widget\" data-settings=\"{&quot;youtube_url&quot;:&quot;https:\\\/\\\/youtu.be\\\/BZ8lgDu00p8&quot;,&quot;video_type&quot;:&quot;youtube&quot;,&quot;controls&quot;:&quot;yes&quot;,&quot;aspect_ratio&quot;:&quot;169&quot;}\" data-widget_type=\"video.default\">\n\t\t\t\t<div class=\"elementor-widget-container\">\n\t\t\t\t\t<div class=\"elementor-wrapper elementor-fit-aspect-ratio elementor-open-inline\">\n\t\t\t<div class=\"elementor-video\"><\/div>\t\t<\/div>\n\t\t\t\t<\/div>\n\t\t\t\t<\/div>\n\t\t\t\t\t<\/div>\n\t\t<\/div>\n\t\t\t\t\t\t\t<\/div>\n\t\t<\/section>\n\t\t\t\t<section class=\"elementor-section elementor-top-section elementor-element elementor-element-9a367df elementor-section-boxed elementor-section-height-default elementor-section-height-default\" data-id=\"9a367df\" data-element_type=\"section\">\n\t\t\t\t\t\t<div class=\"elementor-container elementor-column-gap-default\">\n\t\t\t\t\t<div class=\"elementor-column elementor-col-100 elementor-top-column elementor-element elementor-element-26ce23e\" data-id=\"26ce23e\" data-element_type=\"column\">\n\t\t\t<div class=\"elementor-widget-wrap elementor-element-populated\">\n\t\t\t\t\t\t\t\t<div class=\"elementor-element elementor-element-6785f5b elementor-tabs-view-horizontal elementor-widget elementor-widget-tabs\" data-id=\"6785f5b\" data-element_type=\"widget\" data-widget_type=\"tabs.default\">\n\t\t\t\t<div class=\"elementor-widget-container\">\n\t\t\t\t\t<div class=\"elementor-tabs\">\n\t\t\t<div class=\"elementor-tabs-wrapper\" role=\"tablist\" >\n\t\t\t\t\t\t\t\t\t<div id=\"elementor-tab-title-1081\" class=\"elementor-tab-title elementor-tab-desktop-title\" aria-selected=\"true\" data-tab=\"1\" role=\"tab\" tabindex=\"0\" aria-controls=\"elementor-tab-content-1081\" aria-expanded=\"false\">TEKN\u0130K DETAYLAR<\/div>\n\t\t\t\t\t\t\t\t\t<div id=\"elementor-tab-title-1082\" class=\"elementor-tab-title elementor-tab-desktop-title\" aria-selected=\"false\" data-tab=\"2\" role=\"tab\" tabindex=\"-1\" aria-controls=\"elementor-tab-content-1082\" aria-expanded=\"false\">A\u00c7IKLAMA<\/div>\n\t\t\t\t\t\t\t\t\t<div id=\"elementor-tab-title-1083\" class=\"elementor-tab-title elementor-tab-desktop-title\" aria-selected=\"false\" data-tab=\"3\" role=\"tab\" tabindex=\"-1\" aria-controls=\"elementor-tab-content-1083\" aria-expanded=\"false\">SATI\u015e SONRASI<\/div>\n\t\t\t\t\t\t\t\t\t<div id=\"elementor-tab-title-1084\" class=\"elementor-tab-title elementor-tab-desktop-title\" aria-selected=\"false\" data-tab=\"4\" role=\"tab\" tabindex=\"-1\" aria-controls=\"elementor-tab-content-1084\" aria-expanded=\"false\">\u0130LET\u0130\u015e\u0130M FORMU<\/div>\n\t\t\t\t\t\t\t<\/div>\n\t\t\t<div class=\"elementor-tabs-content-wrapper\" role=\"tablist\" aria-orientation=\"vertical\">\n\t\t\t\t\t\t\t\t\t<div class=\"elementor-tab-title elementor-tab-mobile-title\" aria-selected=\"true\" data-tab=\"1\" role=\"tab\" tabindex=\"0\" aria-controls=\"elementor-tab-content-1081\" aria-expanded=\"false\">TEKN\u0130K DETAYLAR<\/div>\n\t\t\t\t\t<div id=\"elementor-tab-content-1081\" class=\"elementor-tab-content elementor-clearfix\" data-tab=\"1\" role=\"tabpanel\" aria-labelledby=\"elementor-tab-title-1081\" tabindex=\"0\" hidden=\"false\"><table><tbody><tr><td><p><strong><b>MOTOR<\/b><\/strong><\/p><\/td><td><p>2200 w \u00a0220 V AC, 50hz<\/p><\/td><\/tr><tr><td><p><strong><b>\u0130la\u00e7 Tank Kapasitesi<\/b><\/strong><\/p><\/td><td><p>5 Litre<\/p><\/td><\/tr><tr><td><p><strong><b>\u0130la\u00e7 \u00c7\u0131k\u0131\u015f Debisi<\/b><\/strong><\/p><\/td><td><p>0-49 l\/h<\/p><\/td><\/tr><tr><td><p><strong><b>\u0130la\u00e7 Damla \u00c7ap\u0131<\/b><\/strong><\/p><\/td><td><p>0-49 micron<\/p><\/td><\/tr><tr><td><p><strong><b>Sol\u00fcsyon<\/b><\/strong><\/p><\/td><td><p>sc, ec, wp<\/p><\/td><\/tr><tr><td><p><strong><b>Kg\u00a0<\/b><\/strong>\u00a0<\/p><\/td><td><p>4.2 kg<\/p><\/td><\/tr><tr><td><p><strong><b>\u00d6l\u00e7\u00fcler<\/b><\/strong><\/p><\/td><td><p>E-20 B-45 Y-45<\/p><\/td><\/tr><\/tbody><\/table><p>\u00a0<\/p><\/div>\n\t\t\t\t\t\t\t\t\t<div class=\"elementor-tab-title elementor-tab-mobile-title\" aria-selected=\"false\" data-tab=\"2\" role=\"tab\" tabindex=\"-1\" aria-controls=\"elementor-tab-content-1082\" aria-expanded=\"false\">A\u00c7IKLAMA<\/div>\n\t\t\t\t\t<div id=\"elementor-tab-content-1082\" class=\"elementor-tab-content elementor-clearfix\" data-tab=\"2\" role=\"tabpanel\" aria-labelledby=\"elementor-tab-title-1082\" tabindex=\"0\" hidden=\"hidden\"><p><strong><b>NEDEN DURU HD 5\u00a0<\/b><\/strong><\/p><p>El tipi Duru Hd5 ila\u00e7lama ve Dezenfeksiyon cihaz\u0131 ; 220V, 2200W g\u00fcc\u00fc ile piyasadaki standart 1200W \u00fcr\u00fcnlere k\u0131yasla 2 kat daha g\u00fc\u00e7l\u00fc ve teknolojik tasarlanm\u0131\u015f ba\u015fl\u0131\u011f\u0131 ile daha fazla hava debisine sahiptir. G\u00fc\u00e7l\u00fc hava debisinden ve \u00f6zel tasar\u0131m nozulldan dolay\u0131 daha k\u00fc\u00e7\u00fck mikron boyutlar\u0131nda p\u00fcsk\u00fcrtme yaparak en \u00fccra k\u00f6\u015felere kadar ilac ve dezenfeksiyon ula\u015f\u0131r.<\/p><p>Duru ULV ila\u00e7lama ve dezenfeksiyon makinesi kafeler, restorantlar, hastaneler, sa\u011fl\u0131k kurumlar\u0131, resmi daireler, depolar, besi \u00e7iftlikleri, a\u011f\u0131rlar, tavuk \u00e7iftlikleri, oteller, kanalizasyon uygulamalar\u0131 i\u00e7in tercih edilmektedir.<\/p><p>\u00dcr\u00fcnlerimiz d\u00fcnya sa\u011fl\u0131k \u00f6rg\u00fct\u00fcn\u00fcn kriterlerine g\u00f6re \u00fcretilmektedir. Standarlara uygun b\u00fct\u00fcn belge ve sertifikalar\u0131m\u0131z mevcuttur.<\/p><p>\u00dcretici oldu\u011fumuz Elektrikli ULV Makinesi d\u00fcnyan\u0131n g\u00fcndeminde olan covid-19, corana , delta varyant\u0131 vir\u00fcs\u00fcne kar\u015f\u0131 m\u00fccadelede dezenfeksiyon ve sterilizasyon ama\u00e7l\u0131 kullan\u0131lmaktad\u0131r. Bunun yan\u0131 s\u0131ra insektisit sisleyici \u00f6zelli\u011fine sahiptir sivrisinek, karasinek gibi yeti\u015fkin ha\u015fere ve b\u00f6cekler i\u00e7in bula\u015f\u0131c\u0131 hastal\u0131klar ile m\u00fccadele ama\u00e7l\u0131 kullan\u0131lmaktad\u0131r.<\/p><p>Duru hd 5 modeli 09 um 49 um \u00e7ap\u0131nda p\u00fcsk\u00fcrtme yapabilmektedir. \u00c7ok k\u00fc\u00e7\u00fck mikron \u00e7ap\u0131na sahip oldu\u011fu i\u00e7in dezenfeksiyon uygulamas\u0131nda \u00fcst\u00fcn ba\u015far\u0131 sa\u011flamaktad\u0131r. \u00c7\u00fcnk\u00fc p\u00fcsk\u00fcrt\u00fclen zerreciklerin hava da ask\u0131da kalma s\u00fcresi ve vir\u00fcse temas etme yok etme ihtimali % 100 d\u00fcr.<\/p><p>Cihazlar\u0131m\u0131z t\u00fcm d\u00fcnyada virus ile m\u00fccadelede kullan\u0131lmaktad\u0131r. Elektrikli ULV makinesi duru hd 5 modeli ekonomik ve g\u00fc\u00e7l\u00fc olmas\u0131 sebebiyle en \u00e7ok tercih edilen bir modeldir. Yurt d\u0131\u015f\u0131 testlerde % 99,999 ba\u015far\u0131l\u0131 olmu\u015ftur ve t\u00fcm d\u00fcnyada kullan\u0131c\u0131lar taraf\u0131ndan duru hd 5 ulv cihaz\u0131n\u0131 tercih edenler memnun kalm\u0131\u015flard\u0131r .<\/p><p>Virus ilk ba\u015fta \u00e7in\u2019de yay\u0131lmas\u0131 ile birlikte d\u00fcnya \u00e7ap\u0131nda kontrol alt\u0131na al\u0131namaz bir durum olu\u015fturmu\u015ftur fakat sonras\u0131n da duru hd 5 ulv sisleyici cihazlar\u0131m\u0131z\u0131nda yard\u0131m\u0131yla d\u00fcnya \u00e7ap\u0131nda etkisini g\u00f6stererek b\u00fcy\u00fck bir ba\u015far\u0131 ve \u00fclkemiz ad\u0131na gurur kayna\u011f\u0131 olmu\u015ftur memnuniyete istinaden piyasada \u00e7akma sahteleri dahi yap\u0131lm\u0131\u015ft\u0131r .<\/p><p><strong><b>Duru hd 5 ulv Dezenfeksiyon cihaz\u0131n\u0131n \u00fcst\u00fcn \u00f6zelli\u011fi;<\/b><\/strong><\/p><p>Dezenfeksiyon cihaz\u0131 duru hd 5 ulv modeli dezenfeksiyon cihaz\u0131m\u0131z s\u0131v\u0131s\u0131n\u0131 so\u011fuk sisleme tekni\u011fi ile \u00e7ok k\u00fc\u00e7\u00fck par\u00e7alara ay\u0131r\u0131r. Duru hd 5 ulv cihaz\u0131 5 Litrelik bir dezenfeksiyon s\u0131v\u0131s\u0131n\u0131 20 \u00b5m zerrecik \u00e7ap\u0131 ile \u201c1.195.000.000.000\u201d adet zerrecik ile p\u00fcsk\u00fcrt\u00fcr. P\u00fcsk\u00fcrt\u00fclen dezenfeksiyonlar \u00e7ok k\u00fc\u00e7\u00fck mikron \u00e7ap\u0131nda oldu\u011fu i\u00e7in ve hava da ask\u0131da kalma s\u00fcresi kullan\u0131lan s\u0131v\u0131lar\u0131n vir\u00fcs\u00fc yok etme olas\u0131l\u0131\u011f\u0131n\u0131 artt\u0131rmaktad\u0131r bu nedenle b\u00fcy\u00fck mikron \u00e7ap\u0131 ile p\u00fcsk\u00fcrtme yapan cihazlara k\u0131yasla vir\u00fcs\u00fc yok etme ihtimali daha y\u00fcksektir ve g\u00fcvenilirlidir .<\/p><p>Portatif Elektrikli ULV Makinesi duru hd 5 = 20 \u00b5m, 5 Litre, 1.195.000.000.000 adet zerrecik.<\/p><p>ULV Makinesi duru hd 5 elektrikli motoru sayesinde benzinli motorlar gibi karbondioksit sal\u0131n\u0131m\u0131 yapmaz ve i\u00e7 mekan uygulamalar\u0131 i\u00e7in \u00e7ok kullan\u0131\u015fl\u0131d\u0131r. Su bazl\u0131 oldu\u011fu i\u00e7in dezenfeksiyonlar\u0131n tamam\u0131 i\u00e7in kullan\u0131labilir. 1 dakika i\u00e7inde 450m2 alan\u0131 dezenfekte ve sterilize edebilir.<\/p><p><strong><b>U.L.V NED\u0130R : Duru hd\u00a0 5 ulv Dezenfeksiyon cihaz\u0131n\u0131n \u00e7al\u0131\u015fma prensibi;<\/b><\/strong><\/p><p>Portatif ULV sisleyici makinesi dezenfeksiyon s\u0131v\u0131s\u0131n\u0131 y\u00fcksek hava debisi sayesinde havan\u0131n par\u00e7alama g\u00fcc\u00fc ile \u00e7ok k\u00fc\u00e7\u00fck par\u00e7alara ay\u0131rarak 20\u00b5m boyutunda p\u00fcsk\u00fcrt\u00fcr. P\u00fcsk\u00fcrt\u00fclen zerreciklerin mikron \u00e7ap\u0131 09-50 \u00b5m boyutlar\u0131 aras\u0131ndad\u0131r ve p\u00fcsk\u00fcrt\u00fclen zerrecikler s\u00fcr\u00fcklenme ile hava da ask\u0131 da kalarak her yere ula\u015fabilmektedir.<\/p><p><strong><b>Kullan\u0131m Alanlar\u0131:<\/b><\/strong><\/p><p>Dezenfektan s\u0131v\u0131s\u0131 konularak dezenfeksiyon sisleyici olarak bula\u015f\u0131c\u0131 hastal\u0131klara kar\u015f\u0131 ve Covid 19 virus\u2019e kar\u015f\u0131 m\u00fccadelede kullan\u0131lmaktad\u0131r, \u0130nsektisit sisleyici \u00f6zelli\u011fi ile sivrisinek, karasinek ve \u00e7ekirge benzeri yeti\u015fkin b\u00f6cekleri kontrol alt\u0131na almak amac\u0131yla vector m\u00fccadelesinde pest control ama\u00e7l\u0131 kullan\u0131lmaktad\u0131r. Halk sa\u011fl\u0131\u011f\u0131 alan\u0131nda, Sa\u011fl\u0131k Bakanl\u0131\u011f\u0131 gibi devlet kurumlar\u0131 covid, covid-19, delta veryant\u0131 gibi hastal\u0131klar\u0131n yay\u0131lmas\u0131n\u0131 \u00f6nlemek i\u00e7in kullan\u0131l\u0131r.<\/p><p><strong><b>Dezenfeksiyon ve ila\u00e7lama cihaz\u0131 hakk\u0131nda bilgilendirmeler;<\/b><\/strong><\/p><p>Mikron \u00e7ap\u0131:<\/p><p>Mikron \u00e7ap\u0131 1 zerreci\u011fin boyutu demektir. \u201c\u00b5m\u201d ile ifade edilir 1mm 1000 mikron\u2019a e\u015fittir. Bir insan sac\u0131 100\u00b5m kal\u0131nl\u0131\u011f\u0131ndad\u0131r, duru hd 5 dezenfeksiyon cihaz\u0131 03\u00b5m~50\u00b5m sisleme yapabilir. Dezenfeksiyon s\u0131v\u0131 t\u00fcketimi ile mikron \u00e7ap\u0131 de\u011fi\u015ftirilebilir.<\/p><p><strong><b>Mikron Boyutlar\u0131:<\/b><\/strong><br \/>So\u011fuk Sisleyiciler = 0-30\u00b5m<br \/>ULV ila\u00e7lama = 09-50\u00b5m<br \/>Mist \u0130la\u00e7lama = 50-100\u00b5m<br \/>Bah\u00e7e Pulverizat\u00f6r\u00fc = 100-200\u00b5<\/p><p>\u00a0<\/p><\/div>\n\t\t\t\t\t\t\t\t\t<div class=\"elementor-tab-title elementor-tab-mobile-title\" aria-selected=\"false\" data-tab=\"3\" role=\"tab\" tabindex=\"-1\" aria-controls=\"elementor-tab-content-1083\" aria-expanded=\"false\">SATI\u015e SONRASI<\/div>\n\t\t\t\t\t<div id=\"elementor-tab-content-1083\" class=\"elementor-tab-content elementor-clearfix\" data-tab=\"3\" role=\"tabpanel\" aria-labelledby=\"elementor-tab-title-1083\" tabindex=\"0\" hidden=\"hidden\"><p><strong>Ara\u00e7 \u00dcst\u00fc \u0130la\u00e7lama Makinas\u0131 Al\u0131rken !!<\/strong><\/p><p>ULV ila\u00e7lama makinas\u0131 se\u00e7erken baz\u0131 kriterlerin g\u00f6zden ge\u00e7irilmesinde mutlaka fayda olacakt\u0131r. Bu nedenle ULV cihaz\u0131 almadan \u00f6nce mutlaka M\u00fc\u015fteri temsilcimizle ileti\u015fime ge\u00e7iniz .<\/p><p><strong>SATI\u015e SONRASI DESTEK<\/strong><\/p><p>Sat\u0131\u015f Sonras\u0131 Hizmetimizden faydalanmak i\u00e7in a\u015fa\u011f\u0131daki teknik servis numaram\u0131zdan<br \/>Ar\u0131zal\u0131 veya hasar g\u00f6ren ULV ila\u00e7lama makineleriniz i\u00e7in 7\/24 \u00a0ileti\u015fim kurabilirsiniz<\/p><p><strong>Sat\u0131\u015f Sonras\u0131 Hizmet \u2013 Teknik Servis<\/strong><\/p><ul><li>G\u00f6r\u00fcnt\u00fcl\u00fc konu\u015fma ile uzaktan \u00e7al\u0131\u015ft\u0131rma talimat\u0131 ve teknik yard\u0131m hatt\u0131.<\/li><li>\u0130htiyac\u0131n\u0131z olan yedek par\u00e7an\u0131n kod numaras\u0131n\u0131 bilmiyorsan\u0131z resmini \u00e7ekip bu hat \u00fczerinden g\u00f6nderebilirsiniz.<\/li><li>Uzmanl\u0131k gerektiren ar\u0131za tespiti veya teknik bilgimize dan\u0131\u015fmak i\u00e7in 7\/24\u00a0 ileti\u015fim kurabilirsiniz.<\/li><\/ul><\/div>\n\t\t\t\t\t\t\t\t\t<div class=\"elementor-tab-title elementor-tab-mobile-title\" aria-selected=\"false\" data-tab=\"4\" role=\"tab\" tabindex=\"-1\" aria-controls=\"elementor-tab-content-1084\" aria-expanded=\"false\">\u0130LET\u0130\u015e\u0130M FORMU<\/div>\n\t\t\t\t\t<div id=\"elementor-tab-content-1084\" class=\"elementor-tab-content elementor-clearfix\" data-tab=\"4\" role=\"tabpanel\" aria-labelledby=\"elementor-tab-title-1084\" tabindex=\"0\" hidden=\"hidden\"><p><div class=\"wpforms-container wpforms-container-full\" id=\"wpforms-5223\"><form id=\"wpforms-form-5223\" class=\"wpforms-validate wpforms-form wpforms-ajax-form\" data-formid=\"5223\" method=\"post\" enctype=\"multipart\/form-data\" action=\"\/index.php\/wp-json\/wp\/v2\/pages\/5297\" data-token=\"9f51518dcbe2d3733dacabf54ce19f78\"><noscript class=\"wpforms-error-noscript\">Please enable JavaScript in your browser to complete this form.<\/noscript><div class=\"wpforms-field-container\"><div id=\"wpforms-5223-field_0-container\" class=\"wpforms-field wpforms-field-name\" data-field-id=\"0\"><label class=\"wpforms-field-label\" for=\"wpforms-5223-field_0\">Ad\u0131n\u0131z &#8211; Soyad\u0131n\u0131z <span class=\"wpforms-required-label\">*<\/span><\/label><div class=\"wpforms-field-row wpforms-field-medium\"><div class=\"wpforms-field-row-block wpforms-first wpforms-one-half\"><input type=\"text\" id=\"wpforms-5223-field_0\" class=\"wpforms-field-name-first wpforms-field-required\" name=\"wpforms[fields][0][first]\" required><label for=\"wpforms-5223-field_0\" class=\"wpforms-field-sublabel after \">First<\/label><\/div><div class=\"wpforms-field-row-block wpforms-one-half\"><input type=\"text\" id=\"wpforms-5223-field_0-last\" class=\"wpforms-field-name-last wpforms-field-required\" name=\"wpforms[fields][0][last]\" required><label for=\"wpforms-5223-field_0-last\" class=\"wpforms-field-sublabel after \">Last<\/label><\/div><\/div><\/div><div id=\"wpforms-5223-field_1-container\" class=\"wpforms-field wpforms-field-email\" data-field-id=\"1\"><label class=\"wpforms-field-label\" for=\"wpforms-5223-field_1\">E-mail Adresiniz <span class=\"wpforms-required-label\">*<\/span><\/label><input type=\"email\" id=\"wpforms-5223-field_1\" class=\"wpforms-field-medium wpforms-field-required\" name=\"wpforms[fields][1]\" required><\/div><div id=\"wpforms-5223-field_3-container\" class=\"wpforms-field wpforms-field-number\" data-field-id=\"3\"><label class=\"wpforms-field-label\" for=\"wpforms-5223-field_3\">Telefon Numaran\u0131z<\/label><input type=\"number\" pattern=\"\\d*\" id=\"wpforms-5223-field_3\" class=\"wpforms-field-medium\" name=\"wpforms[fields][3]\" ><div class=\"wpforms-field-description\">Sizinle ileti\u015fim kurabilmemiz i\u00e7in gerekmektedir.<\/div><\/div><div id=\"wpforms-5223-field_2-container\" class=\"wpforms-field wpforms-field-textarea\" data-field-id=\"2\"><label class=\"wpforms-field-label\" for=\"wpforms-5223-field_2\">Mesaj\u0131n\u0131z <span class=\"wpforms-required-label\">*<\/span><\/label><textarea id=\"wpforms-5223-field_2\" class=\"wpforms-field-medium wpforms-field-required\" name=\"wpforms[fields][2]\" required><\/textarea><\/div><\/div><div class=\"wpforms-submit-container\"><input type=\"hidden\" name=\"wpforms[id]\" value=\"5223\"><input type=\"hidden\" name=\"wpforms[author]\" value=\"1\"><button type=\"submit\" name=\"wpforms[submit]\" id=\"wpforms-submit-5223\" class=\"wpforms-submit\" data-alt-text=\"G\u00f6nderiliyor...\" data-submit-text=\"G\u00f6nder\" aria-live=\"assertive\" value=\"wpforms-submit\">G\u00f6nder<\/button><img loading=\"lazy\" decoding=\"async\" src=\"https:\/\/kmkgrup.com.tr\/wp-content\/plugins\/wpforms-lite\/assets\/images\/submit-spin.svg\" class=\"wpforms-submit-spinner\" style=\"display: none;\" width=\"26\" height=\"26\" alt=\"\"><\/div><\/form><\/div>  <!-- .wpforms-container --><\/p><\/div>\n\t\t\t\t\t\t\t<\/div>\n\t\t<\/div>\n\t\t\t\t<\/div>\n\t\t\t\t<\/div>\n\t\t\t\t\t<\/div>\n\t\t<\/div>\n\t\t\t\t\t\t\t<\/div>\n\t\t<\/section>\n\t\t\t\t<section class=\"elementor-section elementor-top-section elementor-element elementor-element-d128492 elementor-section-boxed elementor-section-height-default elementor-section-height-default\" data-id=\"d128492\" data-element_type=\"section\">\n\t\t\t\t\t\t<div class=\"elementor-container elementor-column-gap-default\">\n\t\t\t\t\t<div class=\"elementor-column elementor-col-100 elementor-top-column elementor-element elementor-element-a64c01a\" data-id=\"a64c01a\" data-element_type=\"column\">\n\t\t\t<div class=\"elementor-widget-wrap elementor-element-populated\">\n\t\t\t\t\t\t\t\t<div class=\"elementor-element elementor-element-dac612a elementor-widget elementor-widget-spacer\" data-id=\"dac612a\" data-element_type=\"widget\" data-widget_type=\"spacer.default\">\n\t\t\t\t<div class=\"elementor-widget-container\">\n\t\t\t\t\t<div class=\"elementor-spacer\">\n\t\t\t<div class=\"elementor-spacer-inner\"><\/div>\n\t\t<\/div>\n\t\t\t\t<\/div>\n\t\t\t\t<\/div>\n\t\t\t\t\t<\/div>\n\t\t<\/div>\n\t\t\t\t\t\t\t<\/div>\n\t\t<\/section>\n\t\t\t\t\t\t<\/div>\n\t\t\t\t\t<\/div>\n\t\t","protected":false},"excerpt":{"rendered":"<p>DURU HD 5 U.L.V MAK\u0130NASI DURU HD-5 El T\u0130P\u0130 DEZENFEKS\u0130YON VE \u0130LA\u00c7LAMA MAK\u0130NASI TEKN\u0130K DETAYLAR A\u00c7IKLAMA SATI\u015e SONRASI \u0130LET\u0130\u015e\u0130M FORMU TEKN\u0130K DETAYLAR MOTOR 2200 w \u00a0220 V AC, 50hz \u0130la\u00e7 Tank Kapasitesi 5 Litre \u0130la\u00e7 \u00c7\u0131k\u0131\u015f Debisi 0-49 l\/h \u0130la\u00e7 Damla \u00c7ap\u0131 0-49 micron Sol\u00fcsyon sc, ec, wp Kg\u00a0\u00a0 4.2 kg \u00d6l\u00e7\u00fcler E-20 B-45 Y-45[&#8230;]<\/p>\n","protected":false},"author":1,"featured_media":0,"parent":0,"menu_order":0,"comment_status":"closed","ping_status":"closed","template":"elementor_header_footer","meta":{"inline_featured_image":false,"footnotes":""},"class_list":["post-5297","page","type-page","status-publish","hentry"],"_links":{"self":[{"href":"https:\/\/kmkgrup.com.tr\/index.php\/wp-json\/wp\/v2\/pages\/5297","targetHints":{"allow":["GET"]}}],"collection":[{"href":"https:\/\/kmkgrup.com.tr\/index.php\/wp-json\/wp\/v2\/pages"}],"about":[{"href":"https:\/\/kmkgrup.com.tr\/index.php\/wp-json\/wp\/v2\/types\/page"}],"author":[{"embeddable":true,"href":"https:\/\/kmkgrup.com.tr\/index.php\/wp-json\/wp\/v2\/users\/1"}],"replies":[{"embeddable":true,"href":"https:\/\/kmkgrup.com.tr\/index.php\/wp-json\/wp\/v2\/comments?post=5297"}],"version-history":[{"count":19,"href":"https:\/\/kmkgrup.com.tr\/index.php\/wp-json\/wp\/v2\/pages\/5297\/revisions"}],"predecessor-version":[{"id":6138,"href":"https:\/\/kmkgrup.com.tr\/index.php\/wp-json\/wp\/v2\/pages\/5297\/revisions\/6138"}],"wp:attachment":[{"href":"https:\/\/kmkgrup.com.tr\/index.php\/wp-json\/wp\/v2\/media?parent=5297"}],"curies":[{"name":"wp","href":"https:\/\/api.w.org\/{rel}","templated":true}]}}