
{"id":5403,"date":"2022-02-25T22:47:18","date_gmt":"2022-02-25T19:47:18","guid":{"rendered":"https:\/\/kmkgrup.com.tr\/?page_id=5403"},"modified":"2026-01-03T11:56:35","modified_gmt":"2026-01-03T08:56:35","slug":"duru-mxl-hgs","status":"publish","type":"page","link":"https:\/\/kmkgrup.com.tr\/index.php\/duru-mxl-hgs\/","title":{"rendered":"DURU MXL HGS"},"content":{"rendered":"\t\t<div data-elementor-type=\"wp-page\" data-elementor-id=\"5403\" class=\"elementor elementor-5403\" data-elementor-settings=\"[]\">\n\t\t\t\t\t\t\t<div class=\"elementor-section-wrap\">\n\t\t\t\t\t\t\t<section class=\"elementor-section elementor-top-section elementor-element elementor-element-9542ea1 elementor-section-boxed elementor-section-height-default elementor-section-height-default\" data-id=\"9542ea1\" data-element_type=\"section\">\n\t\t\t\t\t\t<div class=\"elementor-container elementor-column-gap-default\">\n\t\t\t\t\t<div class=\"elementor-column elementor-col-100 elementor-top-column elementor-element elementor-element-a7661a9\" data-id=\"a7661a9\" data-element_type=\"column\">\n\t\t\t<div class=\"elementor-widget-wrap elementor-element-populated\">\n\t\t\t\t\t\t\t\t<div class=\"elementor-element elementor-element-c3e80dc elementor-widget elementor-widget-spacer\" data-id=\"c3e80dc\" data-element_type=\"widget\" data-widget_type=\"spacer.default\">\n\t\t\t\t<div class=\"elementor-widget-container\">\n\t\t\t\t\t<div class=\"elementor-spacer\">\n\t\t\t<div class=\"elementor-spacer-inner\"><\/div>\n\t\t<\/div>\n\t\t\t\t<\/div>\n\t\t\t\t<\/div>\n\t\t\t\t\t<\/div>\n\t\t<\/div>\n\t\t\t\t\t\t\t<\/div>\n\t\t<\/section>\n\t\t\t\t<section class=\"elementor-section elementor-top-section elementor-element elementor-element-0901ad5 elementor-section-boxed elementor-section-height-default elementor-section-height-default\" data-id=\"0901ad5\" data-element_type=\"section\">\n\t\t\t\t\t\t<div class=\"elementor-container elementor-column-gap-default\">\n\t\t\t\t\t<div class=\"elementor-column elementor-col-50 elementor-top-column elementor-element elementor-element-b108b3b\" data-id=\"b108b3b\" data-element_type=\"column\">\n\t\t\t<div class=\"elementor-widget-wrap elementor-element-populated\">\n\t\t\t\t\t\t\t\t<div class=\"elementor-element elementor-element-cdf13ce elementor-widget elementor-widget-image\" data-id=\"cdf13ce\" data-element_type=\"widget\" data-widget_type=\"image.default\">\n\t\t\t\t<div class=\"elementor-widget-container\">\n\t\t\t\t\t\t\t\t\t\t\t\t\t\t\t\t<a href=\"https:\/\/kmkgrup.com.tr\/wp-content\/uploads\/2022\/02\/duru-mxl-hgs.png\" data-elementor-open-lightbox=\"yes\" data-elementor-lightbox-title=\"duru-mxl-hgs\">\n\t\t\t\t\t\t\t<img loading=\"lazy\" decoding=\"async\" width=\"304\" height=\"241\" src=\"https:\/\/kmkgrup.com.tr\/wp-content\/uploads\/2022\/02\/duru-mxl-hgs.png\" class=\"attachment-large size-large\" alt=\"\" srcset=\"https:\/\/kmkgrup.com.tr\/wp-content\/uploads\/2022\/02\/duru-mxl-hgs.png 304w, https:\/\/kmkgrup.com.tr\/wp-content\/uploads\/2022\/02\/duru-mxl-hgs-300x238.png 300w, https:\/\/kmkgrup.com.tr\/wp-content\/uploads\/2022\/02\/duru-mxl-hgs-150x119.png 150w\" sizes=\"auto, (max-width: 304px) 100vw, 304px\" \/>\t\t\t\t\t\t\t\t<\/a>\n\t\t\t\t\t\t\t\t\t\t\t\t\t\t\t<\/div>\n\t\t\t\t<\/div>\n\t\t\t\t<div class=\"elementor-element elementor-element-0df4a74 elementor-widget elementor-widget-image-gallery\" data-id=\"0df4a74\" data-element_type=\"widget\" data-widget_type=\"image-gallery.default\">\n\t\t\t\t<div class=\"elementor-widget-container\">\n\t\t\t\t\t<div class=\"elementor-image-gallery\">\n\t\t\t<div id='gallery-1' class='gallery galleryid-5403 gallery-columns-2 gallery-size-shop_thumbnail'><figure class='gallery-item'>\n\t\t\t<div class='gallery-icon landscape'>\n\t\t\t\t<a data-elementor-open-lightbox=\"yes\" data-elementor-lightbox-slideshow=\"0df4a74\" data-elementor-lightbox-title=\"duru-mxl-hgs\" href='https:\/\/kmkgrup.com.tr\/wp-content\/uploads\/2022\/02\/duru-mxl-hgs.png'><img loading=\"lazy\" decoding=\"async\" width=\"150\" height=\"119\" src=\"https:\/\/kmkgrup.com.tr\/wp-content\/uploads\/2022\/02\/duru-mxl-hgs-150x119.png\" class=\"attachment-shop_thumbnail size-shop_thumbnail\" alt=\"\" srcset=\"https:\/\/kmkgrup.com.tr\/wp-content\/uploads\/2022\/02\/duru-mxl-hgs-150x119.png 150w, https:\/\/kmkgrup.com.tr\/wp-content\/uploads\/2022\/02\/duru-mxl-hgs-300x238.png 300w, https:\/\/kmkgrup.com.tr\/wp-content\/uploads\/2022\/02\/duru-mxl-hgs.png 304w\" sizes=\"auto, (max-width: 150px) 100vw, 150px\" \/><\/a>\n\t\t\t<\/div><\/figure><figure class='gallery-item'>\n\t\t\t<div class='gallery-icon landscape'>\n\t\t\t\t<a data-elementor-open-lightbox=\"yes\" data-elementor-lightbox-slideshow=\"0df4a74\" data-elementor-lightbox-title=\"ulv-duru-nozul-fis-depo-elcek-300x237\" href='https:\/\/kmkgrup.com.tr\/wp-content\/uploads\/2022\/02\/ulv-duru-nozul-fis-depo-elcek-300x237-4.jpeg'><img loading=\"lazy\" decoding=\"async\" width=\"150\" height=\"119\" src=\"https:\/\/kmkgrup.com.tr\/wp-content\/uploads\/2022\/02\/ulv-duru-nozul-fis-depo-elcek-300x237-4-150x119.jpeg\" class=\"attachment-shop_thumbnail size-shop_thumbnail\" alt=\"\" srcset=\"https:\/\/kmkgrup.com.tr\/wp-content\/uploads\/2022\/02\/ulv-duru-nozul-fis-depo-elcek-300x237-4-150x119.jpeg 150w, https:\/\/kmkgrup.com.tr\/wp-content\/uploads\/2022\/02\/ulv-duru-nozul-fis-depo-elcek-300x237-4.jpeg 300w\" sizes=\"auto, (max-width: 150px) 100vw, 150px\" \/><\/a>\n\t\t\t<\/div><\/figure>\n\t\t<\/div>\n\t\t<\/div>\n\t\t\t\t<\/div>\n\t\t\t\t<\/div>\n\t\t\t\t\t<\/div>\n\t\t<\/div>\n\t\t\t\t<div class=\"elementor-column elementor-col-50 elementor-top-column elementor-element elementor-element-8ce3193\" data-id=\"8ce3193\" data-element_type=\"column\">\n\t\t\t<div class=\"elementor-widget-wrap elementor-element-populated\">\n\t\t\t\t\t\t\t\t<div class=\"elementor-element elementor-element-7143efe elementor-widget elementor-widget-heading\" data-id=\"7143efe\" data-element_type=\"widget\" data-widget_type=\"heading.default\">\n\t\t\t\t<div class=\"elementor-widget-container\">\n\t\t\t<h2 class=\"elementor-heading-title elementor-size-default\">DURU MXL H\u0130GROSTATLI MENLEND\u0130RME MAK\u0130NASI<\/h2>\t\t<\/div>\n\t\t\t\t<\/div>\n\t\t\t\t<div class=\"elementor-element elementor-element-60242f3 elementor-widget elementor-widget-text-editor\" data-id=\"60242f3\" data-element_type=\"widget\" data-widget_type=\"text-editor.default\">\n\t\t\t\t<div class=\"elementor-widget-container\">\n\t\t\t\t\t\t\t<p>DURU MXL H\u0130GROSTATLI NEMLEND\u0130RME MAK\u0130NASI<\/p>\t\t\t\t\t\t<\/div>\n\t\t\t\t<\/div>\n\t\t\t\t<div class=\"elementor-element elementor-element-127ef60 elementor-widget elementor-widget-spacer\" data-id=\"127ef60\" data-element_type=\"widget\" data-widget_type=\"spacer.default\">\n\t\t\t\t<div class=\"elementor-widget-container\">\n\t\t\t\t\t<div class=\"elementor-spacer\">\n\t\t\t<div class=\"elementor-spacer-inner\"><\/div>\n\t\t<\/div>\n\t\t\t\t<\/div>\n\t\t\t\t<\/div>\n\t\t\t\t<div class=\"elementor-element elementor-element-19abadc elementor-aspect-ratio-169 elementor-widget elementor-widget-video\" data-id=\"19abadc\" data-element_type=\"widget\" data-settings=\"{&quot;youtube_url&quot;:&quot;https:\\\/\\\/youtu.be\\\/a1QFyVeSoOg&quot;,&quot;video_type&quot;:&quot;youtube&quot;,&quot;controls&quot;:&quot;yes&quot;,&quot;aspect_ratio&quot;:&quot;169&quot;}\" data-widget_type=\"video.default\">\n\t\t\t\t<div class=\"elementor-widget-container\">\n\t\t\t\t\t<div class=\"elementor-wrapper elementor-fit-aspect-ratio elementor-open-inline\">\n\t\t\t<div class=\"elementor-video\"><\/div>\t\t<\/div>\n\t\t\t\t<\/div>\n\t\t\t\t<\/div>\n\t\t\t\t\t<\/div>\n\t\t<\/div>\n\t\t\t\t\t\t\t<\/div>\n\t\t<\/section>\n\t\t\t\t<section class=\"elementor-section elementor-top-section elementor-element elementor-element-6774060 elementor-section-boxed elementor-section-height-default elementor-section-height-default\" data-id=\"6774060\" data-element_type=\"section\">\n\t\t\t\t\t\t<div class=\"elementor-container elementor-column-gap-default\">\n\t\t\t\t\t<div class=\"elementor-column elementor-col-100 elementor-top-column elementor-element elementor-element-28e3fa1\" data-id=\"28e3fa1\" data-element_type=\"column\">\n\t\t\t<div class=\"elementor-widget-wrap elementor-element-populated\">\n\t\t\t\t\t\t\t\t<div class=\"elementor-element elementor-element-eb26fb4 elementor-tabs-view-horizontal elementor-widget elementor-widget-tabs\" data-id=\"eb26fb4\" data-element_type=\"widget\" data-widget_type=\"tabs.default\">\n\t\t\t\t<div class=\"elementor-widget-container\">\n\t\t\t\t\t<div class=\"elementor-tabs\">\n\t\t\t<div class=\"elementor-tabs-wrapper\" role=\"tablist\" >\n\t\t\t\t\t\t\t\t\t<div id=\"elementor-tab-title-2461\" class=\"elementor-tab-title elementor-tab-desktop-title\" aria-selected=\"true\" data-tab=\"1\" role=\"tab\" tabindex=\"0\" aria-controls=\"elementor-tab-content-2461\" aria-expanded=\"false\">TEKN\u0130K DETAYLAR<\/div>\n\t\t\t\t\t\t\t\t\t<div id=\"elementor-tab-title-2462\" class=\"elementor-tab-title elementor-tab-desktop-title\" aria-selected=\"false\" data-tab=\"2\" role=\"tab\" tabindex=\"-1\" aria-controls=\"elementor-tab-content-2462\" aria-expanded=\"false\">A\u00c7IKLAMA<\/div>\n\t\t\t\t\t\t\t\t\t<div id=\"elementor-tab-title-2463\" class=\"elementor-tab-title elementor-tab-desktop-title\" aria-selected=\"false\" data-tab=\"3\" role=\"tab\" tabindex=\"-1\" aria-controls=\"elementor-tab-content-2463\" aria-expanded=\"false\">SATI\u015e SONRASI<\/div>\n\t\t\t\t\t\t\t\t\t<div id=\"elementor-tab-title-2464\" class=\"elementor-tab-title elementor-tab-desktop-title\" aria-selected=\"false\" data-tab=\"4\" role=\"tab\" tabindex=\"-1\" aria-controls=\"elementor-tab-content-2464\" aria-expanded=\"false\">\u0130LET\u0130\u015e\u0130M FORMU<\/div>\n\t\t\t\t\t\t\t<\/div>\n\t\t\t<div class=\"elementor-tabs-content-wrapper\" role=\"tablist\" aria-orientation=\"vertical\">\n\t\t\t\t\t\t\t\t\t<div class=\"elementor-tab-title elementor-tab-mobile-title\" aria-selected=\"true\" data-tab=\"1\" role=\"tab\" tabindex=\"0\" aria-controls=\"elementor-tab-content-2461\" aria-expanded=\"false\">TEKN\u0130K DETAYLAR<\/div>\n\t\t\t\t\t<div id=\"elementor-tab-content-2461\" class=\"elementor-tab-content elementor-clearfix\" data-tab=\"1\" role=\"tabpanel\" aria-labelledby=\"elementor-tab-title-2461\" tabindex=\"0\" hidden=\"false\"><table><tbody><tr><td><p><strong><b>Motor<\/b><\/strong><\/p><\/td><td><p>2200w \u00a0220V AC, 50hz<\/p><\/td><\/tr><tr><td><p><strong><b>\u0130la\u00e7 Tank Kapasitesi<\/b><\/strong><\/p><\/td><td><p>5 Litre<\/p><\/td><\/tr><tr><td><p><strong><b>\u0130la\u00e7 \u00c7\u0131k\u0131\u015f Debisi<\/b><\/strong><\/p><\/td><td><p>0-49 l\/h<\/p><\/td><\/tr><tr><td><p><strong><b>\u0130la\u00e7 Damla \u00c7ap\u0131<\/b><\/strong><\/p><\/td><td><p>0-49 micron<\/p><\/td><\/tr><tr><td><p><strong><b>Sol\u00fcsyon\u00a0<\/b><\/strong>\u00a0\u00a0\u00a0\u00a0\u00a0\u00a0\u00a0\u00a0\u00a0\u00a0\u00a0\u00a0\u00a0\u00a0\u00a0\u00a0\u00a0\u00a0<\/p><\/td><td><p>sc ,ec,wp<\/p><\/td><\/tr><tr><td><p><strong><b>Kg<\/b><\/strong><\/p><\/td><td><p>4.6 kg<\/p><\/td><\/tr><tr><td><p><strong><b>\u00d6l\u00e7\u00fcler<\/b><\/strong><\/p><\/td><td><p>E-20\u00a0 B-125 Y-45<\/p><\/td><\/tr><\/tbody><\/table><p>\u00a0<\/p><\/div>\n\t\t\t\t\t\t\t\t\t<div class=\"elementor-tab-title elementor-tab-mobile-title\" aria-selected=\"false\" data-tab=\"2\" role=\"tab\" tabindex=\"-1\" aria-controls=\"elementor-tab-content-2462\" aria-expanded=\"false\">A\u00c7IKLAMA<\/div>\n\t\t\t\t\t<div id=\"elementor-tab-content-2462\" class=\"elementor-tab-content elementor-clearfix\" data-tab=\"2\" role=\"tabpanel\" aria-labelledby=\"elementor-tab-title-2462\" tabindex=\"0\" hidden=\"hidden\"><p><strong><b>T\u00dcRK\u0130YE NEDEN DURU NEM MAK\u0130NALARINI TERC\u0130H ED\u0130YOR !!<\/b><\/strong><\/p><p>Mantar odas\u0131nda tek bir noktadan 25 m2 den 250 m2\u2032 ye kadar mantar sera odan\u0131z\u0131 homojen \u015fekilde nemlendirir.<\/p><p>Cihaz\u0131n\u0131z CE belgeli olup elektrik ka\u00e7a\u011f\u0131 yada erezyon yapmaz .<\/p><p>T\u00fcrkiyenin en UZUN U.L.V compolimer plastik ba\u015fl\u0131\u011f\u0131 ile g\u00fc\u00e7l\u00fc bas\u0131n\u00e7 sa\u011flar.<\/p><p>Cihaz\u0131n\u0131z\u0131 \u015febeke suyuna ba\u011flayabilir yada cihaz deposundan kullanabilirsiniz.<\/p><p>\u015eamand\u0131ra giri\u015finde \u00f6zel filitre aksam\u0131 ile mantarhanenizi temiz su ile nemlendirebilirsiniz .<\/p><p>\u00d6zel atamiz\u00f6r sistemi ile U.L.V de en ince p\u00fcsk\u00fcrtme sistemine mevcutttur.<\/p><p>Gerekli zamanlarda ila\u00e7lama ya da dezenfeksiyon cihaz\u0131 olarak kullanabilirsiniz.<\/p><p>Nem kontrol\u00fcn\u00fc ( higrostatl\u0131 yada zaman saatli ) olarak talep edebilirsiniz.<\/p><p>Cihaz\u0131n\u0131z Elektro statik d\u0131\u015f \u00e7ephe dayan\u0131kl\u0131 boyal\u0131d\u0131r paslanma yapmaz.<\/p><p>2 y\u0131l garantilidir.<\/p><p><strong><b>MANTAR SERASI NEMLEND\u0130RME VE B\u0130LG\u0130LEND\u0130RME !!<\/b><\/strong><\/p><p>Duru mantarhane nemlendirme cihazlar\u0131 \u015famand\u0131ral\u0131d\u0131r . Cikaz\u0131n\u0131z ile Nemlendirme yaparken cihaz\u0131n deposuna s\u00fcrekli su doldurman\u0131za gerek yoktur. \u00c7e\u015fmeye ba\u011fl\u0131yaca\u011f\u0131n\u0131z hortumun di\u011fer ucunu Duru nemlendirme cihaz\u0131n\u0131za ba\u011flaman\u0131z yeterli olacakt\u0131r.Nemlendirme yaparken eksilen su otomotik olarak kendisini dolduracakt\u0131r.<\/p><p>DURU mantar nemlendirme cihaz\u0131n\u0131zda \u00d6zel filitrasyon sistemi mevcuttur. Suda olu\u015fabilecek kire\u00e7 veya bakterileri temizleyerek mantar odas\u0131n\u0131 ar\u0131nd\u0131r\u0131lm\u0131\u015f temizlenmi\u015f pak su ile nemlendirilmek \u00fczere tasarlanm\u0131\u015ft\u0131r.<\/p><p>DURU Mantarhane cihaz\u0131n\u0131z\u0131 ister nem sens\u00f6rl\u00fc tam otomosyonlu istersenizde timer zaman saati ile yar\u0131m otomosyonlu olarak kullanabilirsiniz. neme ve zamana g\u00f6re cihaz\u0131n\u0131z otomotik olarak \u00e7al\u0131\u015f\u0131r.Mantarhanede nemlendirme yapaca\u011f\u0131m diye beklemenize gerek kalm\u0131yacakt\u0131r.<\/p><p>\u0130nce p\u00fcsk\u00fcrtme tekni\u011fi ile \u00fcretilen Duru nem makinas\u0131 mantarhanenizde ayn\u0131 yaylada olu\u015fan sis bulutunu olu\u015fturarak mantar\u0131n\u0131z\u0131n en \u00e7ok ihtiya\u00e7 duydu\u011fu nemi do\u011fal olarak mantarhanenizde olu\u015fturarak mantar\u0131n\u0131z\u0131n b\u00fcy\u00fcy\u00fcp geli\u015fmesini sa\u011flayacakt\u0131r.<\/p><p>Duru nem makinalar\u0131n\u0131n sipari\u015fini saat 8.30 \u2013 16.00 saatleri i\u00e7erisinde m\u00fc\u015fteri temsilcimize verirseniz ayn\u0131 g\u00fcn kargoya verilir. Aksi takdirde sipari\u015finiz ertesi g\u00fcne g\u00f6nderilir.<\/p><p>DURU nemlendirme makinalar\u0131n\u0131n Aras kargo \u015firketiyle antla\u015fmal\u0131 olup kap\u0131da nakit \u00f6deme yaparak \u00fcr\u00fcn\u00fcn\u00fcz\u00fc teslim alabilirsiniz .<\/p><p>DURU nem makinalar\u0131 \u00fcretim hatalar\u0131na kar\u015f\u0131 2 y\u0131l garantili olup 15 y\u0131lda par\u00e7a temini sa\u011flamaktad\u0131r.<br \/>Nemlendirme Kullan\u0131m Alanlar\u0131<\/p><p><strong><b>SO\u011eUK HAVA DEPOLARI \u2013 FIRIN HAMUR D\u0130NLENME ODALARI \u2013 TAVUK \u00c7\u0130FTL\u0130\u011e\u0130 \u0130LA\u00c7LAMA NEMLEND\u0130RME -BOYA LABARTUVARI NEMLEND\u0130RME<\/b><\/strong><\/p><p>Sat\u0131\u015f sonras\u0131 verilen hizmet a\u011f\u0131ylada mantarc\u0131 karde\u015flerimizin hakl\u0131 takdirini kazanan DURU nemlendirme makinalar\u0131n\u0131 0532 065 9117 ileti\u015fim hatt\u0131ndan 09.00 \u2013 22.00 saatleri aras\u0131nda sipari\u015f ve bilgilendirme i\u00e7in arayabilirsiniz.<\/p><p><strong><b>Neden U.L.V ?\u00a0<\/b><\/strong><\/p><p>U.L.V. (Ultra Low Volume) son derece ince p\u00fcsk\u00fcrtme tekni\u011fi ile olu\u015fturulan aerosol sisidir. Ha\u015fereleri yok etmede en az etken madde ile en \u00fcst\u00fcn, kal\u0131c\u0131, etkili, ger\u00e7ek\u00e7i ve en ekonomik m\u00fccadeleyi sa\u011flar. U.L.V. tekni\u011fi ile olu\u015fan zerrecikler u\u00e7an ve y\u00fcr\u00fcyen ha\u015fereleri an\u0131nda etkiler, h\u0131zla yok eder ve \u00e7ok uzun s\u00fcre etki g\u00fcc\u00fcn\u00fc s\u00fcrd\u00fcr\u00fcr U.L.V. (so\u011fuk sisleme) ile ama\u00e7, ila\u00e7l\u0131 suyu (sol\u00fcsyon) havada uzun s\u00fcre kalacak \u015fekilde partik\u00fcllere b\u00f6lerek hava ile temas s\u00fcresini uzat\u0131p ila\u00e7lamada kesin sonuca gitmektir.<\/p><p>Alan spreylemesinin temeli, \u00e7ok fazla miktarda k\u00fc\u00e7\u00fck insektisit damlac\u0131klar\u0131 \u00fcretmek \u00fczerine kurulmu\u015ftur. Bu damlac\u0131klar ha\u015fere ile u\u00e7ma faaliyeti esnas\u0131nda temasa ge\u00e7ti\u011finde, \u00f6ld\u00fcr\u00fcc\u00fc insektisit bulutu olu\u015fturan ve sis g\u00f6r\u00fcnt\u00fcs\u00fc veren bir alan spreyleme y\u00f6ntemi olan termal sisteminin yerini g\u00fcn\u00fcm\u00fczde U.L.V. (Ultra Low Volume) y\u00f6ntemi alm\u0131\u015ft\u0131r.<\/p><\/div>\n\t\t\t\t\t\t\t\t\t<div class=\"elementor-tab-title elementor-tab-mobile-title\" aria-selected=\"false\" data-tab=\"3\" role=\"tab\" tabindex=\"-1\" aria-controls=\"elementor-tab-content-2463\" aria-expanded=\"false\">SATI\u015e SONRASI<\/div>\n\t\t\t\t\t<div id=\"elementor-tab-content-2463\" class=\"elementor-tab-content elementor-clearfix\" data-tab=\"3\" role=\"tabpanel\" aria-labelledby=\"elementor-tab-title-2463\" tabindex=\"0\" hidden=\"hidden\"><p><strong>Ara\u00e7 \u00dcst\u00fc \u0130la\u00e7lama Makinas\u0131 Al\u0131rken !!<\/strong><\/p><p>ULV ila\u00e7lama makinas\u0131 se\u00e7erken baz\u0131 kriterlerin g\u00f6zden ge\u00e7irilmesinde mutlaka fayda olacakt\u0131r. Bu nedenle ULV cihaz\u0131 almadan \u00f6nce mutlaka M\u00fc\u015fteri temsilcimizle ileti\u015fime ge\u00e7iniz .<\/p><p><strong>SATI\u015e SONRASI DESTEK<\/strong><\/p><p>Sat\u0131\u015f Sonras\u0131 Hizmetimizden faydalanmak i\u00e7in a\u015fa\u011f\u0131daki teknik servis numaram\u0131zdan<br \/>Ar\u0131zal\u0131 veya hasar g\u00f6ren ULV ila\u00e7lama makineleriniz i\u00e7in 7\/24 \u00a0ileti\u015fim kurabilirsiniz<\/p><p><strong>Sat\u0131\u015f Sonras\u0131 Hizmet \u2013 Teknik Servis<\/strong><\/p><ul><li>G\u00f6r\u00fcnt\u00fcl\u00fc konu\u015fma ile uzaktan \u00e7al\u0131\u015ft\u0131rma talimat\u0131 ve teknik yard\u0131m hatt\u0131.<\/li><li>\u0130htiyac\u0131n\u0131z olan yedek par\u00e7an\u0131n kod numaras\u0131n\u0131 bilmiyorsan\u0131z resmini \u00e7ekip bu hat \u00fczerinden g\u00f6nderebilirsiniz.<\/li><li>Uzmanl\u0131k gerektiren ar\u0131za tespiti veya teknik bilgimize dan\u0131\u015fmak i\u00e7in 7\/24\u00a0 ileti\u015fim kurabilirsiniz.<\/li><\/ul><\/div>\n\t\t\t\t\t\t\t\t\t<div class=\"elementor-tab-title elementor-tab-mobile-title\" aria-selected=\"false\" data-tab=\"4\" role=\"tab\" tabindex=\"-1\" aria-controls=\"elementor-tab-content-2464\" aria-expanded=\"false\">\u0130LET\u0130\u015e\u0130M FORMU<\/div>\n\t\t\t\t\t<div id=\"elementor-tab-content-2464\" class=\"elementor-tab-content elementor-clearfix\" data-tab=\"4\" role=\"tabpanel\" aria-labelledby=\"elementor-tab-title-2464\" tabindex=\"0\" hidden=\"hidden\"><p><div class=\"wpforms-container wpforms-container-full\" id=\"wpforms-5223\"><form id=\"wpforms-form-5223\" class=\"wpforms-validate wpforms-form wpforms-ajax-form\" data-formid=\"5223\" method=\"post\" enctype=\"multipart\/form-data\" action=\"\/index.php\/wp-json\/wp\/v2\/pages\/5403\" data-token=\"621f802a4275b3cb1e0b76142bf39763\"><noscript class=\"wpforms-error-noscript\">Please enable JavaScript in your browser to complete this form.<\/noscript><div class=\"wpforms-field-container\"><div id=\"wpforms-5223-field_0-container\" class=\"wpforms-field wpforms-field-name\" data-field-id=\"0\"><label class=\"wpforms-field-label\" for=\"wpforms-5223-field_0\">Ad\u0131n\u0131z &#8211; Soyad\u0131n\u0131z <span class=\"wpforms-required-label\">*<\/span><\/label><div class=\"wpforms-field-row wpforms-field-medium\"><div class=\"wpforms-field-row-block wpforms-first wpforms-one-half\"><input type=\"text\" id=\"wpforms-5223-field_0\" class=\"wpforms-field-name-first wpforms-field-required\" name=\"wpforms[fields][0][first]\" required><label for=\"wpforms-5223-field_0\" class=\"wpforms-field-sublabel after \">First<\/label><\/div><div class=\"wpforms-field-row-block wpforms-one-half\"><input type=\"text\" id=\"wpforms-5223-field_0-last\" class=\"wpforms-field-name-last wpforms-field-required\" name=\"wpforms[fields][0][last]\" required><label for=\"wpforms-5223-field_0-last\" class=\"wpforms-field-sublabel after \">Last<\/label><\/div><\/div><\/div><div id=\"wpforms-5223-field_1-container\" class=\"wpforms-field wpforms-field-email\" data-field-id=\"1\"><label class=\"wpforms-field-label\" for=\"wpforms-5223-field_1\">E-mail Adresiniz <span class=\"wpforms-required-label\">*<\/span><\/label><input type=\"email\" id=\"wpforms-5223-field_1\" class=\"wpforms-field-medium wpforms-field-required\" name=\"wpforms[fields][1]\" required><\/div><div id=\"wpforms-5223-field_3-container\" class=\"wpforms-field wpforms-field-number\" data-field-id=\"3\"><label class=\"wpforms-field-label\" for=\"wpforms-5223-field_3\">Telefon Numaran\u0131z<\/label><input type=\"number\" pattern=\"\\d*\" id=\"wpforms-5223-field_3\" class=\"wpforms-field-medium\" name=\"wpforms[fields][3]\" ><div class=\"wpforms-field-description\">Sizinle ileti\u015fim kurabilmemiz i\u00e7in gerekmektedir.<\/div><\/div><div id=\"wpforms-5223-field_2-container\" class=\"wpforms-field wpforms-field-textarea\" data-field-id=\"2\"><label class=\"wpforms-field-label\" for=\"wpforms-5223-field_2\">Mesaj\u0131n\u0131z <span class=\"wpforms-required-label\">*<\/span><\/label><textarea id=\"wpforms-5223-field_2\" class=\"wpforms-field-medium wpforms-field-required\" name=\"wpforms[fields][2]\" required><\/textarea><\/div><\/div><div class=\"wpforms-submit-container\"><input type=\"hidden\" name=\"wpforms[id]\" value=\"5223\"><input type=\"hidden\" name=\"wpforms[author]\" value=\"1\"><button type=\"submit\" name=\"wpforms[submit]\" id=\"wpforms-submit-5223\" class=\"wpforms-submit\" data-alt-text=\"G\u00f6nderiliyor...\" data-submit-text=\"G\u00f6nder\" aria-live=\"assertive\" value=\"wpforms-submit\">G\u00f6nder<\/button><img loading=\"lazy\" decoding=\"async\" src=\"https:\/\/kmkgrup.com.tr\/wp-content\/plugins\/wpforms-lite\/assets\/images\/submit-spin.svg\" class=\"wpforms-submit-spinner\" style=\"display: none;\" width=\"26\" height=\"26\" alt=\"\"><\/div><\/form><\/div>  <!-- .wpforms-container --><\/p><\/div>\n\t\t\t\t\t\t\t<\/div>\n\t\t<\/div>\n\t\t\t\t<\/div>\n\t\t\t\t<\/div>\n\t\t\t\t\t<\/div>\n\t\t<\/div>\n\t\t\t\t\t\t\t<\/div>\n\t\t<\/section>\n\t\t\t\t<section class=\"elementor-section elementor-top-section elementor-element elementor-element-a62f7ae elementor-section-boxed elementor-section-height-default elementor-section-height-default\" data-id=\"a62f7ae\" data-element_type=\"section\">\n\t\t\t\t\t\t<div class=\"elementor-container elementor-column-gap-default\">\n\t\t\t\t\t<div class=\"elementor-column elementor-col-100 elementor-top-column elementor-element elementor-element-e97dcae\" data-id=\"e97dcae\" data-element_type=\"column\">\n\t\t\t<div class=\"elementor-widget-wrap elementor-element-populated\">\n\t\t\t\t\t\t\t\t<div class=\"elementor-element elementor-element-97e8f92 elementor-widget elementor-widget-spacer\" data-id=\"97e8f92\" data-element_type=\"widget\" data-widget_type=\"spacer.default\">\n\t\t\t\t<div class=\"elementor-widget-container\">\n\t\t\t\t\t<div class=\"elementor-spacer\">\n\t\t\t<div class=\"elementor-spacer-inner\"><\/div>\n\t\t<\/div>\n\t\t\t\t<\/div>\n\t\t\t\t<\/div>\n\t\t\t\t\t<\/div>\n\t\t<\/div>\n\t\t\t\t\t\t\t<\/div>\n\t\t<\/section>\n\t\t\t\t\t\t<\/div>\n\t\t\t\t\t<\/div>\n\t\t","protected":false},"excerpt":{"rendered":"<p>DURU MXL H\u0130GROSTATLI MENLEND\u0130RME MAK\u0130NASI DURU MXL H\u0130GROSTATLI NEMLEND\u0130RME MAK\u0130NASI TEKN\u0130K DETAYLAR A\u00c7IKLAMA SATI\u015e SONRASI \u0130LET\u0130\u015e\u0130M FORMU TEKN\u0130K DETAYLAR Motor 2200w \u00a0220V AC, 50hz \u0130la\u00e7 Tank Kapasitesi 5 Litre \u0130la\u00e7 \u00c7\u0131k\u0131\u015f Debisi 0-49 l\/h \u0130la\u00e7 Damla \u00c7ap\u0131 0-49 micron Sol\u00fcsyon\u00a0\u00a0\u00a0\u00a0\u00a0\u00a0\u00a0\u00a0\u00a0\u00a0\u00a0\u00a0\u00a0\u00a0\u00a0\u00a0\u00a0\u00a0\u00a0 sc ,ec,wp Kg 4.6 kg \u00d6l\u00e7\u00fcler E-20\u00a0 B-125 Y-45 \u00a0 A\u00c7IKLAMA T\u00dcRK\u0130YE NEDEN DURU NEM[&#8230;]<\/p>\n","protected":false},"author":1,"featured_media":0,"parent":0,"menu_order":0,"comment_status":"closed","ping_status":"closed","template":"elementor_header_footer","meta":{"inline_featured_image":false,"footnotes":""},"class_list":["post-5403","page","type-page","status-publish","hentry"],"_links":{"self":[{"href":"https:\/\/kmkgrup.com.tr\/index.php\/wp-json\/wp\/v2\/pages\/5403","targetHints":{"allow":["GET"]}}],"collection":[{"href":"https:\/\/kmkgrup.com.tr\/index.php\/wp-json\/wp\/v2\/pages"}],"about":[{"href":"https:\/\/kmkgrup.com.tr\/index.php\/wp-json\/wp\/v2\/types\/page"}],"author":[{"embeddable":true,"href":"https:\/\/kmkgrup.com.tr\/index.php\/wp-json\/wp\/v2\/users\/1"}],"replies":[{"embeddable":true,"href":"https:\/\/kmkgrup.com.tr\/index.php\/wp-json\/wp\/v2\/comments?post=5403"}],"version-history":[{"count":22,"href":"https:\/\/kmkgrup.com.tr\/index.php\/wp-json\/wp\/v2\/pages\/5403\/revisions"}],"predecessor-version":[{"id":6172,"href":"https:\/\/kmkgrup.com.tr\/index.php\/wp-json\/wp\/v2\/pages\/5403\/revisions\/6172"}],"wp:attachment":[{"href":"https:\/\/kmkgrup.com.tr\/index.php\/wp-json\/wp\/v2\/media?parent=5403"}],"curies":[{"name":"wp","href":"https:\/\/api.w.org\/{rel}","templated":true}]}}