
{"id":5430,"date":"2022-02-25T23:05:41","date_gmt":"2022-02-25T20:05:41","guid":{"rendered":"https:\/\/kmkgrup.com.tr\/?page_id=5430"},"modified":"2026-01-03T12:04:56","modified_gmt":"2026-01-03T09:04:56","slug":"duru-sera-max-50","status":"publish","type":"page","link":"https:\/\/kmkgrup.com.tr\/index.php\/duru-sera-max-50\/","title":{"rendered":"DURU SERA MAX 50"},"content":{"rendered":"\t\t<div data-elementor-type=\"wp-page\" data-elementor-id=\"5430\" class=\"elementor elementor-5430\" data-elementor-settings=\"[]\">\n\t\t\t\t\t\t\t<div class=\"elementor-section-wrap\">\n\t\t\t\t\t\t\t<section class=\"elementor-section elementor-top-section elementor-element elementor-element-fcebfcb elementor-section-boxed elementor-section-height-default elementor-section-height-default\" data-id=\"fcebfcb\" data-element_type=\"section\">\n\t\t\t\t\t\t<div class=\"elementor-container elementor-column-gap-default\">\n\t\t\t\t\t<div class=\"elementor-column elementor-col-100 elementor-top-column elementor-element elementor-element-88e829d\" data-id=\"88e829d\" data-element_type=\"column\">\n\t\t\t<div class=\"elementor-widget-wrap elementor-element-populated\">\n\t\t\t\t\t\t\t\t<div class=\"elementor-element elementor-element-546542d elementor-widget elementor-widget-spacer\" data-id=\"546542d\" data-element_type=\"widget\" data-widget_type=\"spacer.default\">\n\t\t\t\t<div class=\"elementor-widget-container\">\n\t\t\t\t\t<div class=\"elementor-spacer\">\n\t\t\t<div class=\"elementor-spacer-inner\"><\/div>\n\t\t<\/div>\n\t\t\t\t<\/div>\n\t\t\t\t<\/div>\n\t\t\t\t\t<\/div>\n\t\t<\/div>\n\t\t\t\t\t\t\t<\/div>\n\t\t<\/section>\n\t\t\t\t<section class=\"elementor-section elementor-top-section elementor-element elementor-element-46c68b9 elementor-section-boxed elementor-section-height-default elementor-section-height-default\" data-id=\"46c68b9\" data-element_type=\"section\">\n\t\t\t\t\t\t<div class=\"elementor-container elementor-column-gap-default\">\n\t\t\t\t\t<div class=\"elementor-column elementor-col-50 elementor-top-column elementor-element elementor-element-309e7b5\" data-id=\"309e7b5\" data-element_type=\"column\">\n\t\t\t<div class=\"elementor-widget-wrap elementor-element-populated\">\n\t\t\t\t\t\t\t\t<div class=\"elementor-element elementor-element-7f804e1 elementor-widget elementor-widget-image\" data-id=\"7f804e1\" data-element_type=\"widget\" data-widget_type=\"image.default\">\n\t\t\t\t<div class=\"elementor-widget-container\">\n\t\t\t\t\t\t\t\t\t\t\t\t\t\t\t\t<a href=\"https:\/\/kmkgrup.com.tr\/wp-content\/uploads\/2022\/02\/sera-max-50-242x300-1.jpg\" data-elementor-open-lightbox=\"yes\" data-elementor-lightbox-title=\"sera-max-50-242x300\">\n\t\t\t\t\t\t\t<img loading=\"lazy\" decoding=\"async\" width=\"242\" height=\"300\" src=\"https:\/\/kmkgrup.com.tr\/wp-content\/uploads\/2022\/02\/sera-max-50-242x300-1.jpg\" class=\"attachment-large size-large\" alt=\"\" srcset=\"https:\/\/kmkgrup.com.tr\/wp-content\/uploads\/2022\/02\/sera-max-50-242x300-1.jpg 242w, https:\/\/kmkgrup.com.tr\/wp-content\/uploads\/2022\/02\/sera-max-50-242x300-1-121x150.jpg 121w\" sizes=\"auto, (max-width: 242px) 100vw, 242px\" \/>\t\t\t\t\t\t\t\t<\/a>\n\t\t\t\t\t\t\t\t\t\t\t\t\t\t\t<\/div>\n\t\t\t\t<\/div>\n\t\t\t\t<section class=\"elementor-section elementor-inner-section elementor-element elementor-element-095c948 elementor-section-boxed elementor-section-height-default elementor-section-height-default\" data-id=\"095c948\" data-element_type=\"section\">\n\t\t\t\t\t\t<div class=\"elementor-container elementor-column-gap-default\">\n\t\t\t\t\t<div class=\"elementor-column elementor-col-100 elementor-inner-column elementor-element elementor-element-77fd8c0\" data-id=\"77fd8c0\" data-element_type=\"column\">\n\t\t\t<div class=\"elementor-widget-wrap elementor-element-populated\">\n\t\t\t\t\t\t\t\t<div class=\"elementor-element elementor-element-fd8b8d0 elementor-widget elementor-widget-image-gallery\" data-id=\"fd8b8d0\" data-element_type=\"widget\" data-widget_type=\"image-gallery.default\">\n\t\t\t\t<div class=\"elementor-widget-container\">\n\t\t\t\t\t<div class=\"elementor-image-gallery\">\n\t\t\t<div id='gallery-1' class='gallery galleryid-5430 gallery-columns-2 gallery-size-shop_thumbnail'><figure class='gallery-item'>\n\t\t\t<div class='gallery-icon portrait'>\n\t\t\t\t<a data-elementor-open-lightbox=\"yes\" data-elementor-lightbox-slideshow=\"fd8b8d0\" data-elementor-lightbox-title=\"sera-max-50-242x300\" href='https:\/\/kmkgrup.com.tr\/wp-content\/uploads\/2022\/02\/sera-max-50-242x300-1.jpg'><img loading=\"lazy\" decoding=\"async\" width=\"121\" height=\"150\" src=\"https:\/\/kmkgrup.com.tr\/wp-content\/uploads\/2022\/02\/sera-max-50-242x300-1-121x150.jpg\" class=\"attachment-shop_thumbnail size-shop_thumbnail\" alt=\"\" srcset=\"https:\/\/kmkgrup.com.tr\/wp-content\/uploads\/2022\/02\/sera-max-50-242x300-1-121x150.jpg 121w, https:\/\/kmkgrup.com.tr\/wp-content\/uploads\/2022\/02\/sera-max-50-242x300-1.jpg 242w\" sizes=\"auto, (max-width: 121px) 100vw, 121px\" \/><\/a>\n\t\t\t<\/div><\/figure><figure class='gallery-item'>\n\t\t\t<div class='gallery-icon landscape'>\n\t\t\t\t<a data-elementor-open-lightbox=\"yes\" data-elementor-lightbox-slideshow=\"fd8b8d0\" data-elementor-lightbox-title=\"0b759cc6-1c83-45ca-9fca-17f952697fe0-300x200\" href='https:\/\/kmkgrup.com.tr\/wp-content\/uploads\/2022\/02\/0b759cc6-1c83-45ca-9fca-17f952697fe0-300x200-1.jpg'><img loading=\"lazy\" decoding=\"async\" width=\"150\" height=\"100\" src=\"https:\/\/kmkgrup.com.tr\/wp-content\/uploads\/2022\/02\/0b759cc6-1c83-45ca-9fca-17f952697fe0-300x200-1-150x100.jpg\" class=\"attachment-shop_thumbnail size-shop_thumbnail\" alt=\"\" srcset=\"https:\/\/kmkgrup.com.tr\/wp-content\/uploads\/2022\/02\/0b759cc6-1c83-45ca-9fca-17f952697fe0-300x200-1-150x100.jpg 150w, https:\/\/kmkgrup.com.tr\/wp-content\/uploads\/2022\/02\/0b759cc6-1c83-45ca-9fca-17f952697fe0-300x200-1.jpg 300w\" sizes=\"auto, (max-width: 150px) 100vw, 150px\" \/><\/a>\n\t\t\t<\/div><\/figure>\n\t\t<\/div>\n\t\t<\/div>\n\t\t\t\t<\/div>\n\t\t\t\t<\/div>\n\t\t\t\t\t<\/div>\n\t\t<\/div>\n\t\t\t\t\t\t\t<\/div>\n\t\t<\/section>\n\t\t\t\t\t<\/div>\n\t\t<\/div>\n\t\t\t\t<div class=\"elementor-column elementor-col-50 elementor-top-column elementor-element elementor-element-ca82b28\" data-id=\"ca82b28\" data-element_type=\"column\">\n\t\t\t<div class=\"elementor-widget-wrap elementor-element-populated\">\n\t\t\t\t\t\t\t\t<div class=\"elementor-element elementor-element-1431624 elementor-widget elementor-widget-heading\" data-id=\"1431624\" data-element_type=\"widget\" data-widget_type=\"heading.default\">\n\t\t\t\t<div class=\"elementor-widget-container\">\n\t\t\t<h2 class=\"elementor-heading-title elementor-size-default\">DURU SERA MAX 50 \u0130LA\u00c7LAMA MAK\u0130NASI<\/h2>\t\t<\/div>\n\t\t\t\t<\/div>\n\t\t\t\t<div class=\"elementor-element elementor-element-a11d35c elementor-widget elementor-widget-text-editor\" data-id=\"a11d35c\" data-element_type=\"widget\" data-widget_type=\"text-editor.default\">\n\t\t\t\t<div class=\"elementor-widget-container\">\n\t\t\t\t\t\t\t<p>DURU SERA MAX 50 EL T\u0130P\u0130 DEZENFEKS\u0130YON VE \u0130LA\u00c7LAMA MAK\u0130NASI<\/p>\t\t\t\t\t\t<\/div>\n\t\t\t\t<\/div>\n\t\t\t\t<div class=\"elementor-element elementor-element-4df8484 elementor-widget elementor-widget-spacer\" data-id=\"4df8484\" data-element_type=\"widget\" data-widget_type=\"spacer.default\">\n\t\t\t\t<div class=\"elementor-widget-container\">\n\t\t\t\t\t<div class=\"elementor-spacer\">\n\t\t\t<div class=\"elementor-spacer-inner\"><\/div>\n\t\t<\/div>\n\t\t\t\t<\/div>\n\t\t\t\t<\/div>\n\t\t\t\t<div class=\"elementor-element elementor-element-f6f0276 elementor-aspect-ratio-169 elementor-widget elementor-widget-video\" data-id=\"f6f0276\" data-element_type=\"widget\" data-settings=\"{&quot;youtube_url&quot;:&quot;https:\\\/\\\/youtu.be\\\/TvRUrVnRKWQ&quot;,&quot;video_type&quot;:&quot;youtube&quot;,&quot;controls&quot;:&quot;yes&quot;,&quot;aspect_ratio&quot;:&quot;169&quot;}\" data-widget_type=\"video.default\">\n\t\t\t\t<div class=\"elementor-widget-container\">\n\t\t\t\t\t<div class=\"elementor-wrapper elementor-fit-aspect-ratio elementor-open-inline\">\n\t\t\t<div class=\"elementor-video\"><\/div>\t\t<\/div>\n\t\t\t\t<\/div>\n\t\t\t\t<\/div>\n\t\t\t\t\t<\/div>\n\t\t<\/div>\n\t\t\t\t\t\t\t<\/div>\n\t\t<\/section>\n\t\t\t\t<section class=\"elementor-section elementor-top-section elementor-element elementor-element-f88584d elementor-section-boxed elementor-section-height-default elementor-section-height-default\" data-id=\"f88584d\" data-element_type=\"section\">\n\t\t\t\t\t\t<div class=\"elementor-container elementor-column-gap-default\">\n\t\t\t\t\t<div class=\"elementor-column elementor-col-100 elementor-top-column elementor-element elementor-element-a43d6f6\" data-id=\"a43d6f6\" data-element_type=\"column\">\n\t\t\t<div class=\"elementor-widget-wrap elementor-element-populated\">\n\t\t\t\t\t\t\t\t<div class=\"elementor-element elementor-element-ed9d4f6 elementor-tabs-view-horizontal elementor-widget elementor-widget-tabs\" data-id=\"ed9d4f6\" data-element_type=\"widget\" data-widget_type=\"tabs.default\">\n\t\t\t\t<div class=\"elementor-widget-container\">\n\t\t\t\t\t<div class=\"elementor-tabs\">\n\t\t\t<div class=\"elementor-tabs-wrapper\" role=\"tablist\" >\n\t\t\t\t\t\t\t\t\t<div id=\"elementor-tab-title-2491\" class=\"elementor-tab-title elementor-tab-desktop-title\" aria-selected=\"true\" data-tab=\"1\" role=\"tab\" tabindex=\"0\" aria-controls=\"elementor-tab-content-2491\" aria-expanded=\"false\">TEKN\u0130K DETAYLAR<\/div>\n\t\t\t\t\t\t\t\t\t<div id=\"elementor-tab-title-2492\" class=\"elementor-tab-title elementor-tab-desktop-title\" aria-selected=\"false\" data-tab=\"2\" role=\"tab\" tabindex=\"-1\" aria-controls=\"elementor-tab-content-2492\" aria-expanded=\"false\">TEKN\u0130K DETAYLAR<\/div>\n\t\t\t\t\t\t\t\t\t<div id=\"elementor-tab-title-2493\" class=\"elementor-tab-title elementor-tab-desktop-title\" aria-selected=\"false\" data-tab=\"3\" role=\"tab\" tabindex=\"-1\" aria-controls=\"elementor-tab-content-2493\" aria-expanded=\"false\">A\u00c7IKLAMA<\/div>\n\t\t\t\t\t\t\t\t\t<div id=\"elementor-tab-title-2494\" class=\"elementor-tab-title elementor-tab-desktop-title\" aria-selected=\"false\" data-tab=\"4\" role=\"tab\" tabindex=\"-1\" aria-controls=\"elementor-tab-content-2494\" aria-expanded=\"false\">SATI\u015e SONRASI<\/div>\n\t\t\t\t\t\t\t\t\t<div id=\"elementor-tab-title-2495\" class=\"elementor-tab-title elementor-tab-desktop-title\" aria-selected=\"false\" data-tab=\"5\" role=\"tab\" tabindex=\"-1\" aria-controls=\"elementor-tab-content-2495\" aria-expanded=\"false\">\u0130LET\u0130\u015e\u0130M FORMU<\/div>\n\t\t\t\t\t\t\t<\/div>\n\t\t\t<div class=\"elementor-tabs-content-wrapper\" role=\"tablist\" aria-orientation=\"vertical\">\n\t\t\t\t\t\t\t\t\t<div class=\"elementor-tab-title elementor-tab-mobile-title\" aria-selected=\"true\" data-tab=\"1\" role=\"tab\" tabindex=\"0\" aria-controls=\"elementor-tab-content-2491\" aria-expanded=\"false\">TEKN\u0130K DETAYLAR<\/div>\n\t\t\t\t\t<div id=\"elementor-tab-content-2491\" class=\"elementor-tab-content elementor-clearfix\" data-tab=\"1\" role=\"tabpanel\" aria-labelledby=\"elementor-tab-title-2491\" tabindex=\"0\" hidden=\"false\"><table><tbody><tr><td><p><strong><b>MOTOR<\/b><\/strong><\/p><\/td><td><p>2200 w X 4:\u00a0 \u2013 8800 W\u00a0 220V AC,\u00a0<\/p><\/td><\/tr><tr><td><p><strong><b>\u0130la\u00e7 Tank Kapasitesi<\/b><\/strong><\/p><\/td><td><p>25 x 4 : 100 Litre<\/p><\/td><\/tr><tr><td><p><strong><b>\u0130la\u00e7 \u00c7\u0131k\u0131\u015f Debisi<\/b><\/strong><\/p><\/td><td><p>0-49 l\/h<\/p><\/td><\/tr><tr><td><p><strong><b>\u0130la\u00e7 Damla \u00c7ap\u0131<\/b><\/strong><\/p><\/td><td><p>0-49 micron<\/p><\/td><\/tr><tr><td><p><strong><b>Sol\u00fcsyon<\/b><\/strong><\/p><\/td><td><p>sc,ec,wp<\/p><\/td><\/tr><tr><td><p><strong><b>Kg<\/b><\/strong>\u00a0\u00a0\u00a0\u00a0<\/p><\/td><td><p>85 kg<\/p><\/td><\/tr><tr><td><p><strong><b>\u00d6l\u00e7\u00fcler<\/b><\/strong><\/p><\/td><td><p>E-84\u00a0 B-126\u00a0 Y-150<\/p><\/td><\/tr><\/tbody><\/table><\/div>\n\t\t\t\t\t\t\t\t\t<div class=\"elementor-tab-title elementor-tab-mobile-title\" aria-selected=\"false\" data-tab=\"2\" role=\"tab\" tabindex=\"-1\" aria-controls=\"elementor-tab-content-2492\" aria-expanded=\"false\">TEKN\u0130K DETAYLAR<\/div>\n\t\t\t\t\t<div id=\"elementor-tab-content-2492\" class=\"elementor-tab-content elementor-clearfix\" data-tab=\"2\" role=\"tabpanel\" aria-labelledby=\"elementor-tab-title-2492\" tabindex=\"0\" hidden=\"hidden\"><table><tbody><tr><td><p><strong><b>MOTOR<\/b><\/strong><\/p><\/td><td><p>1400 w X 4:\u00a0 \u2013 5600 W\u00a0 220V AC,\u00a0<\/p><\/td><\/tr><tr><td><p><strong><b>\u0130la\u00e7 Tank Kapasitesi<\/b><\/strong><\/p><\/td><td><p>25 x 4 : 100 Litre<\/p><\/td><\/tr><tr><td><p><strong><b>\u0130la\u00e7 \u00c7\u0131k\u0131\u015f Debisi<\/b><\/strong><\/p><\/td><td><p>0-49 l\/h<\/p><\/td><\/tr><tr><td><p><strong><b>\u0130la\u00e7 Damla \u00c7ap\u0131<\/b><\/strong><\/p><\/td><td><p>0-49 micron<\/p><\/td><\/tr><tr><td><p><strong><b>Sol\u00fcsyon<\/b><\/strong><\/p><\/td><td><p>sc,ec,wp<\/p><\/td><\/tr><tr><td><p><strong><b>Kg<\/b><\/strong>\u00a0\u00a0\u00a0\u00a0<\/p><\/td><td><p>85 kg<\/p><\/td><\/tr><tr><td><p><strong><b>\u00d6l\u00e7\u00fcler<\/b><\/strong><\/p><\/td><td><p>E-84\u00a0 B-126\u00a0 Y-150<\/p><\/td><\/tr><\/tbody><\/table><p>\u00a0<\/p><\/div>\n\t\t\t\t\t\t\t\t\t<div class=\"elementor-tab-title elementor-tab-mobile-title\" aria-selected=\"false\" data-tab=\"3\" role=\"tab\" tabindex=\"-1\" aria-controls=\"elementor-tab-content-2493\" aria-expanded=\"false\">A\u00c7IKLAMA<\/div>\n\t\t\t\t\t<div id=\"elementor-tab-content-2493\" class=\"elementor-tab-content elementor-clearfix\" data-tab=\"3\" role=\"tabpanel\" aria-labelledby=\"elementor-tab-title-2493\" tabindex=\"0\" hidden=\"hidden\"><p><strong><b>\u00c7ift\u00e7inin Dostu sera max 50 U.L.V cihaz\u0131m\u0131z\u0131n , Sa\u011flad\u0131\u011f\u0131 Avantajlar\u00a0<\/b><\/strong><\/p><p>* \u0130la\u00e7, \u0130\u015fg\u00fcc\u00fc ve zamandan tasarruf sa\u011flar.<\/p><p>* \u0130la\u00e7 tasarrufu nedeni ile yer alt\u0131 sular\u0131na zarar vermez.<\/p><p>* Seralarda ila\u00e7lamadan kaynaklanan nem %90 azal\u0131r.<\/p><p>* Sera i\u00e7inde, ya\u011fmurlu havada bile ila\u00e7lama yap\u0131labilir.<\/p><p>* \u0130la\u00e7 bitki \u00fczerinde \u00e7ok iyi tutundu\u011fu i\u00e7in, etkin ila\u00e7lama yapar.<\/p><p>* 7-10 g\u00fcnde yap\u0131lan ila\u00e7lama, 10-15 g\u00fcne \u00e7\u0131kar.<\/p><p>* \u0130la\u00e7 damla \u00e7ap\u0131 (mikron) istenilen oranda ayarlanabilir.<\/p><p>* U.L.V. Cihaz\u0131 ile ila\u00e7lar zaman\u0131nda, uygun miktarda ve yaln\u0131zca hedefe ula\u015ft\u0131r\u0131labilmektedir.<\/p><p>* U.L.V. Cihaz\u0131, \u00f6rt\u00fcalt\u0131 sebze yeti\u015ftiricili\u011finde zararl\u0131lara kar\u015f\u0131 yap\u0131lan ila\u00e7lamalarda y\u00fcksek etki sa\u011flamaktad\u0131r. Ancak; her zararl\u0131 i\u00e7in mutlaka etkili dozun belirlenmesi gerekmektedir.<\/p><p>** Suda eriyen toz ve s\u0131v\u0131 her t\u00fcrl\u00fc ila\u00e7 at\u0131l\u0131r.<\/p><p>** Susuz uyguland\u0131\u011f\u0131nda, polarizasyon (tozla\u015fma) ama\u00e7l\u0131 kullan\u0131labilir.<\/p><p>** \u0130la\u00e7, bitki aras\u0131na ve yaprak altlar\u0131na kolayl\u0131kla ula\u015fabildi\u011finden, tam bir kaplama yapabilmektedir.<\/p><p>** Cihaz kendini tek bir d\u00f6nemde amorti eder.<\/p><p>** Yerli makina \u00fcretiminin t\u00fcm avantajlar\u0131n\u0131 sunmaktad\u0131r.<\/p><p>** 2 y\u0131l fabrika hatalar\u0131na kar\u015f\u0131 garantimiz alt\u0131ndad\u0131r.<\/p><p>** 15 y\u0131l yedek par\u00e7a garantisi bulunmaktad\u0131r. (ancak \u00fccrete tabidir)<\/p><p>*** \u0130la\u00e7lama yap\u0131l\u0131rken mutlaka koruyucu \u00f6nlemler al\u0131nmal\u0131d\u0131r .Maske eldiven gibi<\/p><p><strong><b>Do\u011fru \u0130la\u00e7\u00a0 Do\u011fru Zaman Do\u011fru Makina\u00a0<\/b><\/strong><\/p><p>Tuta ,K\u0131rm\u0131z\u0131 \u00d6r\u00fcmcek ,Yaprak Biti ve T\u00fcm b\u00f6ceklere son verir !!<\/p><p>Seran\u0131z\u0131 sisleme y\u00f6ntemiyle ila\u00e7lar ve tavandan yere kadar t\u00fcm b\u00fct\u00fcn ila\u00e7lar.<\/p><p>\u0130la\u00e7lar\u0131n\u0131z Topra\u011fa Akmas\u0131n..<\/p><p>\u00a0Sera i\u00e7erisine girmeden ila\u00e7lama<\/p><p>Zararl\u0131 ve Hastal\u0131klardan Kurtulman\u0131n Yolu\u00a0 DURU Entosis U.L.V\u00a0 ; leri<\/p><p>SERA U.L.V ila\u00e7lama cihaz\u0131 DURU ENTOS\u0130S\u00a0 yeni neslin son teknolojik ila\u00e7lama cihaz\u0131d\u0131r. \u0130lkel y\u00f6ntemlerle yap\u0131lan ila\u00e7lamada saatlerce seran\u0131n i\u00e7erisinde ila\u00e7lama yapaca\u011f\u0131z diye \u00e7al\u0131\u015fman\u0131n \u00e7ok \u00f6nemli kritik hastal\u0131klara sebep oldu\u011fu ( kanser, koha,ast\u0131m ) gibi her kez taraf\u0131ndan bilinmektedir. DURU SERA U.L.V ile yapaca\u011f\u0131n\u0131z ila\u00e7lama esnas\u0131nda Seran\u0131n i\u00e7erisine girmeden \u00e7al\u0131\u015ft\u0131rma ve durdurma saatini siz kendi seran\u0131z\u0131n durumuna g\u00f6re ayarlayarak zamandan ve i\u015fcilik maliyetinden kurtulacaks\u0131n\u0131z .Ayr\u0131ca sa\u011fl\u0131\u011f\u0131n\u0131z a\u00e7\u0131s\u0131ndan en \u00f6nemlisi cildinizin ve ci\u011ferlerinizin teneff\u00fcs yolu ile ilaca olan temas\u0131n\u0131 \u00f6nlemi\u015f olacaks\u0131n\u0131z.\u00a0<\/p><p><strong><b>Sadece Bitkileri De\u011fil Seran\u0131n Tamam\u0131n\u0131 \u0130la\u00e7lay\u0131n !!<\/b><\/strong><\/p><p>U.L.V nin muadili\u00a0 ila\u00e7lama makinalar\u0131 ile ila\u00e7lama yapan \u00e7iftci karde\u015flerimiz sadece bitkiyi ila\u00e7layabilirken yeni neslin son teknolojik cihaz\u0131 Duru entosis ULV ila\u00e7lama cihazlar\u0131 ile ila\u00e7lama yapan cift\u00e7i karde\u015flerimiz\u00a0 seran\u0131n tamam\u0131n\u0131 homojen bir \u015fekilde micron zerrecikleri ile ideal damla \u00e7ap\u0131 ile seran\u0131n taban\u0131ndan tavan\u0131na kadar olan b\u00fct\u00fcn bir alan\u0131 homojen \u015fekilde ila\u00e7layabilmektedir.Yap\u0131lan denemelerde Hedefteki yaprak biti, trips, Beyaz Sinek larvas\u0131 Pis kokulu b\u00f6cek, yaprak galeri sine\u011fi gibi b\u00fct\u00fcn ha\u015ferelerin kullan\u0131lan ideal ila\u00e7larla yok edilmesi g\u00f6zlenmi\u015ftir .\u00a0<\/p><p>Neden DURU U.L.V \u0130le \u0130la\u00e7lama Yapmal\u0131y\u0131z .<\/p><p>\u0130la\u00e7, \u0130\u015fg\u00fcc\u00fc ve zamandan tasarruf sa\u011flars\u0131n\u0131z.<\/p><p>Topraklar\u0131n\u0131z\u0131 ila\u00e7l\u0131 su ile \u0131slatmaz nemi art\u0131rmazs\u0131n\u0131z. nemi %90 lara kadar azalt\u0131rs\u0131n\u0131z.<\/p><p>\u0130la\u00e7 tasarrufu nedeni ile yer alt\u0131 sular\u0131na zarar vermezsiniz.<\/p><p>Sera i\u00e7ine girmeden , elveri\u015fsiz havalarda bile ila\u00e7lama yapabilirsiniz .<\/p><p>\u0130la\u00e7 bitki \u00fczerinde \u00e7ok iyi tutunabilece\u011fi i\u00e7in, etkin ila\u00e7lama ve ba\u015far\u0131 sa\u011flars\u0131n\u0131z.<\/p><p>( 7-10 g\u00fcnde)\u00a0 yapt\u0131\u011f\u0131n\u0131z\u00a0 ila\u00e7lamay\u0131 , 10-15 g\u00fcne \u00e7\u0131kart\u0131r.<\/p><p>U.L.V. Cihaz\u0131 ile ila\u00e7lar zaman\u0131nda, uygun miktarda ve yaln\u0131zca hedefe ula\u015fmaktad\u0131r.<\/p><p>Suda eriyen toz ve s\u0131v\u0131 her t\u00fcrl\u00fc ila\u00e7 kullan\u0131labilir. ( sc,ec,insektisit,fungusit )<\/p><p>\u0130la\u00e7, bitki aras\u0131na ve yaprak altlar\u0131na kolayl\u0131kla ula\u015fabildi\u011finden, tam bir kaplama yapabilmektedir.<\/p><\/div>\n\t\t\t\t\t\t\t\t\t<div class=\"elementor-tab-title elementor-tab-mobile-title\" aria-selected=\"false\" data-tab=\"4\" role=\"tab\" tabindex=\"-1\" aria-controls=\"elementor-tab-content-2494\" aria-expanded=\"false\">SATI\u015e SONRASI<\/div>\n\t\t\t\t\t<div id=\"elementor-tab-content-2494\" class=\"elementor-tab-content elementor-clearfix\" data-tab=\"4\" role=\"tabpanel\" aria-labelledby=\"elementor-tab-title-2494\" tabindex=\"0\" hidden=\"hidden\"><p><strong>Ara\u00e7 \u00dcst\u00fc \u0130la\u00e7lama Makinas\u0131 Al\u0131rken !!<\/strong><\/p><p>ULV ila\u00e7lama makinas\u0131 se\u00e7erken baz\u0131 kriterlerin g\u00f6zden ge\u00e7irilmesinde mutlaka fayda olacakt\u0131r. Bu nedenle ULV cihaz\u0131 almadan \u00f6nce mutlaka M\u00fc\u015fteri temsilcimizle ileti\u015fime ge\u00e7iniz .<\/p><p><strong>SATI\u015e SONRASI DESTEK<\/strong><\/p><p>Sat\u0131\u015f Sonras\u0131 Hizmetimizden faydalanmak i\u00e7in a\u015fa\u011f\u0131daki teknik servis numaram\u0131zdan<br \/>Ar\u0131zal\u0131 veya hasar g\u00f6ren ULV ila\u00e7lama makineleriniz i\u00e7in 7\/24 \u00a0ileti\u015fim kurabilirsiniz<\/p><p><strong>Sat\u0131\u015f Sonras\u0131 Hizmet \u2013 Teknik Servis<\/strong><\/p><ul><li>G\u00f6r\u00fcnt\u00fcl\u00fc konu\u015fma ile uzaktan \u00e7al\u0131\u015ft\u0131rma talimat\u0131 ve teknik yard\u0131m hatt\u0131.<\/li><li>\u0130htiyac\u0131n\u0131z olan yedek par\u00e7an\u0131n kod numaras\u0131n\u0131 bilmiyorsan\u0131z resmini \u00e7ekip bu hat \u00fczerinden g\u00f6nderebilirsiniz.<\/li><li>Uzmanl\u0131k gerektiren ar\u0131za tespiti veya teknik bilgimize dan\u0131\u015fmak i\u00e7in 7\/24\u00a0 ileti\u015fim kurabilirsiniz.<\/li><\/ul><\/div>\n\t\t\t\t\t\t\t\t\t<div class=\"elementor-tab-title elementor-tab-mobile-title\" aria-selected=\"false\" data-tab=\"5\" role=\"tab\" tabindex=\"-1\" aria-controls=\"elementor-tab-content-2495\" aria-expanded=\"false\">\u0130LET\u0130\u015e\u0130M FORMU<\/div>\n\t\t\t\t\t<div id=\"elementor-tab-content-2495\" class=\"elementor-tab-content elementor-clearfix\" data-tab=\"5\" role=\"tabpanel\" aria-labelledby=\"elementor-tab-title-2495\" tabindex=\"0\" hidden=\"hidden\"><p><div class=\"wpforms-container wpforms-container-full\" id=\"wpforms-5223\"><form id=\"wpforms-form-5223\" class=\"wpforms-validate wpforms-form wpforms-ajax-form\" data-formid=\"5223\" method=\"post\" enctype=\"multipart\/form-data\" action=\"\/index.php\/wp-json\/wp\/v2\/pages\/5430\" data-token=\"d4eb8e5a07e258acef06edafcf75126f\"><noscript class=\"wpforms-error-noscript\">Please enable JavaScript in your browser to complete this form.<\/noscript><div class=\"wpforms-field-container\"><div id=\"wpforms-5223-field_0-container\" class=\"wpforms-field wpforms-field-name\" data-field-id=\"0\"><label class=\"wpforms-field-label\" for=\"wpforms-5223-field_0\">Ad\u0131n\u0131z &#8211; Soyad\u0131n\u0131z <span class=\"wpforms-required-label\">*<\/span><\/label><div class=\"wpforms-field-row wpforms-field-medium\"><div class=\"wpforms-field-row-block wpforms-first wpforms-one-half\"><input type=\"text\" id=\"wpforms-5223-field_0\" class=\"wpforms-field-name-first wpforms-field-required\" name=\"wpforms[fields][0][first]\" required><label for=\"wpforms-5223-field_0\" class=\"wpforms-field-sublabel after \">First<\/label><\/div><div class=\"wpforms-field-row-block wpforms-one-half\"><input type=\"text\" id=\"wpforms-5223-field_0-last\" class=\"wpforms-field-name-last wpforms-field-required\" name=\"wpforms[fields][0][last]\" required><label for=\"wpforms-5223-field_0-last\" class=\"wpforms-field-sublabel after \">Last<\/label><\/div><\/div><\/div><div id=\"wpforms-5223-field_1-container\" class=\"wpforms-field wpforms-field-email\" data-field-id=\"1\"><label class=\"wpforms-field-label\" for=\"wpforms-5223-field_1\">E-mail Adresiniz <span class=\"wpforms-required-label\">*<\/span><\/label><input type=\"email\" id=\"wpforms-5223-field_1\" class=\"wpforms-field-medium wpforms-field-required\" name=\"wpforms[fields][1]\" required><\/div><div id=\"wpforms-5223-field_3-container\" class=\"wpforms-field wpforms-field-number\" data-field-id=\"3\"><label class=\"wpforms-field-label\" for=\"wpforms-5223-field_3\">Telefon Numaran\u0131z<\/label><input type=\"number\" pattern=\"\\d*\" id=\"wpforms-5223-field_3\" class=\"wpforms-field-medium\" name=\"wpforms[fields][3]\" ><div class=\"wpforms-field-description\">Sizinle ileti\u015fim kurabilmemiz i\u00e7in gerekmektedir.<\/div><\/div><div id=\"wpforms-5223-field_2-container\" class=\"wpforms-field wpforms-field-textarea\" data-field-id=\"2\"><label class=\"wpforms-field-label\" for=\"wpforms-5223-field_2\">Mesaj\u0131n\u0131z <span class=\"wpforms-required-label\">*<\/span><\/label><textarea id=\"wpforms-5223-field_2\" class=\"wpforms-field-medium wpforms-field-required\" name=\"wpforms[fields][2]\" required><\/textarea><\/div><\/div><div class=\"wpforms-submit-container\"><input type=\"hidden\" name=\"wpforms[id]\" value=\"5223\"><input type=\"hidden\" name=\"wpforms[author]\" value=\"1\"><button type=\"submit\" name=\"wpforms[submit]\" id=\"wpforms-submit-5223\" class=\"wpforms-submit\" data-alt-text=\"G\u00f6nderiliyor...\" data-submit-text=\"G\u00f6nder\" aria-live=\"assertive\" value=\"wpforms-submit\">G\u00f6nder<\/button><img loading=\"lazy\" decoding=\"async\" src=\"https:\/\/kmkgrup.com.tr\/wp-content\/plugins\/wpforms-lite\/assets\/images\/submit-spin.svg\" class=\"wpforms-submit-spinner\" style=\"display: none;\" width=\"26\" height=\"26\" alt=\"\"><\/div><\/form><\/div>  <!-- .wpforms-container --><\/p><\/div>\n\t\t\t\t\t\t\t<\/div>\n\t\t<\/div>\n\t\t\t\t<\/div>\n\t\t\t\t<\/div>\n\t\t\t\t\t<\/div>\n\t\t<\/div>\n\t\t\t\t\t\t\t<\/div>\n\t\t<\/section>\n\t\t\t\t\t\t<\/div>\n\t\t\t\t\t<\/div>\n\t\t","protected":false},"excerpt":{"rendered":"<p>DURU SERA MAX 50 \u0130LA\u00c7LAMA MAK\u0130NASI DURU SERA MAX 50 EL T\u0130P\u0130 DEZENFEKS\u0130YON VE \u0130LA\u00c7LAMA MAK\u0130NASI TEKN\u0130K DETAYLAR TEKN\u0130K DETAYLAR A\u00c7IKLAMA SATI\u015e SONRASI \u0130LET\u0130\u015e\u0130M FORMU TEKN\u0130K DETAYLAR MOTOR 2200 w X 4:\u00a0 \u2013 8800 W\u00a0 220V AC,\u00a0 \u0130la\u00e7 Tank Kapasitesi 25 x 4 : 100 Litre \u0130la\u00e7 \u00c7\u0131k\u0131\u015f Debisi 0-49 l\/h \u0130la\u00e7 Damla \u00c7ap\u0131 0-49[&#8230;]<\/p>\n","protected":false},"author":1,"featured_media":5548,"parent":0,"menu_order":0,"comment_status":"closed","ping_status":"closed","template":"elementor_header_footer","meta":{"inline_featured_image":false,"footnotes":""},"class_list":["post-5430","page","type-page","status-publish","has-post-thumbnail","hentry"],"_links":{"self":[{"href":"https:\/\/kmkgrup.com.tr\/index.php\/wp-json\/wp\/v2\/pages\/5430","targetHints":{"allow":["GET"]}}],"collection":[{"href":"https:\/\/kmkgrup.com.tr\/index.php\/wp-json\/wp\/v2\/pages"}],"about":[{"href":"https:\/\/kmkgrup.com.tr\/index.php\/wp-json\/wp\/v2\/types\/page"}],"author":[{"embeddable":true,"href":"https:\/\/kmkgrup.com.tr\/index.php\/wp-json\/wp\/v2\/users\/1"}],"replies":[{"embeddable":true,"href":"https:\/\/kmkgrup.com.tr\/index.php\/wp-json\/wp\/v2\/comments?post=5430"}],"version-history":[{"count":19,"href":"https:\/\/kmkgrup.com.tr\/index.php\/wp-json\/wp\/v2\/pages\/5430\/revisions"}],"predecessor-version":[{"id":6181,"href":"https:\/\/kmkgrup.com.tr\/index.php\/wp-json\/wp\/v2\/pages\/5430\/revisions\/6181"}],"wp:featuredmedia":[{"embeddable":true,"href":"https:\/\/kmkgrup.com.tr\/index.php\/wp-json\/wp\/v2\/media\/5548"}],"wp:attachment":[{"href":"https:\/\/kmkgrup.com.tr\/index.php\/wp-json\/wp\/v2\/media?parent=5430"}],"curies":[{"name":"wp","href":"https:\/\/api.w.org\/{rel}","templated":true}]}}