
{"id":5504,"date":"2022-02-26T16:34:54","date_gmt":"2022-02-26T13:34:54","guid":{"rendered":"https:\/\/kmkgrup.com.tr\/?page_id=5504"},"modified":"2026-01-03T08:57:27","modified_gmt":"2026-01-03T05:57:27","slug":"arac-ustu-u-l-v-makinalari","status":"publish","type":"page","link":"https:\/\/kmkgrup.com.tr\/index.php\/arac-ustu-u-l-v-makinalari\/","title":{"rendered":"ARA\u00c7 \u00dcST\u00dc U.L.V MAK\u0130NALARI"},"content":{"rendered":"\t\t<div data-elementor-type=\"wp-page\" data-elementor-id=\"5504\" class=\"elementor elementor-5504\" data-elementor-settings=\"[]\">\n\t\t\t\t\t\t\t<div class=\"elementor-section-wrap\">\n\t\t\t\t\t\t\t<section class=\"elementor-section elementor-top-section elementor-element elementor-element-b4ac6fd elementor-section-boxed elementor-section-height-default elementor-section-height-default\" data-id=\"b4ac6fd\" data-element_type=\"section\">\n\t\t\t\t\t\t<div class=\"elementor-container elementor-column-gap-default\">\n\t\t\t\t\t<div class=\"elementor-column elementor-col-100 elementor-top-column elementor-element elementor-element-7706b72\" data-id=\"7706b72\" data-element_type=\"column\">\n\t\t\t<div class=\"elementor-widget-wrap elementor-element-populated\">\n\t\t\t\t\t\t\t\t<div class=\"elementor-element elementor-element-d553022 elementor-widget elementor-widget-text-editor\" data-id=\"d553022\" data-element_type=\"widget\" data-widget_type=\"text-editor.default\">\n\t\t\t\t<div class=\"elementor-widget-container\">\n\t\t\t\t\t\t\t<h4 style=\"text-align: center;\">ARA\u00c7 \u00dcST\u00dc \u0130LA\u00c7LAMA MAK\u0130NALARI<\/h4>\t\t\t\t\t\t<\/div>\n\t\t\t\t<\/div>\n\t\t\t\t\t<\/div>\n\t\t<\/div>\n\t\t\t\t\t\t\t<\/div>\n\t\t<\/section>\n\t\t\t\t<section class=\"elementor-section elementor-top-section elementor-element elementor-element-69a4571 elementor-section-boxed elementor-section-height-default elementor-section-height-default\" data-id=\"69a4571\" data-element_type=\"section\">\n\t\t\t\t\t\t<div class=\"elementor-container elementor-column-gap-default\">\n\t\t\t\t\t<div class=\"elementor-column elementor-col-50 elementor-top-column elementor-element elementor-element-64aaaeb\" data-id=\"64aaaeb\" data-element_type=\"column\">\n\t\t\t<div class=\"elementor-widget-wrap elementor-element-populated\">\n\t\t\t\t\t\t\t\t<div class=\"elementor-element elementor-element-20ad1cc elementor-widget elementor-widget-image\" data-id=\"20ad1cc\" data-element_type=\"widget\" data-widget_type=\"image.default\">\n\t\t\t\t<div class=\"elementor-widget-container\">\n\t\t\t\t\t\t\t\t\t\t\t\t\t\t\t\t<a href=\"https:\/\/kmkgrup.com.tr\/index.php\/duru-hd-50-u-l-v-makinasi\/\">\n\t\t\t\t\t\t\t<img loading=\"lazy\" decoding=\"async\" width=\"768\" height=\"512\" src=\"https:\/\/kmkgrup.com.tr\/wp-content\/uploads\/2022\/02\/duru-hd-50.png\" class=\"attachment-full size-full\" alt=\"\" srcset=\"https:\/\/kmkgrup.com.tr\/wp-content\/uploads\/2022\/02\/duru-hd-50.png 768w, https:\/\/kmkgrup.com.tr\/wp-content\/uploads\/2022\/02\/duru-hd-50-300x200.png 300w, https:\/\/kmkgrup.com.tr\/wp-content\/uploads\/2022\/02\/duru-hd-50-150x100.png 150w\" sizes=\"auto, (max-width: 768px) 100vw, 768px\" \/>\t\t\t\t\t\t\t\t<\/a>\n\t\t\t\t\t\t\t\t\t\t\t\t\t\t\t<\/div>\n\t\t\t\t<\/div>\n\t\t\t\t<div class=\"elementor-element elementor-element-5ac547a elementor-widget elementor-widget-heading\" data-id=\"5ac547a\" data-element_type=\"widget\" data-widget_type=\"heading.default\">\n\t\t\t\t<div class=\"elementor-widget-container\">\n\t\t\t<h2 class=\"elementor-heading-title elementor-size-default\"><a href=\"https:\/\/kmkgrup.com.tr\/index.php\/duru-hd-50-u-l-v-makinasi\/\">DURU HD 50 U.L.V MAK\u0130NASI<\/a><\/h2>\t\t<\/div>\n\t\t\t\t<\/div>\n\t\t\t\t\t<\/div>\n\t\t<\/div>\n\t\t\t\t<div class=\"elementor-column elementor-col-50 elementor-top-column elementor-element elementor-element-681d96c\" data-id=\"681d96c\" data-element_type=\"column\">\n\t\t\t<div class=\"elementor-widget-wrap elementor-element-populated\">\n\t\t\t\t\t\t\t\t<div class=\"elementor-element elementor-element-d672e72 elementor-widget elementor-widget-image\" data-id=\"d672e72\" data-element_type=\"widget\" data-widget_type=\"image.default\">\n\t\t\t\t<div class=\"elementor-widget-container\">\n\t\t\t\t\t\t\t\t\t\t\t\t\t\t\t\t<a href=\"https:\/\/kmkgrup.com.tr\/index.php\/duru-hd-75-u-l-v-makinasi\/\">\n\t\t\t\t\t\t\t<img loading=\"lazy\" decoding=\"async\" width=\"768\" height=\"512\" src=\"https:\/\/kmkgrup.com.tr\/wp-content\/uploads\/2022\/02\/duru-hd-75.png\" class=\"attachment-full size-full\" alt=\"\" srcset=\"https:\/\/kmkgrup.com.tr\/wp-content\/uploads\/2022\/02\/duru-hd-75.png 768w, https:\/\/kmkgrup.com.tr\/wp-content\/uploads\/2022\/02\/duru-hd-75-300x200.png 300w, https:\/\/kmkgrup.com.tr\/wp-content\/uploads\/2022\/02\/duru-hd-75-150x100.png 150w\" sizes=\"auto, (max-width: 768px) 100vw, 768px\" \/>\t\t\t\t\t\t\t\t<\/a>\n\t\t\t\t\t\t\t\t\t\t\t\t\t\t\t<\/div>\n\t\t\t\t<\/div>\n\t\t\t\t<div class=\"elementor-element elementor-element-884f667 elementor-widget elementor-widget-heading\" data-id=\"884f667\" data-element_type=\"widget\" data-widget_type=\"heading.default\">\n\t\t\t\t<div class=\"elementor-widget-container\">\n\t\t\t<h2 class=\"elementor-heading-title elementor-size-default\"><a href=\"https:\/\/kmkgrup.com.tr\/index.php\/duru-hd-75-u-l-v-makinasi\/\">DURU HD 75 U.L.V MAK\u0130NASI<\/a><\/h2>\t\t<\/div>\n\t\t\t\t<\/div>\n\t\t\t\t\t<\/div>\n\t\t<\/div>\n\t\t\t\t\t\t\t<\/div>\n\t\t<\/section>\n\t\t\t\t<section class=\"elementor-section elementor-top-section elementor-element elementor-element-5715ce5 elementor-section-boxed elementor-section-height-default elementor-section-height-default\" data-id=\"5715ce5\" data-element_type=\"section\">\n\t\t\t\t\t\t<div class=\"elementor-container elementor-column-gap-default\">\n\t\t\t\t\t<div class=\"elementor-column elementor-col-50 elementor-top-column elementor-element elementor-element-1dae4c8\" data-id=\"1dae4c8\" data-element_type=\"column\">\n\t\t\t<div class=\"elementor-widget-wrap elementor-element-populated\">\n\t\t\t\t\t\t\t\t<div class=\"elementor-element elementor-element-c81e4b0 elementor-widget elementor-widget-image\" data-id=\"c81e4b0\" data-element_type=\"widget\" data-widget_type=\"image.default\">\n\t\t\t\t<div class=\"elementor-widget-container\">\n\t\t\t\t\t\t\t\t\t\t\t\t\t\t\t\t<a href=\"https:\/\/kmkgrup.com.tr\/index.php\/duru-hd-1800-u-l-v-makinasi\/\">\n\t\t\t\t\t\t\t<img loading=\"lazy\" decoding=\"async\" width=\"768\" height=\"512\" src=\"https:\/\/kmkgrup.com.tr\/wp-content\/uploads\/2022\/02\/duru-hd-1800.png\" class=\"attachment-full size-full\" alt=\"\" srcset=\"https:\/\/kmkgrup.com.tr\/wp-content\/uploads\/2022\/02\/duru-hd-1800.png 768w, https:\/\/kmkgrup.com.tr\/wp-content\/uploads\/2022\/02\/duru-hd-1800-300x200.png 300w, https:\/\/kmkgrup.com.tr\/wp-content\/uploads\/2022\/02\/duru-hd-1800-150x100.png 150w\" sizes=\"auto, (max-width: 768px) 100vw, 768px\" \/>\t\t\t\t\t\t\t\t<\/a>\n\t\t\t\t\t\t\t\t\t\t\t\t\t\t\t<\/div>\n\t\t\t\t<\/div>\n\t\t\t\t<div class=\"elementor-element elementor-element-d91461a elementor-widget elementor-widget-heading\" data-id=\"d91461a\" data-element_type=\"widget\" data-widget_type=\"heading.default\">\n\t\t\t\t<div class=\"elementor-widget-container\">\n\t\t\t<h2 class=\"elementor-heading-title elementor-size-default\"><a href=\"https:\/\/kmkgrup.com.tr\/index.php\/duru-hd-1800-u-l-v-makinasi\/\">DURU HD 1800 U.L.V MAK\u0130NASI<\/a><\/h2>\t\t<\/div>\n\t\t\t\t<\/div>\n\t\t\t\t\t<\/div>\n\t\t<\/div>\n\t\t\t\t<div class=\"elementor-column elementor-col-50 elementor-top-column elementor-element elementor-element-59893e8\" data-id=\"59893e8\" data-element_type=\"column\">\n\t\t\t<div class=\"elementor-widget-wrap elementor-element-populated\">\n\t\t\t\t\t\t\t\t<div class=\"elementor-element elementor-element-2a055b5 elementor-widget elementor-widget-image\" data-id=\"2a055b5\" data-element_type=\"widget\" data-widget_type=\"image.default\">\n\t\t\t\t<div class=\"elementor-widget-container\">\n\t\t\t\t\t\t\t\t\t\t\t\t\t\t\t\t<a href=\"https:\/\/kmkgrup.com.tr\/index.php\/duru-mistblower\/\">\n\t\t\t\t\t\t\t<img loading=\"lazy\" decoding=\"async\" width=\"750\" height=\"500\" src=\"https:\/\/kmkgrup.com.tr\/wp-content\/uploads\/2022\/02\/duru-mistblower.png\" class=\"attachment-large size-large\" alt=\"\" srcset=\"https:\/\/kmkgrup.com.tr\/wp-content\/uploads\/2022\/02\/duru-mistblower.png 768w, https:\/\/kmkgrup.com.tr\/wp-content\/uploads\/2022\/02\/duru-mistblower-300x200.png 300w, https:\/\/kmkgrup.com.tr\/wp-content\/uploads\/2022\/02\/duru-mistblower-150x100.png 150w\" sizes=\"auto, (max-width: 750px) 100vw, 750px\" \/>\t\t\t\t\t\t\t\t<\/a>\n\t\t\t\t\t\t\t\t\t\t\t\t\t\t\t<\/div>\n\t\t\t\t<\/div>\n\t\t\t\t<div class=\"elementor-element elementor-element-86590f7 elementor-widget elementor-widget-heading\" data-id=\"86590f7\" data-element_type=\"widget\" data-widget_type=\"heading.default\">\n\t\t\t\t<div class=\"elementor-widget-container\">\n\t\t\t<h2 class=\"elementor-heading-title elementor-size-default\"><a href=\"https:\/\/kmkgrup.com.tr\/index.php\/duru-mistblower\/\">DURU M\u0130STBLOWER U.L.V MAK\u0130NASI<\/a><\/h2>\t\t<\/div>\n\t\t\t\t<\/div>\n\t\t\t\t\t<\/div>\n\t\t<\/div>\n\t\t\t\t\t\t\t<\/div>\n\t\t<\/section>\n\t\t\t\t<section class=\"elementor-section elementor-top-section elementor-element elementor-element-247306e elementor-section-boxed elementor-section-height-default elementor-section-height-default\" data-id=\"247306e\" data-element_type=\"section\">\n\t\t\t\t\t\t<div class=\"elementor-container elementor-column-gap-default\">\n\t\t\t\t\t<div class=\"elementor-column elementor-col-100 elementor-top-column elementor-element elementor-element-1535454\" data-id=\"1535454\" data-element_type=\"column\">\n\t\t\t<div class=\"elementor-widget-wrap elementor-element-populated\">\n\t\t\t\t\t\t\t\t<div class=\"elementor-element elementor-element-93a2281 elementor-widget elementor-widget-spacer\" data-id=\"93a2281\" data-element_type=\"widget\" data-widget_type=\"spacer.default\">\n\t\t\t\t<div class=\"elementor-widget-container\">\n\t\t\t\t\t<div class=\"elementor-spacer\">\n\t\t\t<div class=\"elementor-spacer-inner\"><\/div>\n\t\t<\/div>\n\t\t\t\t<\/div>\n\t\t\t\t<\/div>\n\t\t\t\t\t<\/div>\n\t\t<\/div>\n\t\t\t\t\t\t\t<\/div>\n\t\t<\/section>\n\t\t\t\t\t\t<\/div>\n\t\t\t\t\t<\/div>\n\t\t","protected":false},"excerpt":{"rendered":"<p>ARA\u00c7 \u00dcST\u00dc \u0130LA\u00c7LAMA MAK\u0130NALARI DURU HD 50 U.L.V MAK\u0130NASI DURU HD 75 U.L.V MAK\u0130NASI DURU HD 1800 U.L.V MAK\u0130NASI DURU M\u0130STBLOWER U.L.V MAK\u0130NASI<\/p>\n","protected":false},"author":1,"featured_media":0,"parent":0,"menu_order":0,"comment_status":"closed","ping_status":"closed","template":"elementor_header_footer","meta":{"inline_featured_image":false,"footnotes":""},"class_list":["post-5504","page","type-page","status-publish","hentry"],"_links":{"self":[{"href":"https:\/\/kmkgrup.com.tr\/index.php\/wp-json\/wp\/v2\/pages\/5504","targetHints":{"allow":["GET"]}}],"collection":[{"href":"https:\/\/kmkgrup.com.tr\/index.php\/wp-json\/wp\/v2\/pages"}],"about":[{"href":"https:\/\/kmkgrup.com.tr\/index.php\/wp-json\/wp\/v2\/types\/page"}],"author":[{"embeddable":true,"href":"https:\/\/kmkgrup.com.tr\/index.php\/wp-json\/wp\/v2\/users\/1"}],"replies":[{"embeddable":true,"href":"https:\/\/kmkgrup.com.tr\/index.php\/wp-json\/wp\/v2\/comments?post=5504"}],"version-history":[{"count":14,"href":"https:\/\/kmkgrup.com.tr\/index.php\/wp-json\/wp\/v2\/pages\/5504\/revisions"}],"predecessor-version":[{"id":6091,"href":"https:\/\/kmkgrup.com.tr\/index.php\/wp-json\/wp\/v2\/pages\/5504\/revisions\/6091"}],"wp:attachment":[{"href":"https:\/\/kmkgrup.com.tr\/index.php\/wp-json\/wp\/v2\/media?parent=5504"}],"curies":[{"name":"wp","href":"https:\/\/api.w.org\/{rel}","templated":true}]}}