
{"id":5512,"date":"2022-02-26T18:14:46","date_gmt":"2022-02-26T15:14:46","guid":{"rendered":"https:\/\/kmkgrup.com.tr\/?page_id=5512"},"modified":"2026-01-05T23:00:52","modified_gmt":"2026-01-05T20:00:52","slug":"el-tipi-dezenfeksiyon-ve-ilaclama-makinalari","status":"publish","type":"page","link":"https:\/\/kmkgrup.com.tr\/index.php\/el-tipi-dezenfeksiyon-ve-ilaclama-makinalari\/","title":{"rendered":"EL T\u0130P\u0130 DEZENFEKS\u0130YON VE \u0130LA\u00c7LAMA MAK\u0130NALARI"},"content":{"rendered":"\t\t<div data-elementor-type=\"wp-page\" data-elementor-id=\"5512\" class=\"elementor elementor-5512\" data-elementor-settings=\"[]\">\n\t\t\t\t\t\t\t<div class=\"elementor-section-wrap\">\n\t\t\t\t\t\t\t<section class=\"elementor-section elementor-top-section elementor-element elementor-element-0700ba2 elementor-section-boxed elementor-section-height-default elementor-section-height-default\" data-id=\"0700ba2\" data-element_type=\"section\">\n\t\t\t\t\t\t<div class=\"elementor-container elementor-column-gap-default\">\n\t\t\t\t\t<div class=\"elementor-column elementor-col-100 elementor-top-column elementor-element elementor-element-3d49822\" data-id=\"3d49822\" data-element_type=\"column\">\n\t\t\t<div class=\"elementor-widget-wrap elementor-element-populated\">\n\t\t\t\t\t\t\t\t<div class=\"elementor-element elementor-element-8f6e596 elementor-widget elementor-widget-spacer\" data-id=\"8f6e596\" data-element_type=\"widget\" data-widget_type=\"spacer.default\">\n\t\t\t\t<div class=\"elementor-widget-container\">\n\t\t\t\t\t<div class=\"elementor-spacer\">\n\t\t\t<div class=\"elementor-spacer-inner\"><\/div>\n\t\t<\/div>\n\t\t\t\t<\/div>\n\t\t\t\t<\/div>\n\t\t\t\t<div class=\"elementor-element elementor-element-594c25d elementor-widget elementor-widget-heading\" data-id=\"594c25d\" data-element_type=\"widget\" data-widget_type=\"heading.default\">\n\t\t\t\t<div class=\"elementor-widget-container\">\n\t\t\t<h1 class=\"elementor-heading-title elementor-size-default\">EL T\u0130P\u0130 DEZENFEKS\u0130YON VE \u0130LA\u00c7LAMA MAK\u0130NALARI<\/h1>\t\t<\/div>\n\t\t\t\t<\/div>\n\t\t\t\t\t<\/div>\n\t\t<\/div>\n\t\t\t\t\t\t\t<\/div>\n\t\t<\/section>\n\t\t\t\t<section class=\"elementor-section elementor-top-section elementor-element elementor-element-a01d3a4 elementor-section-boxed elementor-section-height-default elementor-section-height-default\" data-id=\"a01d3a4\" data-element_type=\"section\">\n\t\t\t\t\t\t<div class=\"elementor-container elementor-column-gap-default\">\n\t\t\t\t\t<div class=\"elementor-column elementor-col-50 elementor-top-column elementor-element elementor-element-09fa5ce\" data-id=\"09fa5ce\" data-element_type=\"column\">\n\t\t\t<div class=\"elementor-widget-wrap elementor-element-populated\">\n\t\t\t\t\t\t\t\t<div class=\"elementor-element elementor-element-9f54a86 elementor-widget elementor-widget-image\" data-id=\"9f54a86\" data-element_type=\"widget\" data-widget_type=\"image.default\">\n\t\t\t\t<div class=\"elementor-widget-container\">\n\t\t\t\t\t\t\t\t\t\t\t\t\t\t\t\t<a href=\"https:\/\/kmkgrup.com.tr\/index.php\/duru-hd-5-u-l-v-makinasi\/\">\n\t\t\t\t\t\t\t<img loading=\"lazy\" decoding=\"async\" width=\"750\" height=\"500\" src=\"https:\/\/kmkgrup.com.tr\/wp-content\/uploads\/2022\/02\/duru-hd-5.png\" class=\"attachment-medium_large size-medium_large\" alt=\"\" srcset=\"https:\/\/kmkgrup.com.tr\/wp-content\/uploads\/2022\/02\/duru-hd-5.png 768w, https:\/\/kmkgrup.com.tr\/wp-content\/uploads\/2022\/02\/duru-hd-5-300x200.png 300w, https:\/\/kmkgrup.com.tr\/wp-content\/uploads\/2022\/02\/duru-hd-5-150x100.png 150w\" sizes=\"auto, (max-width: 750px) 100vw, 750px\" \/>\t\t\t\t\t\t\t\t<\/a>\n\t\t\t\t\t\t\t\t\t\t\t\t\t\t\t<\/div>\n\t\t\t\t<\/div>\n\t\t\t\t<div class=\"elementor-element elementor-element-677e0d0 elementor-widget elementor-widget-heading\" data-id=\"677e0d0\" data-element_type=\"widget\" data-widget_type=\"heading.default\">\n\t\t\t\t<div class=\"elementor-widget-container\">\n\t\t\t<h2 class=\"elementor-heading-title elementor-size-default\"><a href=\"https:\/\/kmkgrup.com.tr\/index.php\/duru-hd-5-u-l-v-makinasi\/\">DURU HD 5 U.L.V MAK\u0130NASI<\/a><\/h2>\t\t<\/div>\n\t\t\t\t<\/div>\n\t\t\t\t\t<\/div>\n\t\t<\/div>\n\t\t\t\t<div class=\"elementor-column elementor-col-50 elementor-top-column elementor-element elementor-element-a0b9437\" data-id=\"a0b9437\" data-element_type=\"column\">\n\t\t\t<div class=\"elementor-widget-wrap elementor-element-populated\">\n\t\t\t\t\t\t\t\t<div class=\"elementor-element elementor-element-a2df3d0 elementor-widget elementor-widget-image\" data-id=\"a2df3d0\" data-element_type=\"widget\" data-widget_type=\"image.default\">\n\t\t\t\t<div class=\"elementor-widget-container\">\n\t\t\t\t\t\t\t\t\t\t\t\t\t\t\t\t<a href=\"https:\/\/kmkgrup.com.tr\/index.php\/duru-hr-5-u-l-v-makinasi\/\">\n\t\t\t\t\t\t\t<img loading=\"lazy\" decoding=\"async\" width=\"768\" height=\"512\" src=\"https:\/\/kmkgrup.com.tr\/wp-content\/uploads\/2022\/02\/duru-hr-5.png\" class=\"attachment-full size-full\" alt=\"\" srcset=\"https:\/\/kmkgrup.com.tr\/wp-content\/uploads\/2022\/02\/duru-hr-5.png 768w, https:\/\/kmkgrup.com.tr\/wp-content\/uploads\/2022\/02\/duru-hr-5-300x200.png 300w, https:\/\/kmkgrup.com.tr\/wp-content\/uploads\/2022\/02\/duru-hr-5-150x100.png 150w\" sizes=\"auto, (max-width: 768px) 100vw, 768px\" \/>\t\t\t\t\t\t\t\t<\/a>\n\t\t\t\t\t\t\t\t\t\t\t\t\t\t\t<\/div>\n\t\t\t\t<\/div>\n\t\t\t\t<div class=\"elementor-element elementor-element-9ec9ce1 elementor-widget elementor-widget-heading\" data-id=\"9ec9ce1\" data-element_type=\"widget\" data-widget_type=\"heading.default\">\n\t\t\t\t<div class=\"elementor-widget-container\">\n\t\t\t<h2 class=\"elementor-heading-title elementor-size-default\"><a href=\"https:\/\/kmkgrup.com.tr\/index.php\/duru-hr-5-u-l-v-makinasi\/\">DURU HR 5 U.L.V MAK\u0130NASI<\/a><\/h2>\t\t<\/div>\n\t\t\t\t<\/div>\n\t\t\t\t\t<\/div>\n\t\t<\/div>\n\t\t\t\t\t\t\t<\/div>\n\t\t<\/section>\n\t\t\t\t<section class=\"elementor-section elementor-top-section elementor-element elementor-element-fc6c3fe elementor-section-boxed elementor-section-height-default elementor-section-height-default\" data-id=\"fc6c3fe\" data-element_type=\"section\">\n\t\t\t\t\t\t<div class=\"elementor-container elementor-column-gap-default\">\n\t\t\t\t\t<div class=\"elementor-column elementor-col-50 elementor-top-column elementor-element elementor-element-e4270d1\" data-id=\"e4270d1\" data-element_type=\"column\">\n\t\t\t<div class=\"elementor-widget-wrap elementor-element-populated\">\n\t\t\t\t\t\t\t\t<div class=\"elementor-element elementor-element-b661575 elementor-widget elementor-widget-image\" data-id=\"b661575\" data-element_type=\"widget\" data-widget_type=\"image.default\">\n\t\t\t\t<div class=\"elementor-widget-container\">\n\t\t\t\t\t\t\t\t\t\t\t\t\t\t\t\t<a href=\"https:\/\/kmkgrup.com.tr\/index.php\/duru-max-5-u-l-v-makinasi\/\">\n\t\t\t\t\t\t\t<img loading=\"lazy\" decoding=\"async\" width=\"768\" height=\"512\" src=\"https:\/\/kmkgrup.com.tr\/wp-content\/uploads\/2022\/02\/duru-max-5.png\" class=\"attachment-full size-full\" alt=\"\" srcset=\"https:\/\/kmkgrup.com.tr\/wp-content\/uploads\/2022\/02\/duru-max-5.png 768w, https:\/\/kmkgrup.com.tr\/wp-content\/uploads\/2022\/02\/duru-max-5-300x200.png 300w, https:\/\/kmkgrup.com.tr\/wp-content\/uploads\/2022\/02\/duru-max-5-150x100.png 150w\" sizes=\"auto, (max-width: 768px) 100vw, 768px\" \/>\t\t\t\t\t\t\t\t<\/a>\n\t\t\t\t\t\t\t\t\t\t\t\t\t\t\t<\/div>\n\t\t\t\t<\/div>\n\t\t\t\t<div class=\"elementor-element elementor-element-d92a6e7 elementor-widget elementor-widget-heading\" data-id=\"d92a6e7\" data-element_type=\"widget\" data-widget_type=\"heading.default\">\n\t\t\t\t<div class=\"elementor-widget-container\">\n\t\t\t<h2 class=\"elementor-heading-title elementor-size-default\"><a href=\"https:\/\/kmkgrup.com.tr\/index.php\/duru-max-5-u-l-v-makinasi\/\">DURU MAX 5 U.L.V MAK\u0130NASI<\/a><\/h2>\t\t<\/div>\n\t\t\t\t<\/div>\n\t\t\t\t\t<\/div>\n\t\t<\/div>\n\t\t\t\t<div class=\"elementor-column elementor-col-50 elementor-top-column elementor-element elementor-element-1091ad3\" data-id=\"1091ad3\" data-element_type=\"column\">\n\t\t\t<div class=\"elementor-widget-wrap elementor-element-populated\">\n\t\t\t\t\t\t\t\t<div class=\"elementor-element elementor-element-a3be7ad elementor-widget elementor-widget-image\" data-id=\"a3be7ad\" data-element_type=\"widget\" data-widget_type=\"image.default\">\n\t\t\t\t<div class=\"elementor-widget-container\">\n\t\t\t\t\t\t\t\t\t\t\t\t\t\t\t\t<a href=\"https:\/\/kmkgrup.com.tr\/index.php\/duru-max-10-u-l-v-makinasi\/\">\n\t\t\t\t\t\t\t<img loading=\"lazy\" decoding=\"async\" width=\"768\" height=\"512\" src=\"https:\/\/kmkgrup.com.tr\/wp-content\/uploads\/2022\/02\/duru-max-10.png\" class=\"attachment-full size-full\" alt=\"\" srcset=\"https:\/\/kmkgrup.com.tr\/wp-content\/uploads\/2022\/02\/duru-max-10.png 768w, https:\/\/kmkgrup.com.tr\/wp-content\/uploads\/2022\/02\/duru-max-10-300x200.png 300w, https:\/\/kmkgrup.com.tr\/wp-content\/uploads\/2022\/02\/duru-max-10-150x100.png 150w\" sizes=\"auto, (max-width: 768px) 100vw, 768px\" \/>\t\t\t\t\t\t\t\t<\/a>\n\t\t\t\t\t\t\t\t\t\t\t\t\t\t\t<\/div>\n\t\t\t\t<\/div>\n\t\t\t\t<div class=\"elementor-element elementor-element-be61c0e elementor-widget elementor-widget-heading\" data-id=\"be61c0e\" data-element_type=\"widget\" data-widget_type=\"heading.default\">\n\t\t\t\t<div class=\"elementor-widget-container\">\n\t\t\t<h2 class=\"elementor-heading-title elementor-size-default\"><a href=\"https:\/\/kmkgrup.com.tr\/index.php\/duru-max-10-u-l-v-makinasi\/\">DURU MAX 10 U.L.V MAK\u0130NASI<\/a><\/h2>\t\t<\/div>\n\t\t\t\t<\/div>\n\t\t\t\t\t<\/div>\n\t\t<\/div>\n\t\t\t\t\t\t\t<\/div>\n\t\t<\/section>\n\t\t\t\t<section class=\"elementor-section elementor-top-section elementor-element elementor-element-7a558d2 elementor-section-boxed elementor-section-height-default elementor-section-height-default\" data-id=\"7a558d2\" data-element_type=\"section\">\n\t\t\t\t\t\t<div class=\"elementor-container elementor-column-gap-default\">\n\t\t\t\t\t<div class=\"elementor-column elementor-col-50 elementor-top-column elementor-element elementor-element-1518f87\" data-id=\"1518f87\" data-element_type=\"column\">\n\t\t\t<div class=\"elementor-widget-wrap elementor-element-populated\">\n\t\t\t\t\t\t\t\t<div class=\"elementor-element elementor-element-70f3ba3 elementor-widget elementor-widget-image\" data-id=\"70f3ba3\" data-element_type=\"widget\" data-widget_type=\"image.default\">\n\t\t\t\t<div class=\"elementor-widget-container\">\n\t\t\t\t\t\t\t\t\t\t\t\t\t\t\t\t<a href=\"https:\/\/kmkgrup.com.tr\/index.php\/duru-x10-u-l-v-makinasi\/\">\n\t\t\t\t\t\t\t<img loading=\"lazy\" decoding=\"async\" width=\"768\" height=\"512\" src=\"https:\/\/kmkgrup.com.tr\/wp-content\/uploads\/2022\/02\/duru-x-10.png\" class=\"attachment-full size-full\" alt=\"\" srcset=\"https:\/\/kmkgrup.com.tr\/wp-content\/uploads\/2022\/02\/duru-x-10.png 768w, https:\/\/kmkgrup.com.tr\/wp-content\/uploads\/2022\/02\/duru-x-10-300x200.png 300w, https:\/\/kmkgrup.com.tr\/wp-content\/uploads\/2022\/02\/duru-x-10-150x100.png 150w\" sizes=\"auto, (max-width: 768px) 100vw, 768px\" \/>\t\t\t\t\t\t\t\t<\/a>\n\t\t\t\t\t\t\t\t\t\t\t\t\t\t\t<\/div>\n\t\t\t\t<\/div>\n\t\t\t\t<div class=\"elementor-element elementor-element-65cd10b elementor-widget elementor-widget-heading\" data-id=\"65cd10b\" data-element_type=\"widget\" data-widget_type=\"heading.default\">\n\t\t\t\t<div class=\"elementor-widget-container\">\n\t\t\t<h2 class=\"elementor-heading-title elementor-size-default\"><a href=\"https:\/\/kmkgrup.com.tr\/index.php\/duru-x10-u-l-v-makinasi\/\">DURU X 10 U.L.V MAK\u0130NASI<\/a><\/h2>\t\t<\/div>\n\t\t\t\t<\/div>\n\t\t\t\t\t<\/div>\n\t\t<\/div>\n\t\t\t\t<div class=\"elementor-column elementor-col-50 elementor-top-column elementor-element elementor-element-2049301\" data-id=\"2049301\" data-element_type=\"column\">\n\t\t\t<div class=\"elementor-widget-wrap elementor-element-populated\">\n\t\t\t\t\t\t\t\t<div class=\"elementor-element elementor-element-44edbe0 elementor-widget elementor-widget-image\" data-id=\"44edbe0\" data-element_type=\"widget\" data-widget_type=\"image.default\">\n\t\t\t\t<div class=\"elementor-widget-container\">\n\t\t\t\t\t\t\t\t\t\t\t\t\t\t\t\t<a href=\"https:\/\/kmkgrup.com.tr\/index.php\/duru-x-20-u-l-v-makinasi\/\">\n\t\t\t\t\t\t\t<img loading=\"lazy\" decoding=\"async\" width=\"768\" height=\"512\" src=\"https:\/\/kmkgrup.com.tr\/wp-content\/uploads\/2022\/02\/duru-x-20.png\" class=\"attachment-full size-full\" alt=\"\" srcset=\"https:\/\/kmkgrup.com.tr\/wp-content\/uploads\/2022\/02\/duru-x-20.png 768w, https:\/\/kmkgrup.com.tr\/wp-content\/uploads\/2022\/02\/duru-x-20-300x200.png 300w, https:\/\/kmkgrup.com.tr\/wp-content\/uploads\/2022\/02\/duru-x-20-150x100.png 150w\" sizes=\"auto, (max-width: 768px) 100vw, 768px\" \/>\t\t\t\t\t\t\t\t<\/a>\n\t\t\t\t\t\t\t\t\t\t\t\t\t\t\t<\/div>\n\t\t\t\t<\/div>\n\t\t\t\t<div class=\"elementor-element elementor-element-9e81142 elementor-widget elementor-widget-heading\" data-id=\"9e81142\" data-element_type=\"widget\" data-widget_type=\"heading.default\">\n\t\t\t\t<div class=\"elementor-widget-container\">\n\t\t\t<h2 class=\"elementor-heading-title elementor-size-default\"><a href=\"https:\/\/kmkgrup.com.tr\/index.php\/duru-x-20-u-l-v-makinasi\/\">DURU X 20 U.L.V MAK\u0130NASI<\/a><\/h2>\t\t<\/div>\n\t\t\t\t<\/div>\n\t\t\t\t\t<\/div>\n\t\t<\/div>\n\t\t\t\t\t\t\t<\/div>\n\t\t<\/section>\n\t\t\t\t<section class=\"elementor-section elementor-top-section elementor-element elementor-element-9f85034 elementor-section-boxed elementor-section-height-default elementor-section-height-default\" data-id=\"9f85034\" data-element_type=\"section\">\n\t\t\t\t\t\t<div class=\"elementor-container elementor-column-gap-default\">\n\t\t\t\t\t<div class=\"elementor-column elementor-col-50 elementor-top-column elementor-element elementor-element-1f0cc24\" data-id=\"1f0cc24\" data-element_type=\"column\">\n\t\t\t<div class=\"elementor-widget-wrap elementor-element-populated\">\n\t\t\t\t\t\t\t\t<div class=\"elementor-element elementor-element-71031fe elementor-widget elementor-widget-image\" data-id=\"71031fe\" data-element_type=\"widget\" data-widget_type=\"image.default\">\n\t\t\t\t<div class=\"elementor-widget-container\">\n\t\t\t\t\t\t\t\t\t\t\t\t\t\t\t\t<a href=\"https:\/\/kmkgrup.com.tr\/index.php\/duru-plus-u-l-v-makinasi\/\">\n\t\t\t\t\t\t\t<img loading=\"lazy\" decoding=\"async\" width=\"768\" height=\"512\" src=\"https:\/\/kmkgrup.com.tr\/wp-content\/uploads\/2022\/02\/duru-plus.png\" class=\"attachment-full size-full\" alt=\"\" srcset=\"https:\/\/kmkgrup.com.tr\/wp-content\/uploads\/2022\/02\/duru-plus.png 768w, https:\/\/kmkgrup.com.tr\/wp-content\/uploads\/2022\/02\/duru-plus-300x200.png 300w, https:\/\/kmkgrup.com.tr\/wp-content\/uploads\/2022\/02\/duru-plus-150x100.png 150w\" sizes=\"auto, (max-width: 768px) 100vw, 768px\" \/>\t\t\t\t\t\t\t\t<\/a>\n\t\t\t\t\t\t\t\t\t\t\t\t\t\t\t<\/div>\n\t\t\t\t<\/div>\n\t\t\t\t<div class=\"elementor-element elementor-element-05217eb elementor-widget elementor-widget-heading\" data-id=\"05217eb\" data-element_type=\"widget\" data-widget_type=\"heading.default\">\n\t\t\t\t<div class=\"elementor-widget-container\">\n\t\t\t<h2 class=\"elementor-heading-title elementor-size-default\"><a href=\"https:\/\/kmkgrup.com.tr\/index.php\/duru-plus-u-l-v-makinasi\/\">DURU PLUS  U.L.V MAK\u0130NASI<\/a><\/h2>\t\t<\/div>\n\t\t\t\t<\/div>\n\t\t\t\t\t<\/div>\n\t\t<\/div>\n\t\t\t\t<div class=\"elementor-column elementor-col-50 elementor-top-column elementor-element elementor-element-fbda41a\" data-id=\"fbda41a\" data-element_type=\"column\">\n\t\t\t<div class=\"elementor-widget-wrap elementor-element-populated\">\n\t\t\t\t\t\t\t\t<div class=\"elementor-element elementor-element-53b23d2 elementor-widget elementor-widget-spacer\" data-id=\"53b23d2\" data-element_type=\"widget\" data-widget_type=\"spacer.default\">\n\t\t\t\t<div class=\"elementor-widget-container\">\n\t\t\t\t\t<div class=\"elementor-spacer\">\n\t\t\t<div class=\"elementor-spacer-inner\"><\/div>\n\t\t<\/div>\n\t\t\t\t<\/div>\n\t\t\t\t<\/div>\n\t\t\t\t\t<\/div>\n\t\t<\/div>\n\t\t\t\t\t\t\t<\/div>\n\t\t<\/section>\n\t\t\t\t<section class=\"elementor-section elementor-top-section elementor-element elementor-element-0b2f2b3 elementor-section-boxed elementor-section-height-default elementor-section-height-default\" data-id=\"0b2f2b3\" data-element_type=\"section\">\n\t\t\t\t\t\t<div class=\"elementor-container elementor-column-gap-default\">\n\t\t\t\t\t<div class=\"elementor-column elementor-col-100 elementor-top-column elementor-element elementor-element-b0a0cf4\" data-id=\"b0a0cf4\" data-element_type=\"column\">\n\t\t\t<div class=\"elementor-widget-wrap elementor-element-populated\">\n\t\t\t\t\t\t\t\t<div class=\"elementor-element elementor-element-38d1f2d elementor-widget elementor-widget-spacer\" data-id=\"38d1f2d\" data-element_type=\"widget\" data-widget_type=\"spacer.default\">\n\t\t\t\t<div class=\"elementor-widget-container\">\n\t\t\t\t\t<div class=\"elementor-spacer\">\n\t\t\t<div class=\"elementor-spacer-inner\"><\/div>\n\t\t<\/div>\n\t\t\t\t<\/div>\n\t\t\t\t<\/div>\n\t\t\t\t\t<\/div>\n\t\t<\/div>\n\t\t\t\t\t\t\t<\/div>\n\t\t<\/section>\n\t\t\t\t\t\t<\/div>\n\t\t\t\t\t<\/div>\n\t\t","protected":false},"excerpt":{"rendered":"<p>EL T\u0130P\u0130 DEZENFEKS\u0130YON VE \u0130LA\u00c7LAMA MAK\u0130NALARI DURU HD 5 U.L.V MAK\u0130NASI DURU HR 5 U.L.V MAK\u0130NASI DURU MAX 5 U.L.V MAK\u0130NASI DURU MAX 10 U.L.V MAK\u0130NASI DURU X 10 U.L.V MAK\u0130NASI DURU X 20 U.L.V MAK\u0130NASI DURU PLUS U.L.V MAK\u0130NASI<\/p>\n","protected":false},"author":1,"featured_media":0,"parent":0,"menu_order":0,"comment_status":"closed","ping_status":"closed","template":"elementor_header_footer","meta":{"inline_featured_image":false,"footnotes":""},"class_list":["post-5512","page","type-page","status-publish","hentry"],"_links":{"self":[{"href":"https:\/\/kmkgrup.com.tr\/index.php\/wp-json\/wp\/v2\/pages\/5512","targetHints":{"allow":["GET"]}}],"collection":[{"href":"https:\/\/kmkgrup.com.tr\/index.php\/wp-json\/wp\/v2\/pages"}],"about":[{"href":"https:\/\/kmkgrup.com.tr\/index.php\/wp-json\/wp\/v2\/types\/page"}],"author":[{"embeddable":true,"href":"https:\/\/kmkgrup.com.tr\/index.php\/wp-json\/wp\/v2\/users\/1"}],"replies":[{"embeddable":true,"href":"https:\/\/kmkgrup.com.tr\/index.php\/wp-json\/wp\/v2\/comments?post=5512"}],"version-history":[{"count":10,"href":"https:\/\/kmkgrup.com.tr\/index.php\/wp-json\/wp\/v2\/pages\/5512\/revisions"}],"predecessor-version":[{"id":6341,"href":"https:\/\/kmkgrup.com.tr\/index.php\/wp-json\/wp\/v2\/pages\/5512\/revisions\/6341"}],"wp:attachment":[{"href":"https:\/\/kmkgrup.com.tr\/index.php\/wp-json\/wp\/v2\/media?parent=5512"}],"curies":[{"name":"wp","href":"https:\/\/api.w.org\/{rel}","templated":true}]}}