
{"id":5543,"date":"2022-02-27T16:30:11","date_gmt":"2022-02-27T13:30:11","guid":{"rendered":"https:\/\/kmkgrup.com.tr\/?page_id=5543"},"modified":"2022-02-27T17:17:42","modified_gmt":"2022-02-27T14:17:42","slug":"sera-ilaclama-makinalari","status":"publish","type":"page","link":"https:\/\/kmkgrup.com.tr\/index.php\/sera-ilaclama-makinalari\/","title":{"rendered":"SERA \u0130LA\u00c7LAMA MAK\u0130NALARI"},"content":{"rendered":"\t\t<div data-elementor-type=\"wp-page\" data-elementor-id=\"5543\" class=\"elementor elementor-5543\" data-elementor-settings=\"[]\">\n\t\t\t\t\t\t\t<div class=\"elementor-section-wrap\">\n\t\t\t\t\t\t\t<section class=\"elementor-section elementor-top-section elementor-element elementor-element-43a8b5d elementor-section-boxed elementor-section-height-default elementor-section-height-default\" data-id=\"43a8b5d\" data-element_type=\"section\">\n\t\t\t\t\t\t<div class=\"elementor-container elementor-column-gap-default\">\n\t\t\t\t\t<div class=\"elementor-column elementor-col-100 elementor-top-column elementor-element elementor-element-acd2e91\" data-id=\"acd2e91\" data-element_type=\"column\">\n\t\t\t<div class=\"elementor-widget-wrap elementor-element-populated\">\n\t\t\t\t\t\t\t\t<div class=\"elementor-element elementor-element-afc9b8a elementor-widget elementor-widget-spacer\" data-id=\"afc9b8a\" data-element_type=\"widget\" data-widget_type=\"spacer.default\">\n\t\t\t\t<div class=\"elementor-widget-container\">\n\t\t\t\t\t<div class=\"elementor-spacer\">\n\t\t\t<div class=\"elementor-spacer-inner\"><\/div>\n\t\t<\/div>\n\t\t\t\t<\/div>\n\t\t\t\t<\/div>\n\t\t\t\t<div class=\"elementor-element elementor-element-403c647 elementor-widget elementor-widget-heading\" data-id=\"403c647\" data-element_type=\"widget\" data-widget_type=\"heading.default\">\n\t\t\t\t<div class=\"elementor-widget-container\">\n\t\t\t<h2 class=\"elementor-heading-title elementor-size-default\">SERA \u0130LA\u00c7LAMA MAK\u0130NALARI<\/h2>\t\t<\/div>\n\t\t\t\t<\/div>\n\t\t\t\t\t<\/div>\n\t\t<\/div>\n\t\t\t\t\t\t\t<\/div>\n\t\t<\/section>\n\t\t\t\t<section class=\"elementor-section elementor-top-section elementor-element elementor-element-af1a0f3 elementor-section-boxed elementor-section-height-default elementor-section-height-default\" data-id=\"af1a0f3\" data-element_type=\"section\">\n\t\t\t\t\t\t<div class=\"elementor-container elementor-column-gap-default\">\n\t\t\t\t\t<div class=\"elementor-column elementor-col-50 elementor-top-column elementor-element elementor-element-7acfd0f\" data-id=\"7acfd0f\" data-element_type=\"column\">\n\t\t\t<div class=\"elementor-widget-wrap elementor-element-populated\">\n\t\t\t\t\t\t\t\t<div class=\"elementor-element elementor-element-30d5d55 elementor-widget elementor-widget-image\" data-id=\"30d5d55\" data-element_type=\"widget\" data-widget_type=\"image.default\">\n\t\t\t\t<div class=\"elementor-widget-container\">\n\t\t\t\t\t\t\t\t\t\t\t\t\t\t\t\t<a href=\"https:\/\/kmkgrup.com.tr\/index.php\/duru-entosis-20\/\">\n\t\t\t\t\t\t\t<img loading=\"lazy\" decoding=\"async\" width=\"750\" height=\"500\" src=\"data:image\/svg+xml,%20%3Csvg%20viewBox%3D%220%200%20750%20500%22%20xmlns%3D%22http%3A%2F%2Fwww.w3.org%2F2000%2Fsvg%22%3E%3C%2Fsvg%3E\" data-src=\"https:\/\/kmkgrup.com.tr\/wp-content\/uploads\/2022\/02\/duru-entosis-20.png\" class=\" lazyload attachment-large size-large\" alt=\"\" srcset=\"\" data-srcset=\"https:\/\/kmkgrup.com.tr\/wp-content\/uploads\/2022\/02\/duru-entosis-20.png 768w, https:\/\/kmkgrup.com.tr\/wp-content\/uploads\/2022\/02\/duru-entosis-20-300x200.png 300w, https:\/\/kmkgrup.com.tr\/wp-content\/uploads\/2022\/02\/duru-entosis-20-150x100.png 150w\" sizes=\"auto, (max-width: 750px) 100vw, 750px\" \/>\t\t\t\t\t\t\t\t<\/a>\n\t\t\t\t\t\t\t\t\t\t\t\t\t\t\t<\/div>\n\t\t\t\t<\/div>\n\t\t\t\t<div class=\"elementor-element elementor-element-a1f2478 elementor-widget elementor-widget-heading\" data-id=\"a1f2478\" data-element_type=\"widget\" data-widget_type=\"heading.default\">\n\t\t\t\t<div class=\"elementor-widget-container\">\n\t\t\t<h2 class=\"elementor-heading-title elementor-size-default\"><a href=\"https:\/\/kmkgrup.com.tr\/index.php\/duru-entosis-20\/\">DURU ENTOS\u0130S 20<\/a><\/h2>\t\t<\/div>\n\t\t\t\t<\/div>\n\t\t\t\t\t<\/div>\n\t\t<\/div>\n\t\t\t\t<div class=\"elementor-column elementor-col-50 elementor-top-column elementor-element elementor-element-964c0a8\" data-id=\"964c0a8\" data-element_type=\"column\">\n\t\t\t<div class=\"elementor-widget-wrap elementor-element-populated\">\n\t\t\t\t\t\t\t\t<div class=\"elementor-element elementor-element-df3a8f7 elementor-widget elementor-widget-image\" data-id=\"df3a8f7\" data-element_type=\"widget\" data-widget_type=\"image.default\">\n\t\t\t\t<div class=\"elementor-widget-container\">\n\t\t\t\t\t\t\t\t\t\t\t\t\t\t\t\t<a href=\"https:\/\/kmkgrup.com.tr\/index.php\/duru-entosis-50\/\">\n\t\t\t\t\t\t\t<img loading=\"lazy\" decoding=\"async\" width=\"750\" height=\"500\" src=\"data:image\/svg+xml,%20%3Csvg%20viewBox%3D%220%200%20750%20500%22%20xmlns%3D%22http%3A%2F%2Fwww.w3.org%2F2000%2Fsvg%22%3E%3C%2Fsvg%3E\" data-src=\"https:\/\/kmkgrup.com.tr\/wp-content\/uploads\/2022\/02\/duru-entosis-50.png\" class=\" lazyload attachment-large size-large\" alt=\"\" srcset=\"\" data-srcset=\"https:\/\/kmkgrup.com.tr\/wp-content\/uploads\/2022\/02\/duru-entosis-50.png 768w, https:\/\/kmkgrup.com.tr\/wp-content\/uploads\/2022\/02\/duru-entosis-50-300x200.png 300w, https:\/\/kmkgrup.com.tr\/wp-content\/uploads\/2022\/02\/duru-entosis-50-150x100.png 150w\" sizes=\"auto, (max-width: 750px) 100vw, 750px\" \/>\t\t\t\t\t\t\t\t<\/a>\n\t\t\t\t\t\t\t\t\t\t\t\t\t\t\t<\/div>\n\t\t\t\t<\/div>\n\t\t\t\t<div class=\"elementor-element elementor-element-f3790bd elementor-widget elementor-widget-heading\" data-id=\"f3790bd\" data-element_type=\"widget\" data-widget_type=\"heading.default\">\n\t\t\t\t<div class=\"elementor-widget-container\">\n\t\t\t<h2 class=\"elementor-heading-title elementor-size-default\"><a href=\"https:\/\/kmkgrup.com.tr\/index.php\/duru-entosis-50\/\">DURU ENTOS\u0130S 50<\/a><\/h2>\t\t<\/div>\n\t\t\t\t<\/div>\n\t\t\t\t\t<\/div>\n\t\t<\/div>\n\t\t\t\t\t\t\t<\/div>\n\t\t<\/section>\n\t\t\t\t<section class=\"elementor-section elementor-top-section elementor-element elementor-element-9a0576d elementor-section-boxed elementor-section-height-default elementor-section-height-default\" data-id=\"9a0576d\" data-element_type=\"section\">\n\t\t\t\t\t\t<div class=\"elementor-container elementor-column-gap-default\">\n\t\t\t\t\t<div class=\"elementor-column elementor-col-50 elementor-top-column elementor-element elementor-element-6510a7a\" data-id=\"6510a7a\" data-element_type=\"column\">\n\t\t\t<div class=\"elementor-widget-wrap elementor-element-populated\">\n\t\t\t\t\t\t\t\t<div class=\"elementor-element elementor-element-61878f3 elementor-widget elementor-widget-image\" data-id=\"61878f3\" data-element_type=\"widget\" data-widget_type=\"image.default\">\n\t\t\t\t<div class=\"elementor-widget-container\">\n\t\t\t\t\t\t\t\t\t\t\t\t\t\t\t\t<a href=\"https:\/\/kmkgrup.com.tr\/index.php\/duru-sera-max-50\/\">\n\t\t\t\t\t\t\t<img loading=\"lazy\" decoding=\"async\" width=\"750\" height=\"500\" src=\"data:image\/svg+xml,%20%3Csvg%20viewBox%3D%220%200%20750%20500%22%20xmlns%3D%22http%3A%2F%2Fwww.w3.org%2F2000%2Fsvg%22%3E%3C%2Fsvg%3E\" data-src=\"https:\/\/kmkgrup.com.tr\/wp-content\/uploads\/2022\/02\/duru-sera-max-50.png\" class=\" lazyload attachment-large size-large\" alt=\"\" srcset=\"\" data-srcset=\"https:\/\/kmkgrup.com.tr\/wp-content\/uploads\/2022\/02\/duru-sera-max-50.png 768w, https:\/\/kmkgrup.com.tr\/wp-content\/uploads\/2022\/02\/duru-sera-max-50-300x200.png 300w, https:\/\/kmkgrup.com.tr\/wp-content\/uploads\/2022\/02\/duru-sera-max-50-150x100.png 150w\" sizes=\"auto, (max-width: 750px) 100vw, 750px\" \/>\t\t\t\t\t\t\t\t<\/a>\n\t\t\t\t\t\t\t\t\t\t\t\t\t\t\t<\/div>\n\t\t\t\t<\/div>\n\t\t\t\t<div class=\"elementor-element elementor-element-eb8d6bd elementor-widget elementor-widget-heading\" data-id=\"eb8d6bd\" data-element_type=\"widget\" data-widget_type=\"heading.default\">\n\t\t\t\t<div class=\"elementor-widget-container\">\n\t\t\t<h2 class=\"elementor-heading-title elementor-size-default\"><a href=\"https:\/\/kmkgrup.com.tr\/index.php\/duru-sera-max-50\/\">DURU SERA MAX 50<\/a><\/h2>\t\t<\/div>\n\t\t\t\t<\/div>\n\t\t\t\t\t<\/div>\n\t\t<\/div>\n\t\t\t\t<div class=\"elementor-column elementor-col-50 elementor-top-column elementor-element elementor-element-2be91b4\" data-id=\"2be91b4\" data-element_type=\"column\">\n\t\t\t<div class=\"elementor-widget-wrap elementor-element-populated\">\n\t\t\t\t\t\t\t\t<div class=\"elementor-element elementor-element-4254e10 elementor-widget elementor-widget-image\" data-id=\"4254e10\" data-element_type=\"widget\" data-widget_type=\"image.default\">\n\t\t\t\t<div class=\"elementor-widget-container\">\n\t\t\t\t\t\t\t\t\t\t\t\t\t\t\t\t<a href=\"https:\/\/kmkgrup.com.tr\/index.php\/duru-sera-ultra-20\/\">\n\t\t\t\t\t\t\t<img loading=\"lazy\" decoding=\"async\" width=\"750\" height=\"500\" src=\"data:image\/svg+xml,%20%3Csvg%20viewBox%3D%220%200%20750%20500%22%20xmlns%3D%22http%3A%2F%2Fwww.w3.org%2F2000%2Fsvg%22%3E%3C%2Fsvg%3E\" data-src=\"https:\/\/kmkgrup.com.tr\/wp-content\/uploads\/2022\/02\/duru-sera-ultra-20.png\" class=\" lazyload attachment-large size-large\" alt=\"\" srcset=\"\" data-srcset=\"https:\/\/kmkgrup.com.tr\/wp-content\/uploads\/2022\/02\/duru-sera-ultra-20.png 768w, https:\/\/kmkgrup.com.tr\/wp-content\/uploads\/2022\/02\/duru-sera-ultra-20-300x200.png 300w, https:\/\/kmkgrup.com.tr\/wp-content\/uploads\/2022\/02\/duru-sera-ultra-20-150x100.png 150w\" sizes=\"auto, (max-width: 750px) 100vw, 750px\" \/>\t\t\t\t\t\t\t\t<\/a>\n\t\t\t\t\t\t\t\t\t\t\t\t\t\t\t<\/div>\n\t\t\t\t<\/div>\n\t\t\t\t<div class=\"elementor-element elementor-element-988efbe elementor-widget elementor-widget-heading\" data-id=\"988efbe\" data-element_type=\"widget\" data-widget_type=\"heading.default\">\n\t\t\t\t<div class=\"elementor-widget-container\">\n\t\t\t<h2 class=\"elementor-heading-title elementor-size-default\"><a href=\"https:\/\/kmkgrup.com.tr\/index.php\/duru-sera-ultra-20\/\">DURU SERA ULTRA 20<\/a><\/h2>\t\t<\/div>\n\t\t\t\t<\/div>\n\t\t\t\t\t<\/div>\n\t\t<\/div>\n\t\t\t\t\t\t\t<\/div>\n\t\t<\/section>\n\t\t\t\t<section class=\"elementor-section elementor-top-section elementor-element elementor-element-fb387a2 elementor-section-boxed elementor-section-height-default elementor-section-height-default\" data-id=\"fb387a2\" data-element_type=\"section\">\n\t\t\t\t\t\t<div class=\"elementor-container elementor-column-gap-default\">\n\t\t\t\t\t<div class=\"elementor-column elementor-col-50 elementor-top-column elementor-element elementor-element-31aa9d7\" data-id=\"31aa9d7\" data-element_type=\"column\">\n\t\t\t<div class=\"elementor-widget-wrap elementor-element-populated\">\n\t\t\t\t\t\t\t\t<div class=\"elementor-element elementor-element-499d030 elementor-widget elementor-widget-image\" data-id=\"499d030\" data-element_type=\"widget\" data-widget_type=\"image.default\">\n\t\t\t\t<div class=\"elementor-widget-container\">\n\t\t\t\t\t\t\t\t\t\t\t\t\t\t\t\t<a href=\"https:\/\/kmkgrup.com.tr\/index.php\/duru-sera-plus-20\/\">\n\t\t\t\t\t\t\t<img loading=\"lazy\" decoding=\"async\" width=\"750\" height=\"500\" src=\"data:image\/svg+xml,%20%3Csvg%20viewBox%3D%220%200%20750%20500%22%20xmlns%3D%22http%3A%2F%2Fwww.w3.org%2F2000%2Fsvg%22%3E%3C%2Fsvg%3E\" data-src=\"https:\/\/kmkgrup.com.tr\/wp-content\/uploads\/2022\/02\/duru-sera-plus-20.png\" class=\" lazyload attachment-large size-large\" alt=\"\" srcset=\"\" data-srcset=\"https:\/\/kmkgrup.com.tr\/wp-content\/uploads\/2022\/02\/duru-sera-plus-20.png 768w, https:\/\/kmkgrup.com.tr\/wp-content\/uploads\/2022\/02\/duru-sera-plus-20-300x200.png 300w, https:\/\/kmkgrup.com.tr\/wp-content\/uploads\/2022\/02\/duru-sera-plus-20-150x100.png 150w\" sizes=\"auto, (max-width: 750px) 100vw, 750px\" \/>\t\t\t\t\t\t\t\t<\/a>\n\t\t\t\t\t\t\t\t\t\t\t\t\t\t\t<\/div>\n\t\t\t\t<\/div>\n\t\t\t\t<div class=\"elementor-element elementor-element-7ebf780 elementor-widget elementor-widget-heading\" data-id=\"7ebf780\" data-element_type=\"widget\" data-widget_type=\"heading.default\">\n\t\t\t\t<div class=\"elementor-widget-container\">\n\t\t\t<h2 class=\"elementor-heading-title elementor-size-default\"><a href=\"https:\/\/kmkgrup.com.tr\/index.php\/duru-sera-plus-20\/\">DURU SERA PLUS 20<\/a><\/h2>\t\t<\/div>\n\t\t\t\t<\/div>\n\t\t\t\t\t<\/div>\n\t\t<\/div>\n\t\t\t\t<div class=\"elementor-column elementor-col-50 elementor-top-column elementor-element elementor-element-f088f58\" data-id=\"f088f58\" data-element_type=\"column\">\n\t\t\t<div class=\"elementor-widget-wrap\">\n\t\t\t\t\t\t\t\t\t<\/div>\n\t\t<\/div>\n\t\t\t\t\t\t\t<\/div>\n\t\t<\/section>\n\t\t\t\t<section class=\"elementor-section elementor-top-section elementor-element elementor-element-7d648c4 elementor-section-boxed elementor-section-height-default elementor-section-height-default\" data-id=\"7d648c4\" data-element_type=\"section\">\n\t\t\t\t\t\t<div class=\"elementor-container elementor-column-gap-default\">\n\t\t\t\t\t<div class=\"elementor-column elementor-col-100 elementor-top-column elementor-element elementor-element-164a9ab\" data-id=\"164a9ab\" data-element_type=\"column\">\n\t\t\t<div class=\"elementor-widget-wrap elementor-element-populated\">\n\t\t\t\t\t\t\t\t<div class=\"elementor-element elementor-element-47ad9d5 elementor-widget elementor-widget-spacer\" data-id=\"47ad9d5\" data-element_type=\"widget\" data-widget_type=\"spacer.default\">\n\t\t\t\t<div class=\"elementor-widget-container\">\n\t\t\t\t\t<div class=\"elementor-spacer\">\n\t\t\t<div class=\"elementor-spacer-inner\"><\/div>\n\t\t<\/div>\n\t\t\t\t<\/div>\n\t\t\t\t<\/div>\n\t\t\t\t\t<\/div>\n\t\t<\/div>\n\t\t\t\t\t\t\t<\/div>\n\t\t<\/section>\n\t\t\t\t\t\t<\/div>\n\t\t\t\t\t<\/div>\n\t\t","protected":false},"excerpt":{"rendered":"<p>SERA \u0130LA\u00c7LAMA MAK\u0130NALARI DURU ENTOS\u0130S 20 DURU ENTOS\u0130S 50 DURU SERA MAX 50 DURU SERA ULTRA 20 DURU SERA PLUS 20<\/p>\n","protected":false},"author":1,"featured_media":0,"parent":0,"menu_order":0,"comment_status":"closed","ping_status":"closed","template":"elementor_header_footer","meta":{"inline_featured_image":false,"footnotes":""},"class_list":["post-5543","page","type-page","status-publish","hentry"],"_links":{"self":[{"href":"https:\/\/kmkgrup.com.tr\/index.php\/wp-json\/wp\/v2\/pages\/5543","targetHints":{"allow":["GET"]}}],"collection":[{"href":"https:\/\/kmkgrup.com.tr\/index.php\/wp-json\/wp\/v2\/pages"}],"about":[{"href":"https:\/\/kmkgrup.com.tr\/index.php\/wp-json\/wp\/v2\/types\/page"}],"author":[{"embeddable":true,"href":"https:\/\/kmkgrup.com.tr\/index.php\/wp-json\/wp\/v2\/users\/1"}],"replies":[{"embeddable":true,"href":"https:\/\/kmkgrup.com.tr\/index.php\/wp-json\/wp\/v2\/comments?post=5543"}],"version-history":[{"count":4,"href":"https:\/\/kmkgrup.com.tr\/index.php\/wp-json\/wp\/v2\/pages\/5543\/revisions"}],"predecessor-version":[{"id":5553,"href":"https:\/\/kmkgrup.com.tr\/index.php\/wp-json\/wp\/v2\/pages\/5543\/revisions\/5553"}],"wp:attachment":[{"href":"https:\/\/kmkgrup.com.tr\/index.php\/wp-json\/wp\/v2\/media?parent=5543"}],"curies":[{"name":"wp","href":"https:\/\/api.w.org\/{rel}","templated":true}]}}