
{"id":5563,"date":"2022-02-27T18:37:18","date_gmt":"2022-02-27T15:37:18","guid":{"rendered":"https:\/\/kmkgrup.com.tr\/?page_id=5563"},"modified":"2026-01-03T15:05:36","modified_gmt":"2026-01-03T12:05:36","slug":"iletisim","status":"publish","type":"page","link":"https:\/\/kmkgrup.com.tr\/index.php\/iletisim\/","title":{"rendered":"\u0130LET\u0130\u015e\u0130M"},"content":{"rendered":"\t\t<div data-elementor-type=\"wp-page\" data-elementor-id=\"5563\" class=\"elementor elementor-5563\" data-elementor-settings=\"[]\">\n\t\t\t\t\t\t\t<div class=\"elementor-section-wrap\">\n\t\t\t\t\t\t\t<section class=\"elementor-section elementor-top-section elementor-element elementor-element-f349cec elementor-section-boxed elementor-section-height-default elementor-section-height-default\" data-id=\"f349cec\" data-element_type=\"section\">\n\t\t\t\t\t\t<div class=\"elementor-container elementor-column-gap-default\">\n\t\t\t\t\t<div class=\"elementor-column elementor-col-100 elementor-top-column elementor-element elementor-element-5c7a61c\" data-id=\"5c7a61c\" data-element_type=\"column\">\n\t\t\t<div class=\"elementor-widget-wrap elementor-element-populated\">\n\t\t\t\t\t\t\t\t<div class=\"elementor-element elementor-element-832df43 elementor-widget elementor-widget-spacer\" data-id=\"832df43\" data-element_type=\"widget\" data-widget_type=\"spacer.default\">\n\t\t\t\t<div class=\"elementor-widget-container\">\n\t\t\t\t\t<div class=\"elementor-spacer\">\n\t\t\t<div class=\"elementor-spacer-inner\"><\/div>\n\t\t<\/div>\n\t\t\t\t<\/div>\n\t\t\t\t<\/div>\n\t\t\t\t<div class=\"elementor-element elementor-element-93a8d20 elementor-widget elementor-widget-heading\" data-id=\"93a8d20\" data-element_type=\"widget\" data-widget_type=\"heading.default\">\n\t\t\t\t<div class=\"elementor-widget-container\">\n\t\t\t<h1 class=\"elementor-heading-title elementor-size-default\"> \u0130LET\u0130\u015e\u0130M<\/h1>\t\t<\/div>\n\t\t\t\t<\/div>\n\t\t\t\t\t<\/div>\n\t\t<\/div>\n\t\t\t\t\t\t\t<\/div>\n\t\t<\/section>\n\t\t\t\t<section class=\"elementor-section elementor-top-section elementor-element elementor-element-8a0e793 elementor-section-boxed elementor-section-height-default elementor-section-height-default\" data-id=\"8a0e793\" data-element_type=\"section\">\n\t\t\t\t\t\t<div class=\"elementor-container elementor-column-gap-default\">\n\t\t\t\t\t<div class=\"elementor-column elementor-col-100 elementor-top-column elementor-element elementor-element-b6d435c\" data-id=\"b6d435c\" data-element_type=\"column\">\n\t\t\t<div class=\"elementor-widget-wrap elementor-element-populated\">\n\t\t\t\t\t\t\t\t<div class=\"elementor-element elementor-element-cf7aede elementor-widget elementor-widget-text-editor\" data-id=\"cf7aede\" data-element_type=\"widget\" data-widget_type=\"text-editor.default\">\n\t\t\t\t<div class=\"elementor-widget-container\">\n\t\t\t\t\t\t\t<h5><span style=\"color: #000000;\">\u00a0E ME\u0130L : <a style=\"color: #000000;\" href=\"mailto:info@duruhd.com\">info@duruhd.com<\/a><\/span><\/h5>\n<h5><span style=\"color: #000000;\">ADRES : Osman kavuncu mah. Emirhan cad. no : 4 Melikgazi \/KAYSER\u0130<\/span><\/h5>\n<h5><span style=\"color: #000000;\">Tel : 0352 320 20 86<\/span><\/h5>\n<h5><span style=\"color: #000000;\">Gsm : 0532 065 9117<\/span><\/h5>\t\t\t\t\t\t<\/div>\n\t\t\t\t<\/div>\n\t\t\t\t\t<\/div>\n\t\t<\/div>\n\t\t\t\t\t\t\t<\/div>\n\t\t<\/section>\n\t\t\t\t<section class=\"elementor-section elementor-top-section elementor-element elementor-element-3487883 elementor-section-boxed elementor-section-height-default elementor-section-height-default\" data-id=\"3487883\" data-element_type=\"section\">\n\t\t\t\t\t\t<div class=\"elementor-container elementor-column-gap-default\">\n\t\t\t\t\t<div class=\"elementor-column elementor-col-100 elementor-top-column elementor-element elementor-element-85c0139\" data-id=\"85c0139\" data-element_type=\"column\">\n\t\t\t<div class=\"elementor-widget-wrap elementor-element-populated\">\n\t\t\t\t\t\t\t\t<div class=\"elementor-element elementor-element-1c1c475 elementor-widget elementor-widget-image\" data-id=\"1c1c475\" data-element_type=\"widget\" data-widget_type=\"image.default\">\n\t\t\t\t<div class=\"elementor-widget-container\">\n\t\t\t\t\t\t\t\t\t\t\t\t\t\t\t<img loading=\"lazy\" decoding=\"async\" width=\"558\" height=\"699\" src=\"data:image\/svg+xml,%20%3Csvg%20viewBox%3D%220%200%20558%20699%22%20xmlns%3D%22http%3A%2F%2Fwww.w3.org%2F2000%2Fsvg%22%3E%3C%2Fsvg%3E\" data-src=\"https:\/\/kmkgrup.com.tr\/wp-content\/uploads\/2022\/03\/kmk-hakkimizda.jpg\" class=\" lazyload attachment-large size-large\" alt=\"\" srcset=\"\" data-srcset=\"https:\/\/kmkgrup.com.tr\/wp-content\/uploads\/2022\/03\/kmk-hakkimizda.jpg 558w, https:\/\/kmkgrup.com.tr\/wp-content\/uploads\/2022\/03\/kmk-hakkimizda-239x300.jpg 239w, https:\/\/kmkgrup.com.tr\/wp-content\/uploads\/2022\/03\/kmk-hakkimizda-120x150.jpg 120w\" sizes=\"auto, (max-width: 558px) 100vw, 558px\" \/>\t\t\t\t\t\t\t\t\t\t\t\t\t\t\t<\/div>\n\t\t\t\t<\/div>\n\t\t\t\t\t<\/div>\n\t\t<\/div>\n\t\t\t\t\t\t\t<\/div>\n\t\t<\/section>\n\t\t\t\t\t\t<\/div>\n\t\t\t\t\t<\/div>\n\t\t","protected":false},"excerpt":{"rendered":"<p>\u0130LET\u0130\u015e\u0130M \u00a0E ME\u0130L : info@duruhd.com ADRES : Osman kavuncu mah. Emirhan cad. no : 4 Melikgazi \/KAYSER\u0130 Tel : 0352 320 20 86 Gsm : 0532 065 9117<\/p>\n","protected":false},"author":1,"featured_media":0,"parent":0,"menu_order":0,"comment_status":"closed","ping_status":"closed","template":"elementor_header_footer","meta":{"inline_featured_image":false,"footnotes":""},"class_list":["post-5563","page","type-page","status-publish","hentry"],"_links":{"self":[{"href":"https:\/\/kmkgrup.com.tr\/index.php\/wp-json\/wp\/v2\/pages\/5563","targetHints":{"allow":["GET"]}}],"collection":[{"href":"https:\/\/kmkgrup.com.tr\/index.php\/wp-json\/wp\/v2\/pages"}],"about":[{"href":"https:\/\/kmkgrup.com.tr\/index.php\/wp-json\/wp\/v2\/types\/page"}],"author":[{"embeddable":true,"href":"https:\/\/kmkgrup.com.tr\/index.php\/wp-json\/wp\/v2\/users\/1"}],"replies":[{"embeddable":true,"href":"https:\/\/kmkgrup.com.tr\/index.php\/wp-json\/wp\/v2\/comments?post=5563"}],"version-history":[{"count":16,"href":"https:\/\/kmkgrup.com.tr\/index.php\/wp-json\/wp\/v2\/pages\/5563\/revisions"}],"predecessor-version":[{"id":6338,"href":"https:\/\/kmkgrup.com.tr\/index.php\/wp-json\/wp\/v2\/pages\/5563\/revisions\/6338"}],"wp:attachment":[{"href":"https:\/\/kmkgrup.com.tr\/index.php\/wp-json\/wp\/v2\/media?parent=5563"}],"curies":[{"name":"wp","href":"https:\/\/api.w.org\/{rel}","templated":true}]}}