
{"id":5760,"date":"2022-03-03T03:52:52","date_gmt":"2022-03-03T00:52:52","guid":{"rendered":"https:\/\/kmkgrup.com.tr\/?page_id=5760"},"modified":"2022-03-03T03:56:07","modified_gmt":"2022-03-03T00:56:07","slug":"bermuda-ew-hasere-ilaci","status":"publish","type":"page","link":"https:\/\/kmkgrup.com.tr\/index.php\/bermuda-ew-hasere-ilaci\/","title":{"rendered":"BERMUDA EW HA\u015eERE \u0130LACI"},"content":{"rendered":"\t\t<div data-elementor-type=\"wp-page\" data-elementor-id=\"5760\" class=\"elementor elementor-5760\" data-elementor-settings=\"[]\">\n\t\t\t\t\t\t\t<div class=\"elementor-section-wrap\">\n\t\t\t\t\t\t\t<section class=\"elementor-section elementor-top-section elementor-element elementor-element-7e35008 elementor-section-boxed elementor-section-height-default elementor-section-height-default\" data-id=\"7e35008\" data-element_type=\"section\">\n\t\t\t\t\t\t<div class=\"elementor-container elementor-column-gap-default\">\n\t\t\t\t\t<div class=\"elementor-column elementor-col-100 elementor-top-column elementor-element elementor-element-cf53e35\" data-id=\"cf53e35\" data-element_type=\"column\">\n\t\t\t<div class=\"elementor-widget-wrap\">\n\t\t\t\t\t\t\t\t\t<\/div>\n\t\t<\/div>\n\t\t\t\t\t\t\t<\/div>\n\t\t<\/section>\n\t\t\t\t<section class=\"elementor-section elementor-top-section elementor-element elementor-element-f385aa5 elementor-section-boxed elementor-section-height-default elementor-section-height-default\" data-id=\"f385aa5\" data-element_type=\"section\">\n\t\t\t\t\t\t<div class=\"elementor-container elementor-column-gap-default\">\n\t\t\t\t\t<div class=\"elementor-column elementor-col-50 elementor-top-column elementor-element elementor-element-985990f\" data-id=\"985990f\" data-element_type=\"column\">\n\t\t\t<div class=\"elementor-widget-wrap elementor-element-populated\">\n\t\t\t\t\t\t\t\t<div class=\"elementor-element elementor-element-e95a490 elementor-widget elementor-widget-image\" data-id=\"e95a490\" data-element_type=\"widget\" data-widget_type=\"image.default\">\n\t\t\t\t<div class=\"elementor-widget-container\">\n\t\t\t\t\t\t\t\t\t\t\t\t\t\t\t\t<a href=\"https:\/\/kmkgrup.com.tr\/wp-content\/uploads\/2022\/03\/bermuda-cv.png\" data-elementor-open-lightbox=\"yes\" data-elementor-lightbox-title=\"bermuda-ew\">\n\t\t\t\t\t\t\t<img loading=\"lazy\" decoding=\"async\" width=\"750\" height=\"500\" src=\"data:image\/svg+xml,%20%3Csvg%20viewBox%3D%220%200%20750%20500%22%20xmlns%3D%22http%3A%2F%2Fwww.w3.org%2F2000%2Fsvg%22%3E%3C%2Fsvg%3E\" data-src=\"https:\/\/kmkgrup.com.tr\/wp-content\/uploads\/2022\/03\/bermuda-cv.png\" class=\" lazyload attachment-large size-large\" alt=\"\" srcset=\"\" data-srcset=\"https:\/\/kmkgrup.com.tr\/wp-content\/uploads\/2022\/03\/bermuda-cv.png 768w, https:\/\/kmkgrup.com.tr\/wp-content\/uploads\/2022\/03\/bermuda-cv-300x200.png 300w, https:\/\/kmkgrup.com.tr\/wp-content\/uploads\/2022\/03\/bermuda-cv-150x100.png 150w\" sizes=\"auto, (max-width: 750px) 100vw, 750px\" \/>\t\t\t\t\t\t\t\t<\/a>\n\t\t\t\t\t\t\t\t\t\t\t\t\t\t\t<\/div>\n\t\t\t\t<\/div>\n\t\t\t\t\t<\/div>\n\t\t<\/div>\n\t\t\t\t<div class=\"elementor-column elementor-col-50 elementor-top-column elementor-element elementor-element-5f71dc5\" data-id=\"5f71dc5\" data-element_type=\"column\">\n\t\t\t<div class=\"elementor-widget-wrap elementor-element-populated\">\n\t\t\t\t\t\t\t\t<div class=\"elementor-element elementor-element-9e89985 elementor-widget elementor-widget-heading\" data-id=\"9e89985\" data-element_type=\"widget\" data-widget_type=\"heading.default\">\n\t\t\t\t<div class=\"elementor-widget-container\">\n\t\t\t<h2 class=\"elementor-heading-title elementor-size-default\">BERMUDA EW  HA\u015eERE \u0130LACI<\/h2>\t\t<\/div>\n\t\t\t\t<\/div>\n\t\t\t\t<div class=\"elementor-element elementor-element-63c0494 elementor-widget elementor-widget-text-editor\" data-id=\"63c0494\" data-element_type=\"widget\" data-widget_type=\"text-editor.default\">\n\t\t\t\t<div class=\"elementor-widget-container\">\n\t\t\t\t\t\t\t<p>HA\u015eERE \u0130LACI<\/p>\t\t\t\t\t\t<\/div>\n\t\t\t\t<\/div>\n\t\t\t\t<div class=\"elementor-element elementor-element-538af75 elementor-widget elementor-widget-spacer\" data-id=\"538af75\" data-element_type=\"widget\" data-widget_type=\"spacer.default\">\n\t\t\t\t<div class=\"elementor-widget-container\">\n\t\t\t\t\t<div class=\"elementor-spacer\">\n\t\t\t<div class=\"elementor-spacer-inner\"><\/div>\n\t\t<\/div>\n\t\t\t\t<\/div>\n\t\t\t\t<\/div>\n\t\t\t\t<div class=\"elementor-element elementor-element-ea33c7b elementor-align-center elementor-widget elementor-widget-button\" data-id=\"ea33c7b\" data-element_type=\"widget\" data-widget_type=\"button.default\">\n\t\t\t\t<div class=\"elementor-widget-container\">\n\t\t\t\t\t<div class=\"elementor-button-wrapper\">\n\t\t\t<a class=\"elementor-button elementor-size-xl\" role=\"button\">\n\t\t\t\t\t\t<span class=\"elementor-button-content-wrapper\">\n\t\t\t\t\t\t<span class=\"elementor-button-text\">SATIN AL<\/span>\n\t\t<\/span>\n\t\t\t\t\t<\/a>\n\t\t<\/div>\n\t\t\t\t<\/div>\n\t\t\t\t<\/div>\n\t\t\t\t\t<\/div>\n\t\t<\/div>\n\t\t\t\t\t\t\t<\/div>\n\t\t<\/section>\n\t\t\t\t<section class=\"elementor-section elementor-top-section elementor-element elementor-element-0b6866f elementor-section-boxed elementor-section-height-default elementor-section-height-default\" data-id=\"0b6866f\" data-element_type=\"section\">\n\t\t\t\t\t\t<div class=\"elementor-container elementor-column-gap-default\">\n\t\t\t\t\t<div class=\"elementor-column elementor-col-100 elementor-top-column elementor-element elementor-element-bf57aa5\" data-id=\"bf57aa5\" data-element_type=\"column\">\n\t\t\t<div class=\"elementor-widget-wrap elementor-element-populated\">\n\t\t\t\t\t\t\t\t<div class=\"elementor-element elementor-element-b44e980 elementor-tabs-view-horizontal elementor-widget elementor-widget-tabs\" data-id=\"b44e980\" data-element_type=\"widget\" data-widget_type=\"tabs.default\">\n\t\t\t\t<div class=\"elementor-widget-container\">\n\t\t\t\t\t<div class=\"elementor-tabs\">\n\t\t\t<div class=\"elementor-tabs-wrapper\" role=\"tablist\" >\n\t\t\t\t\t\t\t\t\t<div id=\"elementor-tab-title-1891\" class=\"elementor-tab-title elementor-tab-desktop-title\" aria-selected=\"true\" data-tab=\"1\" role=\"tab\" tabindex=\"0\" aria-controls=\"elementor-tab-content-1891\" aria-expanded=\"false\">A\u00c7IKLAMA<\/div>\n\t\t\t\t\t\t\t\t\t<div id=\"elementor-tab-title-1892\" class=\"elementor-tab-title elementor-tab-desktop-title\" aria-selected=\"false\" data-tab=\"2\" role=\"tab\" tabindex=\"-1\" aria-controls=\"elementor-tab-content-1892\" aria-expanded=\"false\">SATI\u015e SONRASI<\/div>\n\t\t\t\t\t\t\t\t\t<div id=\"elementor-tab-title-1893\" class=\"elementor-tab-title elementor-tab-desktop-title\" aria-selected=\"false\" data-tab=\"3\" role=\"tab\" tabindex=\"-1\" aria-controls=\"elementor-tab-content-1893\" aria-expanded=\"false\">\u0130LET\u0130\u015e\u0130M FORMU<\/div>\n\t\t\t\t\t\t\t<\/div>\n\t\t\t<div class=\"elementor-tabs-content-wrapper\" role=\"tablist\" aria-orientation=\"vertical\">\n\t\t\t\t\t\t\t\t\t<div class=\"elementor-tab-title elementor-tab-mobile-title\" aria-selected=\"true\" data-tab=\"1\" role=\"tab\" tabindex=\"0\" aria-controls=\"elementor-tab-content-1891\" aria-expanded=\"false\">A\u00c7IKLAMA<\/div>\n\t\t\t\t\t<div id=\"elementor-tab-content-1891\" class=\"elementor-tab-content elementor-clearfix\" data-tab=\"1\" role=\"tabpanel\" aria-labelledby=\"elementor-tab-title-1891\" tabindex=\"0\" hidden=\"false\"><p><strong>Zararl\u0131 Kontrol\u00fc \/ ENTEGRE VEKT\u00d6R \/ ZARARLI KONTROL\u00dc (IPM)<\/strong><br \/>Bu b\u00f6l\u00fcmde sivrisinek larva ve ergin kontrol\u00fc ile karsinek larva ve ergin kontrol\u00fc ve bu zararl\u0131lar\u0131n olu\u015fturdu\u011fu hastal\u0131k ve ekonomik zararlar\u0131n ortadan kald\u0131r\u0131lmas\u0131, koruyucu tedbirlerin al\u0131nmas\u0131 ve bu zararl\u0131lar\u0131n yak\u0131n \u00e7evrede de hijyen riski olu\u015fturmas\u0131n\u0131 engelleme \u00e7al\u0131\u015fmalar\u0131d\u0131r. Bu ama\u00e7la kullan\u0131lan \u00fcr\u00fcnler Sa\u011fl\u0131k Bakanl\u0131\u011f\u0131 ruhsatl\u0131 insektisit ve larvasit form\u00fclasyonlard\u0131r<\/p><p><strong>VEKT\u00d6R VE ZARARLI KONTROL\u00dc AMA\u00c7LARI<\/strong><\/p><p>Belediyelerin taleplerine uygun programlar geli\u015ftirmek.<br \/>Maximum etki sa\u011flamak amac\u0131yla \u00e7oklu ha\u015fere kontrol metotlar\u0131n\u0131 entegre etmek.<br \/>G\u00fcvenlik , \u00e7evresel etki, sa\u011fl\u0131k riskleri, etki- maliyet unsurlar\u0131yla belirlenen ba\u015far\u0131.<br \/>Mevcut altyap\u0131 verilerinin de\u011ferlendirilmesi.<br \/>Pahal\u0131, pratikte uygulanamaz ve deneme ama\u00e7l\u0131 alternatifleri elimine etmek.<br \/>Yan etkilerle risk olu\u015fturmadan ve uygun maliyetle hizmet<\/p><p><strong>VEKT\u00d6R VE ZARARLI KONTROL\u00dc HEDEFLER\u0130<\/strong><br \/>Konsept \u00e7er\u00e7evesinde ula\u015f\u0131labilecek ba\u015far\u0131y\u0131 tespit etmek<br \/>Spesifik alanda ve \u00e7evrede programa uymak<br \/>G\u00fcnl\u00fck aktivitelere minimum seviyede etki<br \/>Potansiyel intikali engellemek i\u00e7in maksimum koruyucu tedbirler<br \/>Spesifik ha\u015ferelere kar\u015f\u0131 kimyasal kullan\u0131mda;<\/p><p>Dar spektrumlu \u00fcr\u00fcnler<\/p><p>D\u00fc\u015f\u00fck dozda \u00fcr\u00fcnler<\/p><p>Uygun zamanlama<\/p><p><strong>VEKT\u00d6R VE ZARARLI KONTROL\u00dc STRATEJ\u0130S\u0130<\/strong><\/p><p>Ba\u015far\u0131 hedefi: Toplam kabul edilebilir ba\u015far\u0131, total eradikasyon<br \/>Zararl\u0131 te\u015fhis ve tan\u0131m\u0131<br \/>Risk de\u011ferlendirmesi: Etkinlik, insan ve \u00e7evreye zarar\u0131, ya\u015fam standartlar\u0131 (kalitesi)<br \/>Yasa ve y\u00f6netmelikler (dahili, lokal ve global)<br \/>Mevcut kontrol taktikleri: Kimyasal, mekanik sanitasyon, k\u00fclt\u00fcrel biyolojik ve \u00e7evresel<br \/>Do\u011fru uygulama: E\u011fitim pratik uygulama ve g\u00f6zleme<\/p><p><strong>ERG\u0130N S\u0130VR\u0130S\u0130NEK ERG\u0130N M\u00dcCADELE METODLARI<\/strong><\/p><p>B\u00f6lgesel pop\u00fclasyonun ve mevsimsel trendin belirlenmesi<br \/>Habitat\u0131n tespiti<br \/>Haritaland\u0131rma&amp;kroki haz\u0131rlanmas\u0131<br \/>Meteorolojik verilerin takibi \u2013 Tuzaklar\u0131n kullan\u0131m\u0131<br \/>Di\u011fer metotlar<\/p><p><strong>\u00a0S\u0130VR\u0130S\u0130NEK ERG\u0130N KONTROL\u00dc<\/strong><br \/><strong>ERG\u0130N S\u0130VR\u0130S\u0130NEK ERG\u0130N M\u00dcCADELE METODLARI<\/strong><\/p><p>B\u00f6lgesel pop\u00fclasyonun ve mevsimsel trendin belirlenmesi<br \/>Habitat\u0131n tespiti<br \/>Haritaland\u0131rma&amp;kroki haz\u0131rlanmas\u0131<br \/>Meteorolojik verilerin takibi \u2013 Tuzaklar\u0131n kullan\u0131m\u0131<br \/>Di\u011fer metotlar<\/p><p><strong>UYGULAMA METODLARI<\/strong><\/p><p>1. Kal\u0131c\u0131 uygulama (Rezid\u00fbel)<br \/>Rezid\u00fbel i\u00e7 alan uygulamalar\u0131<br \/>Rezid\u00fbel d\u0131\u015f alan uygulamalar\u0131<\/p><p>2.\u00a0\u00a0ULV (So\u011fuk Sisleme)<\/p><p>K<strong>ALICI UYGULAMA (REZ\u0130D\u00dbEL) \u2013 BA\u015eARI FAKT\u00d6RLER\u0130<\/strong><\/p><p>Prensip olarak hedef ve yak\u0131n \u00e7evredeki t\u00fcm intikal alanlar\u0131 da dahil olmak \u00fczere zararl\u0131 veya vekt\u00f6rlerin \u00fcreme, dinlenme, gezinme ve saklanma alanlar\u0131n\u0131n hedef dozda insektisitle ila\u00e7lanmas\u0131d\u0131r. Riskli alanlardaki t\u00fcm zararl\u0131 ha\u015ferelerin yo\u011funlu\u011funun m\u00fcmk\u00fcn olan minimum d\u00fczeye indirilmesi ba\u015far\u0131 oran\u0131n\u0131n g\u00f6stergesidir.<br \/>Total \u0130la\u00e7lama: B\u00f6ceklerin bulunabilece\u011fi t\u00fcm riskli alan ve ortamlar\u0131n ila\u00e7lanmas\u0131,<br \/>Tam \u0130la\u00e7lama: Riskli b\u00f6lgelerdeki b\u00f6ceklerin \u00fcreme, dinlenme, beslenme,gezinme ve saklanma alanlar\u0131n\u0131n ila\u00e7lanmas\u0131<br \/>Etkili \u0130la\u00e7lama: \u0130nsan ve hayvanlarda toksik tehlike yaratmadan hedef b\u00f6cekler i\u00e7in etkili dozu uygulamak<br \/>D\u00fczenli \u0130la\u00e7lama: \u0130nsektisitin kal\u0131c\u0131 etkisini d\u00fczenli olarak sa\u011flamak i\u00e7in belirli periyotlarda uygulaman\u0131n tekrar edilmesi.<br \/>Bu 4 fakt\u00f6r\u00fcn her biri ve hepsi birlikte \u00e7ok \u00f6nemli fakt\u00f6rlerdir. Herhangi birisinde olu\u015facak ba\u015far\u0131s\u0131zl\u0131k t\u00fcm operasyonu ba\u015far\u0131s\u0131z k\u0131labilir.<\/p><\/div>\n\t\t\t\t\t\t\t\t\t<div class=\"elementor-tab-title elementor-tab-mobile-title\" aria-selected=\"false\" data-tab=\"2\" role=\"tab\" tabindex=\"-1\" aria-controls=\"elementor-tab-content-1892\" aria-expanded=\"false\">SATI\u015e SONRASI<\/div>\n\t\t\t\t\t<div id=\"elementor-tab-content-1892\" class=\"elementor-tab-content elementor-clearfix\" data-tab=\"2\" role=\"tabpanel\" aria-labelledby=\"elementor-tab-title-1892\" tabindex=\"0\" hidden=\"hidden\"><p><strong>Ara\u00e7 \u00dcst\u00fc \u0130la\u00e7lama Makinas\u0131 Al\u0131rken !!<\/strong><\/p><p>ULV ila\u00e7lama makinas\u0131 se\u00e7erken baz\u0131 kriterlerin g\u00f6zden ge\u00e7irilmesinde mutlaka fayda olacakt\u0131r. Bu nedenle ULV cihaz\u0131 almadan \u00f6nce mutlaka M\u00fc\u015fteri temsilcimizle ileti\u015fime ge\u00e7iniz .<\/p><p><strong>SATI\u015e SONRASI DESTEK<\/strong><\/p><p>Sat\u0131\u015f Sonras\u0131 Hizmetimizden faydalanmak i\u00e7in a\u015fa\u011f\u0131daki teknik servis numaram\u0131zdan<br \/>Ar\u0131zal\u0131 veya hasar g\u00f6ren ULV ila\u00e7lama makineleriniz i\u00e7in 7\/24 \u00a0ileti\u015fim kurabilirsiniz<\/p><p><strong>Sat\u0131\u015f Sonras\u0131 Hizmet \u2013 Teknik Servis<\/strong><\/p><ul><li>G\u00f6r\u00fcnt\u00fcl\u00fc konu\u015fma ile uzaktan \u00e7al\u0131\u015ft\u0131rma talimat\u0131 ve teknik yard\u0131m hatt\u0131.<\/li><li>\u0130htiyac\u0131n\u0131z olan yedek par\u00e7an\u0131n kod numaras\u0131n\u0131 bilmiyorsan\u0131z resmini \u00e7ekip bu hat \u00fczerinden g\u00f6nderebilirsiniz.<\/li><li>Uzmanl\u0131k gerektiren ar\u0131za tespiti veya teknik bilgimize dan\u0131\u015fmak i\u00e7in 7\/24\u00a0 ileti\u015fim kurabilirsiniz.<\/li><\/ul><\/div>\n\t\t\t\t\t\t\t\t\t<div class=\"elementor-tab-title elementor-tab-mobile-title\" aria-selected=\"false\" data-tab=\"3\" role=\"tab\" tabindex=\"-1\" aria-controls=\"elementor-tab-content-1893\" aria-expanded=\"false\">\u0130LET\u0130\u015e\u0130M FORMU<\/div>\n\t\t\t\t\t<div id=\"elementor-tab-content-1893\" class=\"elementor-tab-content elementor-clearfix\" data-tab=\"3\" role=\"tabpanel\" aria-labelledby=\"elementor-tab-title-1893\" tabindex=\"0\" hidden=\"hidden\"><p><div class=\"wpforms-container wpforms-container-full\" id=\"wpforms-5223\"><form id=\"wpforms-form-5223\" class=\"wpforms-validate wpforms-form wpforms-ajax-form\" data-formid=\"5223\" method=\"post\" enctype=\"multipart\/form-data\" action=\"\/index.php\/wp-json\/wp\/v2\/pages\/5760\" data-token=\"67cc56a665e3ea137e3a48fa9d85aab8\"><noscript class=\"wpforms-error-noscript\">Please enable JavaScript in your browser to complete this form.<\/noscript><div class=\"wpforms-field-container\"><div id=\"wpforms-5223-field_0-container\" class=\"wpforms-field wpforms-field-name\" data-field-id=\"0\"><label class=\"wpforms-field-label\" for=\"wpforms-5223-field_0\">Ad\u0131n\u0131z &#8211; Soyad\u0131n\u0131z <span class=\"wpforms-required-label\">*<\/span><\/label><div class=\"wpforms-field-row wpforms-field-medium\"><div class=\"wpforms-field-row-block wpforms-first wpforms-one-half\"><input type=\"text\" id=\"wpforms-5223-field_0\" class=\"wpforms-field-name-first wpforms-field-required\" name=\"wpforms[fields][0][first]\" required><label for=\"wpforms-5223-field_0\" class=\"wpforms-field-sublabel after \">First<\/label><\/div><div class=\"wpforms-field-row-block wpforms-one-half\"><input type=\"text\" id=\"wpforms-5223-field_0-last\" class=\"wpforms-field-name-last wpforms-field-required\" name=\"wpforms[fields][0][last]\" required><label for=\"wpforms-5223-field_0-last\" class=\"wpforms-field-sublabel after \">Last<\/label><\/div><\/div><\/div><div id=\"wpforms-5223-field_1-container\" class=\"wpforms-field wpforms-field-email\" data-field-id=\"1\"><label class=\"wpforms-field-label\" for=\"wpforms-5223-field_1\">E-mail Adresiniz <span class=\"wpforms-required-label\">*<\/span><\/label><input type=\"email\" id=\"wpforms-5223-field_1\" class=\"wpforms-field-medium wpforms-field-required\" name=\"wpforms[fields][1]\" required><\/div><div id=\"wpforms-5223-field_3-container\" class=\"wpforms-field wpforms-field-number\" data-field-id=\"3\"><label class=\"wpforms-field-label\" for=\"wpforms-5223-field_3\">Telefon Numaran\u0131z<\/label><input type=\"number\" pattern=\"\\d*\" id=\"wpforms-5223-field_3\" class=\"wpforms-field-medium\" name=\"wpforms[fields][3]\" ><div class=\"wpforms-field-description\">Sizinle ileti\u015fim kurabilmemiz i\u00e7in gerekmektedir.<\/div><\/div><div id=\"wpforms-5223-field_2-container\" class=\"wpforms-field wpforms-field-textarea\" data-field-id=\"2\"><label class=\"wpforms-field-label\" for=\"wpforms-5223-field_2\">Mesaj\u0131n\u0131z <span class=\"wpforms-required-label\">*<\/span><\/label><textarea id=\"wpforms-5223-field_2\" class=\"wpforms-field-medium wpforms-field-required\" name=\"wpforms[fields][2]\" required><\/textarea><\/div><\/div><div class=\"wpforms-submit-container\"><input type=\"hidden\" name=\"wpforms[id]\" value=\"5223\"><input type=\"hidden\" name=\"wpforms[author]\" value=\"1\"><button type=\"submit\" name=\"wpforms[submit]\" id=\"wpforms-submit-5223\" class=\"wpforms-submit\" data-alt-text=\"G\u00f6nderiliyor...\" data-submit-text=\"G\u00f6nder\" aria-live=\"assertive\" value=\"wpforms-submit\">G\u00f6nder<\/button><img loading=\"lazy\" decoding=\"async\" src=\"data:image\/gif;base64,R0lGODlhAQABAAAAACH5BAEKAAEALAAAAAABAAEAAAICTAEAOw==\" data-src=\"https:\/\/kmkgrup.com.tr\/wp-content\/plugins\/wpforms-lite\/assets\/images\/submit-spin.svg\" class=\" lazyload wpforms-submit-spinner\" style=\"display: none;\" width=\"26\" height=\"26\" alt=\"\"><\/div><\/form><\/div>  <!-- .wpforms-container --><\/p><\/div>\n\t\t\t\t\t\t\t<\/div>\n\t\t<\/div>\n\t\t\t\t<\/div>\n\t\t\t\t<\/div>\n\t\t\t\t\t<\/div>\n\t\t<\/div>\n\t\t\t\t\t\t\t<\/div>\n\t\t<\/section>\n\t\t\t\t<section class=\"elementor-section elementor-top-section elementor-element elementor-element-ca94a7e elementor-section-boxed elementor-section-height-default elementor-section-height-default\" data-id=\"ca94a7e\" data-element_type=\"section\">\n\t\t\t\t\t\t<div class=\"elementor-container elementor-column-gap-default\">\n\t\t\t\t\t<div class=\"elementor-column elementor-col-100 elementor-top-column elementor-element elementor-element-3b84a55\" data-id=\"3b84a55\" data-element_type=\"column\">\n\t\t\t<div class=\"elementor-widget-wrap elementor-element-populated\">\n\t\t\t\t\t\t\t\t<div class=\"elementor-element elementor-element-213c79a elementor-widget elementor-widget-spacer\" data-id=\"213c79a\" data-element_type=\"widget\" data-widget_type=\"spacer.default\">\n\t\t\t\t<div class=\"elementor-widget-container\">\n\t\t\t\t\t<div class=\"elementor-spacer\">\n\t\t\t<div class=\"elementor-spacer-inner\"><\/div>\n\t\t<\/div>\n\t\t\t\t<\/div>\n\t\t\t\t<\/div>\n\t\t\t\t\t<\/div>\n\t\t<\/div>\n\t\t\t\t\t\t\t<\/div>\n\t\t<\/section>\n\t\t\t\t\t\t<\/div>\n\t\t\t\t\t<\/div>\n\t\t","protected":false},"excerpt":{"rendered":"<p>BERMUDA EW HA\u015eERE \u0130LACI HA\u015eERE \u0130LACI SATIN AL A\u00c7IKLAMA SATI\u015e SONRASI \u0130LET\u0130\u015e\u0130M FORMU A\u00c7IKLAMA Zararl\u0131 Kontrol\u00fc \/ ENTEGRE VEKT\u00d6R \/ ZARARLI KONTROL\u00dc (IPM)Bu b\u00f6l\u00fcmde sivrisinek larva ve ergin kontrol\u00fc ile karsinek larva ve ergin kontrol\u00fc ve bu zararl\u0131lar\u0131n olu\u015fturdu\u011fu hastal\u0131k ve ekonomik zararlar\u0131n ortadan kald\u0131r\u0131lmas\u0131, koruyucu tedbirlerin al\u0131nmas\u0131 ve bu zararl\u0131lar\u0131n yak\u0131n \u00e7evrede de hijyen[&#8230;]<\/p>\n","protected":false},"author":1,"featured_media":0,"parent":0,"menu_order":0,"comment_status":"closed","ping_status":"closed","template":"elementor_header_footer","meta":{"inline_featured_image":false,"footnotes":""},"class_list":["post-5760","page","type-page","status-publish","hentry"],"_links":{"self":[{"href":"https:\/\/kmkgrup.com.tr\/index.php\/wp-json\/wp\/v2\/pages\/5760","targetHints":{"allow":["GET"]}}],"collection":[{"href":"https:\/\/kmkgrup.com.tr\/index.php\/wp-json\/wp\/v2\/pages"}],"about":[{"href":"https:\/\/kmkgrup.com.tr\/index.php\/wp-json\/wp\/v2\/types\/page"}],"author":[{"embeddable":true,"href":"https:\/\/kmkgrup.com.tr\/index.php\/wp-json\/wp\/v2\/users\/1"}],"replies":[{"embeddable":true,"href":"https:\/\/kmkgrup.com.tr\/index.php\/wp-json\/wp\/v2\/comments?post=5760"}],"version-history":[{"count":4,"href":"https:\/\/kmkgrup.com.tr\/index.php\/wp-json\/wp\/v2\/pages\/5760\/revisions"}],"predecessor-version":[{"id":5772,"href":"https:\/\/kmkgrup.com.tr\/index.php\/wp-json\/wp\/v2\/pages\/5760\/revisions\/5772"}],"wp:attachment":[{"href":"https:\/\/kmkgrup.com.tr\/index.php\/wp-json\/wp\/v2\/media?parent=5760"}],"curies":[{"name":"wp","href":"https:\/\/api.w.org\/{rel}","templated":true}]}}