
{"id":5776,"date":"2022-03-03T03:57:46","date_gmt":"2022-03-03T00:57:46","guid":{"rendered":"https:\/\/kmkgrup.com.tr\/?page_id=5776"},"modified":"2022-03-03T04:00:45","modified_gmt":"2022-03-03T01:00:45","slug":"hasere-ilaclari","status":"publish","type":"page","link":"https:\/\/kmkgrup.com.tr\/index.php\/hasere-ilaclari\/","title":{"rendered":"HA\u015eERE \u0130LA\u00c7LARI"},"content":{"rendered":"\t\t<div data-elementor-type=\"wp-page\" data-elementor-id=\"5776\" class=\"elementor elementor-5776\" data-elementor-settings=\"[]\">\n\t\t\t\t\t\t\t<div class=\"elementor-section-wrap\">\n\t\t\t\t\t\t\t<section class=\"elementor-section elementor-top-section elementor-element elementor-element-0df663a elementor-section-boxed elementor-section-height-default elementor-section-height-default\" data-id=\"0df663a\" data-element_type=\"section\">\n\t\t\t\t\t\t<div class=\"elementor-container elementor-column-gap-default\">\n\t\t\t\t\t<div class=\"elementor-column elementor-col-100 elementor-top-column elementor-element elementor-element-ca32643\" data-id=\"ca32643\" data-element_type=\"column\">\n\t\t\t<div class=\"elementor-widget-wrap elementor-element-populated\">\n\t\t\t\t\t\t\t\t<div class=\"elementor-element elementor-element-65cb854 elementor-widget elementor-widget-spacer\" data-id=\"65cb854\" data-element_type=\"widget\" data-widget_type=\"spacer.default\">\n\t\t\t\t<div class=\"elementor-widget-container\">\n\t\t\t\t\t<div class=\"elementor-spacer\">\n\t\t\t<div class=\"elementor-spacer-inner\"><\/div>\n\t\t<\/div>\n\t\t\t\t<\/div>\n\t\t\t\t<\/div>\n\t\t\t\t<div class=\"elementor-element elementor-element-4838fdc elementor-widget elementor-widget-heading\" data-id=\"4838fdc\" data-element_type=\"widget\" data-widget_type=\"heading.default\">\n\t\t\t\t<div class=\"elementor-widget-container\">\n\t\t\t<h1 class=\"elementor-heading-title elementor-size-default\">HA\u015eERE \u0130LA\u00c7LARI<\/h1>\t\t<\/div>\n\t\t\t\t<\/div>\n\t\t\t\t\t<\/div>\n\t\t<\/div>\n\t\t\t\t\t\t\t<\/div>\n\t\t<\/section>\n\t\t\t\t<section class=\"elementor-section elementor-top-section elementor-element elementor-element-ffe79ab elementor-section-boxed elementor-section-height-default elementor-section-height-default\" data-id=\"ffe79ab\" data-element_type=\"section\">\n\t\t\t\t\t\t<div class=\"elementor-container elementor-column-gap-default\">\n\t\t\t\t\t<div class=\"elementor-column elementor-col-33 elementor-top-column elementor-element elementor-element-1a0e141\" data-id=\"1a0e141\" data-element_type=\"column\">\n\t\t\t<div class=\"elementor-widget-wrap elementor-element-populated\">\n\t\t\t\t\t\t\t\t<div class=\"elementor-element elementor-element-52ca196 elementor-widget elementor-widget-image\" data-id=\"52ca196\" data-element_type=\"widget\" data-widget_type=\"image.default\">\n\t\t\t\t<div class=\"elementor-widget-container\">\n\t\t\t\t\t\t\t\t\t\t\t\t\t\t\t\t<a href=\"https:\/\/kmkgrup.com.tr\/index.php\/solutrin-ec-050-hasere-ilaci\/\">\n\t\t\t\t\t\t\t<img loading=\"lazy\" decoding=\"async\" width=\"750\" height=\"500\" src=\"data:image\/svg+xml,%20%3Csvg%20viewBox%3D%220%200%20750%20500%22%20xmlns%3D%22http%3A%2F%2Fwww.w3.org%2F2000%2Fsvg%22%3E%3C%2Fsvg%3E\" data-src=\"https:\/\/kmkgrup.com.tr\/wp-content\/uploads\/2022\/03\/solutrin-ec-050.png\" class=\" lazyload attachment-large size-large\" alt=\"\" srcset=\"\" data-srcset=\"https:\/\/kmkgrup.com.tr\/wp-content\/uploads\/2022\/03\/solutrin-ec-050.png 768w, https:\/\/kmkgrup.com.tr\/wp-content\/uploads\/2022\/03\/solutrin-ec-050-300x200.png 300w, https:\/\/kmkgrup.com.tr\/wp-content\/uploads\/2022\/03\/solutrin-ec-050-150x100.png 150w\" sizes=\"auto, (max-width: 750px) 100vw, 750px\" \/>\t\t\t\t\t\t\t\t<\/a>\n\t\t\t\t\t\t\t\t\t\t\t\t\t\t\t<\/div>\n\t\t\t\t<\/div>\n\t\t\t\t<div class=\"elementor-element elementor-element-d417093 elementor-widget elementor-widget-heading\" data-id=\"d417093\" data-element_type=\"widget\" data-widget_type=\"heading.default\">\n\t\t\t\t<div class=\"elementor-widget-container\">\n\t\t\t<h2 class=\"elementor-heading-title elementor-size-default\"><a href=\"https:\/\/kmkgrup.com.tr\/index.php\/solutrin-ec-050-hasere-ilaci\/\">SOLUTR\u0130N EC 050<\/a><\/h2>\t\t<\/div>\n\t\t\t\t<\/div>\n\t\t\t\t\t<\/div>\n\t\t<\/div>\n\t\t\t\t<div class=\"elementor-column elementor-col-33 elementor-top-column elementor-element elementor-element-9b2d343\" data-id=\"9b2d343\" data-element_type=\"column\">\n\t\t\t<div class=\"elementor-widget-wrap elementor-element-populated\">\n\t\t\t\t\t\t\t\t<div class=\"elementor-element elementor-element-e65f955 elementor-widget elementor-widget-image\" data-id=\"e65f955\" data-element_type=\"widget\" data-widget_type=\"image.default\">\n\t\t\t\t<div class=\"elementor-widget-container\">\n\t\t\t\t\t\t\t\t\t\t\t\t\t\t\t\t<a href=\"https:\/\/kmkgrup.com.tr\/index.php\/fasnox-10-sc-hasere-ilaci\/\">\n\t\t\t\t\t\t\t<img loading=\"lazy\" decoding=\"async\" width=\"750\" height=\"500\" src=\"data:image\/svg+xml,%20%3Csvg%20viewBox%3D%220%200%20750%20500%22%20xmlns%3D%22http%3A%2F%2Fwww.w3.org%2F2000%2Fsvg%22%3E%3C%2Fsvg%3E\" data-src=\"https:\/\/kmkgrup.com.tr\/wp-content\/uploads\/2022\/03\/fasnox-10-sc.png\" class=\" lazyload attachment-large size-large\" alt=\"\" srcset=\"\" data-srcset=\"https:\/\/kmkgrup.com.tr\/wp-content\/uploads\/2022\/03\/fasnox-10-sc.png 768w, https:\/\/kmkgrup.com.tr\/wp-content\/uploads\/2022\/03\/fasnox-10-sc-300x200.png 300w, https:\/\/kmkgrup.com.tr\/wp-content\/uploads\/2022\/03\/fasnox-10-sc-150x100.png 150w\" sizes=\"auto, (max-width: 750px) 100vw, 750px\" \/>\t\t\t\t\t\t\t\t<\/a>\n\t\t\t\t\t\t\t\t\t\t\t\t\t\t\t<\/div>\n\t\t\t\t<\/div>\n\t\t\t\t<div class=\"elementor-element elementor-element-8cacbfe elementor-widget elementor-widget-heading\" data-id=\"8cacbfe\" data-element_type=\"widget\" data-widget_type=\"heading.default\">\n\t\t\t\t<div class=\"elementor-widget-container\">\n\t\t\t<h2 class=\"elementor-heading-title elementor-size-default\"><a href=\"https:\/\/kmkgrup.com.tr\/index.php\/fasnox-10-sc-hasere-ilaci\/\">FASNOX 10 SC<\/a><\/h2>\t\t<\/div>\n\t\t\t\t<\/div>\n\t\t\t\t\t<\/div>\n\t\t<\/div>\n\t\t\t\t<div class=\"elementor-column elementor-col-33 elementor-top-column elementor-element elementor-element-f26e0fc\" data-id=\"f26e0fc\" data-element_type=\"column\">\n\t\t\t<div class=\"elementor-widget-wrap elementor-element-populated\">\n\t\t\t\t\t\t\t\t<div class=\"elementor-element elementor-element-27c69ef elementor-widget elementor-widget-image\" data-id=\"27c69ef\" data-element_type=\"widget\" data-widget_type=\"image.default\">\n\t\t\t\t<div class=\"elementor-widget-container\">\n\t\t\t\t\t\t\t\t\t\t\t\t\t\t\t\t<a href=\"https:\/\/kmkgrup.com.tr\/index.php\/bermuda-ew-hasere-ilaci\/\">\n\t\t\t\t\t\t\t<img loading=\"lazy\" decoding=\"async\" width=\"750\" height=\"500\" src=\"data:image\/svg+xml,%20%3Csvg%20viewBox%3D%220%200%20750%20500%22%20xmlns%3D%22http%3A%2F%2Fwww.w3.org%2F2000%2Fsvg%22%3E%3C%2Fsvg%3E\" data-src=\"https:\/\/kmkgrup.com.tr\/wp-content\/uploads\/2022\/03\/bermuda-cv.png\" class=\" lazyload attachment-large size-large\" alt=\"\" srcset=\"\" data-srcset=\"https:\/\/kmkgrup.com.tr\/wp-content\/uploads\/2022\/03\/bermuda-cv.png 768w, https:\/\/kmkgrup.com.tr\/wp-content\/uploads\/2022\/03\/bermuda-cv-300x200.png 300w, https:\/\/kmkgrup.com.tr\/wp-content\/uploads\/2022\/03\/bermuda-cv-150x100.png 150w\" sizes=\"auto, (max-width: 750px) 100vw, 750px\" \/>\t\t\t\t\t\t\t\t<\/a>\n\t\t\t\t\t\t\t\t\t\t\t\t\t\t\t<\/div>\n\t\t\t\t<\/div>\n\t\t\t\t<div class=\"elementor-element elementor-element-874540a elementor-widget elementor-widget-heading\" data-id=\"874540a\" data-element_type=\"widget\" data-widget_type=\"heading.default\">\n\t\t\t\t<div class=\"elementor-widget-container\">\n\t\t\t<h2 class=\"elementor-heading-title elementor-size-default\"><a href=\"https:\/\/kmkgrup.com.tr\/index.php\/bermuda-ew-hasere-ilaci\/\">BERMUDA EW<\/a><\/h2>\t\t<\/div>\n\t\t\t\t<\/div>\n\t\t\t\t\t<\/div>\n\t\t<\/div>\n\t\t\t\t\t\t\t<\/div>\n\t\t<\/section>\n\t\t\t\t<section class=\"elementor-section elementor-top-section elementor-element elementor-element-5dc91c3 elementor-section-boxed elementor-section-height-default elementor-section-height-default\" data-id=\"5dc91c3\" data-element_type=\"section\">\n\t\t\t\t\t\t<div class=\"elementor-container elementor-column-gap-default\">\n\t\t\t\t\t<div class=\"elementor-column elementor-col-100 elementor-top-column elementor-element elementor-element-c0f89ef\" data-id=\"c0f89ef\" data-element_type=\"column\">\n\t\t\t<div class=\"elementor-widget-wrap elementor-element-populated\">\n\t\t\t\t\t\t\t\t<div class=\"elementor-element elementor-element-7c8fc3c elementor-widget elementor-widget-spacer\" data-id=\"7c8fc3c\" data-element_type=\"widget\" data-widget_type=\"spacer.default\">\n\t\t\t\t<div class=\"elementor-widget-container\">\n\t\t\t\t\t<div class=\"elementor-spacer\">\n\t\t\t<div class=\"elementor-spacer-inner\"><\/div>\n\t\t<\/div>\n\t\t\t\t<\/div>\n\t\t\t\t<\/div>\n\t\t\t\t\t<\/div>\n\t\t<\/div>\n\t\t\t\t\t\t\t<\/div>\n\t\t<\/section>\n\t\t\t\t\t\t<\/div>\n\t\t\t\t\t<\/div>\n\t\t","protected":false},"excerpt":{"rendered":"<p>HA\u015eERE \u0130LA\u00c7LARI SOLUTR\u0130N EC 050 FASNOX 10 SC BERMUDA EW<\/p>\n","protected":false},"author":1,"featured_media":0,"parent":0,"menu_order":0,"comment_status":"closed","ping_status":"closed","template":"elementor_header_footer","meta":{"inline_featured_image":false,"footnotes":""},"class_list":["post-5776","page","type-page","status-publish","hentry"],"_links":{"self":[{"href":"https:\/\/kmkgrup.com.tr\/index.php\/wp-json\/wp\/v2\/pages\/5776","targetHints":{"allow":["GET"]}}],"collection":[{"href":"https:\/\/kmkgrup.com.tr\/index.php\/wp-json\/wp\/v2\/pages"}],"about":[{"href":"https:\/\/kmkgrup.com.tr\/index.php\/wp-json\/wp\/v2\/types\/page"}],"author":[{"embeddable":true,"href":"https:\/\/kmkgrup.com.tr\/index.php\/wp-json\/wp\/v2\/users\/1"}],"replies":[{"embeddable":true,"href":"https:\/\/kmkgrup.com.tr\/index.php\/wp-json\/wp\/v2\/comments?post=5776"}],"version-history":[{"count":4,"href":"https:\/\/kmkgrup.com.tr\/index.php\/wp-json\/wp\/v2\/pages\/5776\/revisions"}],"predecessor-version":[{"id":5784,"href":"https:\/\/kmkgrup.com.tr\/index.php\/wp-json\/wp\/v2\/pages\/5776\/revisions\/5784"}],"wp:attachment":[{"href":"https:\/\/kmkgrup.com.tr\/index.php\/wp-json\/wp\/v2\/media?parent=5776"}],"curies":[{"name":"wp","href":"https:\/\/api.w.org\/{rel}","templated":true}]}}