
{"id":5614,"date":"2022-03-01T00:24:58","date_gmt":"2022-02-28T21:24:58","guid":{"rendered":"https:\/\/kmkgrup.com.tr\/?post_type=product&#038;p=5614"},"modified":"2022-12-27T09:53:13","modified_gmt":"2022-12-27T06:53:13","slug":"duru-hd-1800-ulv-makinasi","status":"publish","type":"product","link":"https:\/\/kmkgrup.com.tr\/index.php\/product\/duru-hd-1800-ulv-makinasi\/","title":{"rendered":"DURU HD 1800 U.L.V"},"content":{"rendered":"<div class=\"responsive-table\"><strong>TEKN\u0130K DETAYLAR<\/strong><\/div>\n<div class=\"responsive-table\">\n<table>\n<tbody>\n<tr>\n<td><strong><b>MOTOR<\/b><\/strong><\/td>\n<td><strong><b>18 Hp biriggs stratton<\/b><\/strong><\/td>\n<\/tr>\n<tr>\n<td><strong><b>\u0130la\u00e7<\/b><\/strong><strong><b>\u00a0\u2013\u00a0<\/b><\/strong><strong><b>yak\u0131t<\/b><\/strong><strong><b>\u00a0\u2013<\/b><\/strong><strong><b>y\u0131kama<\/b><\/strong><strong><b>\u00a0tank\u0131<\/b><\/strong><\/td>\n<td><strong><b>60 litre \u2013\u00a0<\/b><\/strong><strong><b>22 litre \u2013<\/b><\/strong><strong><b>\u00a05 litre<\/b><\/strong><\/td>\n<\/tr>\n<tr>\n<td><strong><b>noozle<\/b><\/strong><\/td>\n<td><strong><b>4-3-2 iste\u011fe ba\u011fl\u0131 nozzle<\/b><\/strong><\/td>\n<\/tr>\n<tr>\n<td><strong><b>Blower ( hava pompas\u0131 )<\/b><\/strong><\/td>\n<td><strong><b>roots blower ,10.6 m3 \/ min 3600 rpm<\/b><\/strong><\/td>\n<\/tr>\n<tr>\n<td><strong><b>Uzaktan kumanda\u00a0<\/b><\/strong><\/td>\n<td><strong><b>On\/off motor\/start\/stop\/ulv ila\u00e7lama on\/of- y\u0131kama on\/off<\/b><\/strong><\/td>\n<\/tr>\n<tr>\n<td><strong><b>Batarya<\/b><\/strong><\/td>\n<td><strong><b>12 volt Dc .60 ah<\/b><\/strong><\/td>\n<\/tr>\n<tr>\n<td><strong><b>A\u011frl\u0131k \u2013 \u00d6l\u00e7\u00fcler<\/b><\/strong><\/td>\n<td><strong><b>\u00a0<\/b><\/strong><strong><b>200 k\u011f- \u00f6l\u00e7\u00fcler -( 110x 99x 85 LX WX H )<\/b><\/strong><\/td>\n<\/tr>\n<\/tbody>\n<\/table>\n<\/div>\n<p><strong>Ara\u00e7 \u00fcst\u00fc ULV ila\u00e7lama makinesi Duru hd 1800<\/strong><\/p>\n<p>D\u00fcnya \u00fczerinde en pop\u00fcler ve en \u00e7ok tercih edilen ara\u00e7 \u00fcst\u00fc ULV ila\u00e7lama makinelerindendir. So\u011fuk sisleme ve ULV ila\u00e7lama makinesi olarak faaliyet verebilmektedir. Kaliteli malzemelerden \u00fcretildi\u011fi i\u00e7in ve D\u00fcnya sa\u011fl\u0131k \u00f6rg\u00fct\u00fcn\u00fcn kriterlerine sahip oldu\u011fu i\u00e7in tercih edilir. Duru ULV1800 cihaz\u0131m\u0131z\u0131n kullan\u0131m \u00f6mr\u00fc 15 y\u0131ldan fazlad\u0131r. Biyosidal m\u00fccadelede bula\u015f\u0131c\u0131 hastal\u0131k ta\u015f\u0131yan sivrisinek ve karasinek gibi ha\u015ferelerin pop\u00fclasyonunu kontrol alt\u0131na almak i\u00e7in kullan\u0131l\u0131r. Duru ULV 1800 cihaz\u0131n\u0131 3 farkl\u0131 \u015fekilde \u00e7al\u0131\u015ft\u0131rabilirsiniz. (1. El Kumandas\u0131 ile, 2. Motor \u00fczerinden, 3. \u00c7ekme ipi ile.) Motor\u2019un \u00fczerindeki kontak anahtar\u0131 a\u00e7\u0131k unutulup ak\u00fc bitti\u011finde makineyi kumanda \u00fczerinden otomatik olarak \u00e7al\u0131\u015ft\u0131ramazsan\u0131z \u00e7ekme ipi ile \u00e7al\u0131\u015ft\u0131r\u0131larak kendisini tekrar 20 dakika i\u00e7inde \u015farj edebilir.<\/p>\n<p><strong>Ara\u00e7 \u00fcst\u00fc ULV ila\u00e7lama makinesi Duru ULV1800 cihaz\u0131n\u0131n \u00d6zellikleri;<\/strong><\/p>\n<p>So\u011fuk sisleme :<br \/>\nSivrisinek uygulamalar\u0131 i\u00e7in kullan\u0131l\u0131r. 0-30\u00b5m aras\u0131 b\u00fcy\u00fckl\u00fcktedir. Su bazl\u0131 so\u011fuk sisleme \u00f6zelli\u011fi sayesinde \u015feffaf sis uygulamas\u0131 yapar. P\u00fcsk\u00fcrt\u00fclen damlac\u0131k \u00e7aplar\u0131 k\u00fc\u00e7\u00fckt\u00fcr. \u015eeffaf sis p\u00fcsk\u00fcrtt\u00fc\u011f\u00fc i\u00e7in termal sisleme makineleri gibi trafi\u011fi tehlikeye sokmazlar. Ara\u00e7 \u00fcst\u00fc ULV ila\u00e7lama makinesi Duru ULV1800 su bazl\u0131 oldu\u011fu i\u00e7in ekonomik uygulama maliyetine sahiptir. Form\u00fclasyon tank\u0131na su ve ila\u00e7 form\u00fclasyonu konulur.<\/p>\n<p><strong>ULV \u0130la\u00e7lama :<\/strong><br \/>\nKarasinek ve sivrisinek uygulamalar\u0131 i\u00e7in kullan\u0131l\u0131r. 30-50\u00b5m aras\u0131 b\u00fcy\u00fckl\u00fcktedir. Su bazl\u0131 ULV ila\u00e7lama \u00f6zelli\u011fi ile \u015feffaf uygulama yapar. P\u00fcsk\u00fcrt\u00fclen zerrecikler so\u011fuk sisleme uygulamas\u0131ndan daha b\u00fcy\u00fckt\u00fcr. Karasinek gibi sivrisinekten daha b\u00fcy\u00fck c\u00fcsseli b\u00f6cekler ile m\u00fccadele etmek i\u00e7in daha b\u00fcy\u00fck mikron \u00e7aplar\u0131 gereklidir. Ara\u00e7 \u00fcst\u00fc ULV ila\u00e7lama makinesi Duru HD 1800; So\u011fuk Sisleme, ULV ila\u00e7lama ve Mist \u0130la\u00e7lama \u00f6zelli\u011fine sahiptir.<\/p>\n<p><strong>ULV So\u011fuk Sisleme Tabancas\u0131 (Extra \u00f6zelliktir) :<\/strong><\/p>\n<p>5 metre uzunlukta esnek silikonlu hortumu 0-30\u00b5m veya 30-50\u00b5m p\u00fcsk\u00fcrtme yapabilir. So\u011fuk Sisleme, ULV ila\u00e7lama ve Mist ila\u00e7lama \u00f6zelli\u011fi ile p\u00fcsk\u00fcrtme yap\u0131labilir. \u00c7\u00f6p konteynerlar\u0131 ve kanalizasyon ila\u00e7lamalar\u0131nda \u00e7ok kullan\u0131\u015fl\u0131 bir \u00f6zelliktir.<\/p>\n<p><strong>Ara\u00e7 \u00fcst\u00fc ULV ila\u00e7lama makinesi Duru hd ULV1800 i\u00e7in Genel Bilgilendirmeler;<\/strong><\/p>\n<p><strong>ULV ila\u00e7lama nedir ?<\/strong><br \/>\nULV ila\u00e7lama \u00f6zelli\u011fi, so\u011fuk sisleme cihazlar\u0131 gibi su bazl\u0131 uygulama yapan sistemdir. ULV ila\u00e7lama ve so\u011fuk sisleme aras\u0131ndaki fark p\u00fcsk\u00fcrt\u00fclen mikron \u00e7ap\u0131n\u0131n boyutudur. \u00d6rne\u011fin; Ara\u00e7 \u00fcst\u00fc so\u011fuk sisleme (0-30\u00b5m) cihazlar\u0131 sivrisinek i\u00e7in kullan\u0131l\u0131r, Ara\u00e7 \u00fcst\u00fc ULV ila\u00e7lama makineleri (30-50\u00b5m) karasinek uygulamalar\u0131nda kullan\u0131l\u0131r.<\/p>\n<p><strong>So\u011fuk sisleme nedir?<\/strong><br \/>\nSo\u011fuk sisleme cihazlar\u0131 su bazl\u0131 ila\u00e7lama yapar. S\u0131v\u0131y\u0131 Ara\u00e7 \u00fcst\u00fc ULV ila\u00e7lama makinesi gibi havan\u0131n g\u00fcc\u00fc ile par\u00e7alar. 0-30\u00b5m aras\u0131nda ila\u00e7l\u0131 zerrecik p\u00fcsk\u00fcrt\u00fcr. So\u011fuk sisleme sisteminin \u00f6zelli\u011fi \u00e7ok k\u00fc\u00e7\u00fck mikron boyutu ile p\u00fcsk\u00fcrtme yapmas\u0131d\u0131r. P\u00fcsk\u00fcrt\u00fclen zerrecikler \u00e7ok uzak mesafelere s\u00fcr\u00fcklenebilir.<\/p>\n<p><strong>Biyosidal m\u00fccadele nas\u0131l yap\u0131lmal\u0131d\u0131r?<\/strong><br \/>\nR\u00fczgar h\u0131z\u0131, damlac\u0131k da\u011f\u0131l\u0131m\u0131 ve b\u00f6ceklere temas i\u00e7in \u00e7ok \u00f6nemlidir. Damlac\u0131klar\u0131 uzun mesafe s\u00fcr\u00fcklemek i\u00e7in saniyede 1-4 metre r\u00fczgar h\u0131z\u0131 (4 ~ 15 km \/ saat) gereklidir. R\u00fczgar h\u0131z\u0131 15 km \/ saati nden fazla oldu\u011funda biyosidal m\u00fccadele yap\u0131lmamal\u0131d\u0131r.<\/p>\n<p><strong>Ha\u015fere \u0130stilas\u0131ndan Kurtulman\u0131n Anahtar\u0131 :<\/strong><\/p>\n<p>Ha\u015fere istilas\u0131 konusunda endi\u015feli misiniz ? Ha\u015ferelerden Kurtulmak ister misiniz ? ULV (ultra d\u00fc\u015f\u00fck hacimli) p\u00fcsk\u00fcrt\u00fcc\u00fc , ha\u015fere kontrol\u00fc i\u00e7in m\u00fckemmel bir \u00e7\u00f6z\u00fcmd\u00fcr. U.L.V Bu ha\u015fere dezenfektan\u0131, eri\u015filemeyen alanlara n\u00fcfuz eden ve havada daha uzun s\u00fcre kalan yo\u011fun bir sis olu\u015fturur. Bunlar Belediyelerde , k\u00fcmes hayvanlar\u0131 ah\u0131rlar\u0131nda, vekt\u00f6r kontrol\u00fcnde, ha\u015fere kontrol\u00fcnde, depolarda, seralarda ve fabrikalarda a\u00e7\u0131k alan ve kapal\u0131 alan kullan\u0131m i\u00e7in m\u00fckemmeldir. \u015e\u00f6f\u00f6r mahalinden yapaca\u011f\u0131n\u0131z kontrol ile asla ilaca maruz kalmazs\u0131n\u0131z .Halk sa\u011fl\u0131\u011f\u0131n\u0131n korunmas\u0131, ha\u015fere kontrol\u00fc, vekt\u00f6r kontrol\u00fc ve \u00fcr\u00fcn korumas\u0131 i\u00e7in faydal\u0131 olan her t\u00fcrl\u00fc kimyasal\u0131n p\u00fcsk\u00fcrt\u00fclmesinde m\u00fckemmel ba\u015far\u0131 ile kullan\u0131l\u0131r.<\/p>\n<p><strong>Etkin Ba\u015far\u0131 \u0130\u00e7in :<\/strong><\/p>\n<p>Entosis ila\u00e7lama makinas\u0131 , hem geleneksel hem de su bazl\u0131 ULV insektisitlerini kullanarak yeti\u015fkin sivrisineklerinin, sineklerin ve benzeri zararl\u0131lar\u0131n kontrol\u00fc i\u00e7in \u00f6zel olarak geli\u015ftirilmi\u015f, araca monte bir so\u011fuk sisleme makinesidir.\u00a0Kullan\u0131m ve bak\u0131m\u0131 kolay iken, sprey damlac\u0131\u011f\u0131 boyutu ve b\u00f6cek ilac\u0131 \u00e7\u0131k\u0131\u015f\u0131n\u0131n m\u00fckemmel kontrol\u00fcn\u00fc sa\u011flar. Belediyeler, ha\u015fere kontrol m\u00fcteahhitleri, askeri kamplar ve g\u00fcvenilir, uygun maliyetli ha\u015fere kontrol\u00fc gerektiren benzer kurulu\u015flar taraf\u0131ndan kullan\u0131lmak \u00fczere tasarlanm\u0131\u015ft\u0131r.<\/p>\n<p><strong>\u00c7evre \u0130la\u00e7lamas\u0131n\u0131 Ne Zaman Yapmal\u0131y\u0131z?<\/strong><\/p>\n<p><strong>Sivrisinek :<\/strong>\u00a0alacakaranl\u0131ktan sonraki ilk birka\u00e7 saat i\u00e7inde kanad\u0131nda a\u011f\u0131rl\u0131k olu\u015faca\u011f\u0131ndan dolay\u0131 kontrolleri daha kolayd\u0131r. Bu sebepten dolay\u0131 sivrisinek m\u00fccadelesini g\u00fcn bat\u0131m\u0131ndan sonra ak\u015fam yap\u0131lmal\u0131d\u0131r.<\/p>\n<p><strong>Karasinek :<\/strong>\u00a0sabah alacakaranl\u0131k sonunda ilk bir ka\u00e7 saat i\u00e7inde kanad\u0131nda a\u011f\u0131rl\u0131k olu\u015faca\u011f\u0131ndan dolay\u0131 kontrolleri daha kolayd\u0131r. Bu sebepten dolay\u0131 karasinek m\u00fccadelesini g\u00fcn do\u011fu\u015fundan sonra sabah yap\u0131lmal\u0131d\u0131r.<\/p>\n<p><strong>Di\u011fer bir neden<\/strong>\u00a0ise g\u00fcn \u0131\u015f\u0131\u011f\u0131 sisleme e\u011filimini a\u015fa\u011f\u0131 indirir micron seviyesindeki ilac\u0131n yere d\u00fc\u015fmesi daha kolay olur fakat g\u00fcn bat\u0131m\u0131ndan sonra ki sisleme daha yukar\u0131lara \u00e7\u0131kmas\u0131n\u0131 sa\u011flar ve ba\u015far\u0131 oran\u0131 % 100 artar.<\/p>\n<p>Ar\u0131lar, ladybugs ve yusuf\u00e7uklar gibi pek \u00e7ok yararl\u0131 b\u00f6cekler g\u00fcn boyunca aktiftir. Bu sebepten dolay\u0131 ila\u00e7lama saatlerine yukar\u0131daki gibi uyulmal\u0131d\u0131r ve dikkat edilmelidir.<\/p>\n<p><strong>Ara\u00e7 \u00dcst\u00fc \u0130la\u00e7lama Makinas\u0131 Al\u0131rken !!<\/strong><\/p>\n<p>ULV ila\u00e7lama makinas\u0131 se\u00e7erken baz\u0131 kriterlerin g\u00f6zden ge\u00e7irilmesinde mutlaka fayda olacakt\u0131r. Bu nedenle ULV cihaz\u0131 almadan \u00f6nce mutlaka M\u00fc\u015fteri temsilcimizle ileti\u015fime ge\u00e7iniz .<\/p>\n<p><strong>SATI\u015e SONRASI DESTEK<\/strong><\/p>\n<p>Sat\u0131\u015f Sonras\u0131 Hizmetimizden faydalanmak i\u00e7in a\u015fa\u011f\u0131daki teknik servis numaram\u0131zdan<br \/>\nAr\u0131zal\u0131 veya hasar g\u00f6ren ULV ila\u00e7lama makineleriniz i\u00e7in 7\/24 \u00a0ileti\u015fim kurabilirsiniz<\/p>\n<p><strong>Sat\u0131\u015f Sonras\u0131 Hizmet \u2013 Teknik Servis<\/strong><\/p>\n<ul>\n<li>G\u00f6r\u00fcnt\u00fcl\u00fc konu\u015fma ile uzaktan \u00e7al\u0131\u015ft\u0131rma talimat\u0131 ve teknik yard\u0131m hatt\u0131.<\/li>\n<li>\u0130htiyac\u0131n\u0131z olan yedek par\u00e7an\u0131n kod numaras\u0131n\u0131 bilmiyorsan\u0131z resmini \u00e7ekip bu hat \u00fczerinden g\u00f6nderebilirsiniz.<\/li>\n<li>Uzmanl\u0131k gerektiren ar\u0131za tespiti veya teknik bilgimize dan\u0131\u015fmak i\u00e7in 7\/24\u00a0 ileti\u015fim kurabilirsiniz.<\/li>\n<\/ul>\n","protected":false},"excerpt":{"rendered":"<p>Duru hd 1800 So\u011fuk sisleme ve ULV ila\u00e7lama makinesi d\u00fcnya \u00fczerinde en pop\u00fcler ve en \u00e7ok tercih edilen ara\u00e7 \u00fcst\u00fc ULV ila\u00e7lama makinelerindendir.<\/p>\n<p>&nbsp;<br \/>\n<a class=\"button-satinal\" href=\"https:\/\/shopier.com\/11278299\">120.000 \u20ba &#8211; Sat\u0131n Al<\/a><\/p>\n","protected":false},"featured_media":5520,"comment_status":"closed","ping_status":"closed","template":"","meta":{"inline_featured_image":false},"product_cat":[25,23],"product_tag":[],"class_list":["post-5614","product","type-product","status-publish","has-post-thumbnail","hentry","product_cat-arac-ustu-ulv","product_cat-ulv-makinalari"],"_links":{"self":[{"href":"https:\/\/kmkgrup.com.tr\/index.php\/wp-json\/wp\/v2\/product\/5614","targetHints":{"allow":["GET"]}}],"collection":[{"href":"https:\/\/kmkgrup.com.tr\/index.php\/wp-json\/wp\/v2\/product"}],"about":[{"href":"https:\/\/kmkgrup.com.tr\/index.php\/wp-json\/wp\/v2\/types\/product"}],"replies":[{"embeddable":true,"href":"https:\/\/kmkgrup.com.tr\/index.php\/wp-json\/wp\/v2\/comments?post=5614"}],"wp:featuredmedia":[{"embeddable":true,"href":"https:\/\/kmkgrup.com.tr\/index.php\/wp-json\/wp\/v2\/media\/5520"}],"wp:attachment":[{"href":"https:\/\/kmkgrup.com.tr\/index.php\/wp-json\/wp\/v2\/media?parent=5614"}],"wp:term":[{"taxonomy":"product_cat","embeddable":true,"href":"https:\/\/kmkgrup.com.tr\/index.php\/wp-json\/wp\/v2\/product_cat?post=5614"},{"taxonomy":"product_tag","embeddable":true,"href":"https:\/\/kmkgrup.com.tr\/index.php\/wp-json\/wp\/v2\/product_tag?post=5614"}],"curies":[{"name":"wp","href":"https:\/\/api.w.org\/{rel}","templated":true}]}}