
{"id":5616,"date":"2022-03-01T00:42:34","date_gmt":"2022-02-28T21:42:34","guid":{"rendered":"https:\/\/kmkgrup.com.tr\/?post_type=product&#038;p=5616"},"modified":"2022-12-27T08:47:41","modified_gmt":"2022-12-27T05:47:41","slug":"duru-srt-10-ulv-makinasi","status":"publish","type":"product","link":"https:\/\/kmkgrup.com.tr\/index.php\/product\/duru-srt-10-ulv-makinasi\/","title":{"rendered":"DURU SRT 10 U.L.V"},"content":{"rendered":"<div class=\"responsive-table\"><strong>TEKN\u0130K DETAYLAR<\/strong><\/div>\n<div class=\"responsive-table\">\n<table>\n<tbody>\n<tr>\n<td><strong><b>Motor<\/b><\/strong><\/td>\n<td>2200w, 220V<\/td>\n<\/tr>\n<tr>\n<td><strong><b>Tank Kapasitesi<\/b><\/strong><\/td>\n<td>10 Litre<\/td>\n<\/tr>\n<tr>\n<td><strong><b>\u00c7\u0131k\u0131\u015f Debisi<\/b><\/strong><\/td>\n<td>0-49 l \/ s<\/td>\n<\/tr>\n<tr>\n<td><strong><b>Damlac\u0131k BYT<\/b><\/strong><\/td>\n<td>9-49 mikron<\/td>\n<\/tr>\n<tr>\n<td><strong><b>Bo\u015f a\u011f\u0131rl\u0131k<\/b><\/strong><\/td>\n<td>\u00a08 K\u011f<\/td>\n<\/tr>\n<tr>\n<td><strong><b>Boyutlar<\/b><\/strong><\/td>\n<td>40 x 50 x 48<\/td>\n<\/tr>\n<\/tbody>\n<\/table>\n<\/div>\n<p><strong><b>NEDEN DURU- SRT 10<\/b><\/strong><\/p>\n<p>S\u0131rt tipi Duru -srt 10 ila\u00e7lama ve Dezenfeksiyon cihaz\u0131 ; 80 cm hortumu ve s\u0131rt ask\u0131l\u0131\u011f\u0131 ile kullan\u0131m\u0131 kolay rahatt\u0131r . Ayr\u0131ca 220V, 2200W g\u00fcc\u00fc ile piyasadaki standart 1200W \u00fcr\u00fcnlere k\u0131yasla 2 kat daha g\u00fc\u00e7l\u00fc ve daha fazla hava debisine sahiptir ayr\u0131ca daha k\u00fc\u00e7\u00fck mikron boyutlar\u0131nda p\u00fcsk\u00fcrtme yapabilmektedir.<\/p>\n<p>Duru ULV ila\u00e7lama ve dezenfeksiyon makinesi kafeler, restorantlar, hastaneler, sa\u011fl\u0131k kurumlar\u0131, resmi daireler, depolar, besi \u00e7iftlikleri, a\u011f\u0131rlar, tavuk \u00e7iftlikleri, oteller, kanalizasyon uygulamalar\u0131 i\u00e7in tercih edilmektedir.<\/p>\n<p>\u00dcr\u00fcnlerimiz d\u00fcnya sa\u011fl\u0131k \u00f6rg\u00fct\u00fcn\u00fcn kriterlerine g\u00f6re \u00fcretilmektedir. Standarlara uygun b\u00fct\u00fcn belge ve sertifikalar\u0131m\u0131z mevcuttur. \u00dcretici oldu\u011fumuz Elektrikli ULV Makinesi d\u00fcnyan\u0131n g\u00fcndeminde olan covid-19, corana , delta varyant\u0131 vir\u00fcs\u00fcne kar\u015f\u0131 m\u00fccadelede dezenfeksiyon ve sterilizasyon ama\u00e7l\u0131 kullan\u0131lmaktad\u0131r. Bunun yan\u0131 s\u0131ra insektisit sisleyici \u00f6zelli\u011fine sahiptir sivrisinek, karasinek gibi yeti\u015fkin ha\u015fere ve b\u00f6cekler i\u00e7in bula\u015f\u0131c\u0131 hastal\u0131klar ile m\u00fccadele ama\u00e7l\u0131 kullan\u0131lmaktad\u0131r. Duru srt 10 modeli 09 um 49 um \u00e7ap\u0131nda p\u00fcsk\u00fcrtme yapabilmektedir. \u00c7ok k\u00fc\u00e7\u00fck mikron \u00e7ap\u0131na sahip oldu\u011fu i\u00e7in dezenfeksiyon uygulamas\u0131nda \u00fcst\u00fcn ba\u015far\u0131 sa\u011flamaktad\u0131r. \u00c7\u00fcnk\u00fc p\u00fcsk\u00fcrt\u00fclen zerreciklerin hava da ask\u0131da kalma s\u00fcresi ve vir\u00fcse temas etme yok etme ihtimali % 100 d\u00fcr.<\/p>\n<p>Cihazlar\u0131m\u0131z t\u00fcm d\u00fcnyada virus ile m\u00fccadelede kullan\u0131lmaktad\u0131r. Elektrikli ULV makinesi duru \u2013 srt 10 modeli ekonomik ve g\u00fc\u00e7l\u00fc olmas\u0131 sebebiyle en \u00e7ok tercih edilen bir modeldir. Yurt d\u0131\u015f\u0131 testlerde % 99,999 ba\u015far\u0131l\u0131 olmu\u015ftur ve t\u00fcm d\u00fcnyada kullan\u0131c\u0131lar taraf\u0131ndan duru srt 10 ulv cihaz\u0131n\u0131 tercih edenler memnun kalm\u0131\u015flard\u0131r . Virus ilk ba\u015fta \u00e7in\u2019de yay\u0131lmas\u0131 ile birlikte d\u00fcnya \u00e7ap\u0131nda kontrol alt\u0131na al\u0131namaz bir durum olu\u015fturmu\u015ftur fakat sonras\u0131n da duru srt 10 ulv sisleyici cihazlar\u0131m\u0131z\u0131nda yard\u0131m\u0131yla d\u00fcnya \u00e7ap\u0131nda etkisini g\u00f6stererek b\u00fcy\u00fck bir ba\u015far\u0131 ve \u00fclkemiz ad\u0131na gurur kayna\u011f\u0131 olmu\u015ftur memnuniyete istinaden piyasada \u00e7akma sahteleri dahi yap\u0131lm\u0131\u015ft\u0131r .<\/p>\n<p><strong><b>Duru \u2013 Srt 10 ulv Dezenfeksiyon cihaz\u0131n\u0131n \u00fcst\u00fcn \u00f6zelli\u011fi;<\/b><\/strong><\/p>\n<p>Dezenfeksiyon cihaz\u0131 duru -srt 10 ulv modeli dezenfeksiyon cihaz\u0131m\u0131z s\u0131v\u0131s\u0131n\u0131 so\u011fuk sisleme tekni\u011fi ile \u00e7ok k\u00fc\u00e7\u00fck par\u00e7ac\u0131klara ay\u0131r\u0131r. Duru srt 10 ulv cihaz\u0131 10 Litrelik bir dezenfeksiyon s\u0131v\u0131s\u0131n\u0131 20 \u00b5m zerrecik \u00e7ap\u0131 ile \u201c2.345.000.000.000\u201d adet zerrecik ile p\u00fcsk\u00fcrt\u00fcr. P\u00fcsk\u00fcrt\u00fclen dezenfeksiyonlar \u00e7ok k\u00fc\u00e7\u00fck mikron \u00e7ap\u0131nda oldu\u011fu i\u00e7in ve hava da ask\u0131da kalma s\u00fcresi kullan\u0131lan s\u0131v\u0131lar\u0131n vir\u00fcs\u00fc yok etme olas\u0131l\u0131\u011f\u0131n\u0131 artt\u0131rmaktad\u0131r bu nedenle b\u00fcy\u00fck mikron \u00e7ap\u0131 ile p\u00fcsk\u00fcrtme yapan cihazlara k\u0131yasla vir\u00fcs\u00fc yok etme ihtimali daha y\u00fcksektir ve g\u00fcvenilirlidir .<\/p>\n<p>Portatif Elektrikli ULV Makinesi duru -srt 10 = 20 \u00b5m, 10 Litre, 2.345.000.000.000 adet zerrecik.<\/p>\n<p>ULV Makinesi duru srt-10 elektrikli motoru sayesinde benzinli motorlar gibi karbondioksit sal\u0131n\u0131m\u0131 yapmaz ve i\u00e7 mekan uygulamalar\u0131 i\u00e7in \u00e7ok kullan\u0131\u015fl\u0131d\u0131r. Su bazl\u0131 oldu\u011fu i\u00e7in dezenfeksiyonlar\u0131n tamam\u0131 i\u00e7in kullan\u0131labilir. 1 dakika i\u00e7inde 450m2 alan\u0131 dezenfekte ve sterilize edebilir.<\/p>\n<p><strong><b>U.L.V NED\u0130R : Duru \u2013 srt 10 ulv Dezenfeksiyon cihaz\u0131n\u0131n \u00e7al\u0131\u015fma prensibi;<\/b><\/strong><\/p>\n<p>Portatif ULV sisleyici makinesi dezenfeksiyon s\u0131v\u0131s\u0131n\u0131 y\u00fcksek hava debisi sayesinde havan\u0131n par\u00e7alama g\u00fcc\u00fc ile \u00e7ok k\u00fc\u00e7\u00fck par\u00e7alara ay\u0131rarak 20\u00b5m boyutunda p\u00fcsk\u00fcrt\u00fcr. P\u00fcsk\u00fcrt\u00fclen zerreciklerin mikron \u00e7ap\u0131 09-50 \u00b5m boyutlar\u0131 aras\u0131ndad\u0131r ve p\u00fcsk\u00fcrt\u00fclen zerrecikler s\u00fcr\u00fcklenme ile hava da ask\u0131 da kalarak her yere ula\u015fabilmektedir.<\/p>\n<p><strong><b>Kullan\u0131m Alanlar\u0131:<\/b><\/strong><\/p>\n<p>Dezenfektan s\u0131v\u0131s\u0131 konularak dezenfeksiyon sisleyici olarak bula\u015f\u0131c\u0131 hastal\u0131klara kar\u015f\u0131 ve Covid 19 virus\u2019e kar\u015f\u0131 m\u00fccadelede kullan\u0131lmaktad\u0131r, \u0130nsektisit sisleyici \u00f6zelli\u011fi ile sivrisinek, karasinek ve \u00e7ekirge benzeri yeti\u015fkin b\u00f6cekleri kontrol alt\u0131na almak amac\u0131yla vector m\u00fccadelesinde pest control ama\u00e7l\u0131 kullan\u0131lmaktad\u0131r. Halk sa\u011fl\u0131\u011f\u0131 alan\u0131nda, Sa\u011fl\u0131k Bakanl\u0131\u011f\u0131 gibi devlet kurumlar\u0131 covid, covid-19, delta veryant\u0131 gibi hastal\u0131klar\u0131n yay\u0131lmas\u0131n\u0131 \u00f6nlemek i\u00e7in kullan\u0131l\u0131r.<\/p>\n<p><strong><b>Dezenfeksiyon ve ila\u00e7lama cihaz\u0131 hakk\u0131nda bilgilendirmeler;<\/b><\/strong><\/p>\n<p><strong><b>Mikron \u00e7ap\u0131:<\/b><\/strong><\/p>\n<p>Mikron \u00e7ap\u0131 1 zerreci\u011fin boyutu demektir. \u201c\u00b5m\u201d ile ifade edilir 1mm 1000 mikron\u2019a e\u015fittir. Bir insan sac\u0131 100\u00b5m kal\u0131nl\u0131\u011f\u0131ndad\u0131r, duru \u2013 srt 10 dezenfeksiyon cihaz\u0131 03\u00b5m~50\u00b5m sisleme yapabilir. Dezenfeksiyon s\u0131v\u0131 t\u00fcketimi ile mikron \u00e7ap\u0131 de\u011fi\u015ftirilebilir.<\/p>\n<p><strong><b>Mikron Boyutlar\u0131:<\/b><\/strong><br \/>\nSo\u011fuk Sisleyiciler = 0-30\u00b5m<br \/>\nULV ila\u00e7lama = 09-50\u00b5m<br \/>\nMist \u0130la\u00e7lama = 50-100\u00b5m<br \/>\nBah\u00e7e Pulverizat\u00f6r\u00fc = 100-200\u00b5<\/p>\n<p><strong>Ara\u00e7 \u00dcst\u00fc \u0130la\u00e7lama Makinas\u0131 Al\u0131rken !!<\/strong>ULV ila\u00e7lama makinas\u0131 se\u00e7erken baz\u0131 kriterlerin g\u00f6zden ge\u00e7irilmesinde mutlaka fayda olacakt\u0131r. Bu nedenle ULV cihaz\u0131 almadan \u00f6nce mutlaka M\u00fc\u015fteri temsilcimizle ileti\u015fime ge\u00e7iniz .<\/p>\n<p><strong>SATI\u015e SONRASI DESTEK<\/strong><\/p>\n<p>Sat\u0131\u015f Sonras\u0131 Hizmetimizden faydalanmak i\u00e7in a\u015fa\u011f\u0131daki teknik servis numaram\u0131zdan<br \/>\nAr\u0131zal\u0131 veya hasar g\u00f6ren ULV ila\u00e7lama makineleriniz i\u00e7in 7\/24 \u00a0ileti\u015fim kurabilirsiniz<\/p>\n<p><strong>Sat\u0131\u015f Sonras\u0131 Hizmet \u2013 Teknik Servis<\/strong><\/p>\n<ul>\n<li style=\"list-style-type: none;\">\n<ul>\n<li>G\u00f6r\u00fcnt\u00fcl\u00fc konu\u015fma ile uzaktan \u00e7al\u0131\u015ft\u0131rma talimat\u0131 ve teknik yard\u0131m hatt\u0131.<\/li>\n<li>\u0130htiyac\u0131n\u0131z olan yedek par\u00e7an\u0131n kod numaras\u0131n\u0131 bilmiyorsan\u0131z resmini \u00e7ekip bu hat \u00fczerinden g\u00f6nderebilirsiniz.<\/li>\n<li>Uzmanl\u0131k gerektiren ar\u0131za tespiti veya teknik bilgimize dan\u0131\u015fmak i\u00e7in 7\/24\u00a0 ileti\u015fim kurabilirsiniz.<\/li>\n<\/ul>\n<\/li>\n<\/ul>\n","protected":false},"excerpt":{"rendered":"<p>Dezenfeksiyon cihaz\u0131 duru -srt 10 ulv modeli dezenfeksiyon cihaz\u0131m\u0131z s\u0131v\u0131s\u0131n\u0131 so\u011fuk sisleme tekni\u011fi ile \u00e7ok k\u00fc\u00e7\u00fck par\u00e7ac\u0131klara ay\u0131r\u0131r.<br \/>\n&nbsp;<br \/>\n<a class=\"button-satinal\" href=\"https:\/\/shopier.com\/11278491\">1.800 \u20ba &#8211; Sat\u0131n Al<\/a><\/p>\n","protected":false},"featured_media":5740,"comment_status":"closed","ping_status":"closed","template":"","meta":{"inline_featured_image":false},"product_cat":[27,23],"product_tag":[],"class_list":["post-5616","product","type-product","status-publish","has-post-thumbnail","hentry","product_cat-sirt-tipi-ulv","product_cat-ulv-makinalari"],"_links":{"self":[{"href":"https:\/\/kmkgrup.com.tr\/index.php\/wp-json\/wp\/v2\/product\/5616","targetHints":{"allow":["GET"]}}],"collection":[{"href":"https:\/\/kmkgrup.com.tr\/index.php\/wp-json\/wp\/v2\/product"}],"about":[{"href":"https:\/\/kmkgrup.com.tr\/index.php\/wp-json\/wp\/v2\/types\/product"}],"replies":[{"embeddable":true,"href":"https:\/\/kmkgrup.com.tr\/index.php\/wp-json\/wp\/v2\/comments?post=5616"}],"wp:featuredmedia":[{"embeddable":true,"href":"https:\/\/kmkgrup.com.tr\/index.php\/wp-json\/wp\/v2\/media\/5740"}],"wp:attachment":[{"href":"https:\/\/kmkgrup.com.tr\/index.php\/wp-json\/wp\/v2\/media?parent=5616"}],"wp:term":[{"taxonomy":"product_cat","embeddable":true,"href":"https:\/\/kmkgrup.com.tr\/index.php\/wp-json\/wp\/v2\/product_cat?post=5616"},{"taxonomy":"product_tag","embeddable":true,"href":"https:\/\/kmkgrup.com.tr\/index.php\/wp-json\/wp\/v2\/product_tag?post=5616"}],"curies":[{"name":"wp","href":"https:\/\/api.w.org\/{rel}","templated":true}]}}