
{"id":5618,"date":"2022-03-01T14:40:17","date_gmt":"2022-03-01T11:40:17","guid":{"rendered":"https:\/\/kmkgrup.com.tr\/?post_type=product&#038;p=5618"},"modified":"2022-12-27T08:46:45","modified_gmt":"2022-12-27T05:46:45","slug":"duru-hr-5-ulv-makinasi","status":"publish","type":"product","link":"https:\/\/kmkgrup.com.tr\/index.php\/product\/duru-hr-5-ulv-makinasi\/","title":{"rendered":"DURU HR 5 U.L.V"},"content":{"rendered":"<div class=\"responsive-table\"><strong>TEKN\u0130K DETAYLAR<\/strong><\/div>\n<div class=\"responsive-table\">\n<table>\n<tbody>\n<tr>\n<td><strong><b>MOTOR<\/b><\/strong><\/td>\n<td><strong><b>AKSA :<\/b><\/strong><strong><b>\u00a03500 MOTOR\u00a0 \u00a0 \u00a0<\/b><\/strong><strong><b>ULV MOTOR:<\/b><\/strong><strong><b>\u00a01400 W X 2 : 2800 W<\/b><\/strong><\/td>\n<\/tr>\n<tr>\n<td><strong><b>\u0130la\u00e7 \u00c7\u0131k\u0131\u015f debisi<\/b><\/strong><\/td>\n<td><strong><b>0-49 \u0131\/h<\/b><\/strong><\/td>\n<\/tr>\n<tr>\n<td><strong><b>\u0130la\u00e7 tank kapasitesi<\/b><\/strong><\/td>\n<td><strong><b>\u00a050 litre<\/b><\/strong><\/td>\n<\/tr>\n<tr>\n<td><strong><b>\u00a0\u0130la\u00e7 damla \u00e7ap\u0131<\/b><\/strong><\/td>\n<td><strong><b>0-49 micron<\/b><\/strong><\/td>\n<\/tr>\n<tr>\n<td><strong><b>sol\u00fcsyon\u00a0<\/b><\/strong><\/td>\n<td><strong><b>sc,ec,wp<\/b><\/strong><\/td>\n<\/tr>\n<tr>\n<td><strong><b>Kumanda<\/b><\/strong><\/td>\n<td><strong><b>U.L.V motor, ila\u00e7,ve yanar d\u00f6ner a\u00e7 kapa komutu<\/b><\/strong><\/td>\n<\/tr>\n<tr>\n<td><strong><b>A\u011frl\u0131k \u2013 \u00d6l\u00e7\u00fcler\u00a0<\/b><\/strong><\/td>\n<td><strong><b>85 k\u011f \u2013 E-70\u00a0 B- 120\u00a0 Y-110<\/b><\/strong><\/td>\n<\/tr>\n<\/tbody>\n<\/table>\n<\/div>\n<p><strong>Ara\u00e7 \u00fcst\u00fc ULV ila\u00e7lama makinesi<\/strong><\/p>\n<p>Duru hd 50 So\u011fuk sisleme ve ULV ila\u00e7lama makinesi. D\u00fcnya sa\u011fl\u0131k \u00f6rg\u00fct\u00fcn\u00fcn kriterlerine sahip oldu\u011fu i\u00e7in g\u00fcn\u00fcm\u00fcz sekt\u00f6r\u00fcnde olduk\u00e7a tercih edilir . Duru hd 50 cihaz\u0131m\u0131z\u0131n kullan\u0131m \u00f6mr\u00fc 15 y\u0131ldan fazlad\u0131r. Biyosidal m\u00fccadelede bula\u015f\u0131c\u0131 hastal\u0131k ta\u015f\u0131yan sivrisinek ve karasinek gibi ha\u015ferelerin pop\u00fclasyonunu kontrol alt\u0131na almak i\u00e7in kullan\u0131l\u0131r. Duru hd 50 cihaz\u0131n\u0131 jenaret\u00f6r \u00e7ekme kolu yard\u0131m\u0131 ile (jenar\u00f6ter ipi ) \u00e7al\u0131\u015ft\u0131r\u0131larak kumandalar yard\u0131m\u0131yla makine aktif hale getirilir. \u00d6zellikle bilinmesi gereken kurallardan biri ise makine \u00e7al\u0131\u015f\u0131r vaziyette iken direk jenaret\u00f6r \u00fczerinden kapat\u0131lmamal\u0131d\u0131r. \u0130lk \u00f6nce kumandadan ulv ba\u015fl\u0131\u011f\u0131na gelen ila\u00e7 formasyonu kapat\u0131l\u0131r ard\u0131ndan i\u00e7inde kalan ila\u00e7 d\u0131\u015far\u0131ya son damlas\u0131 akana kadar \u00e7al\u0131\u015ft\u0131r\u0131l\u0131r ve en son kumandadan ulv ba\u015fl\u0131klar\u0131 kapan\u0131p jenaret\u00f6r\u00fcn g\u00fcc\u00fc kesilmelidir.<\/p>\n<p><strong>Ara\u00e7 \u00fcst\u00fc ULV ila\u00e7lama makinesi DURU HD 50 cihaz\u0131n\u0131n \u00d6zellikleri;<\/strong><\/p>\n<p><strong>So\u011fuk sisleme :<\/strong><br \/>\nSivrisinek\u00a0uygulamalar\u0131 i\u00e7in kullan\u0131l\u0131r. 0-30\u00b5m aras\u0131 b\u00fcy\u00fckl\u00fcktedir. Su bazl\u0131 so\u011fuk sisleme \u00f6zelli\u011fi sayesinde \u015feffaf sis uygulamas\u0131 yapar. P\u00fcsk\u00fcrt\u00fclen damlac\u0131k \u00e7aplar\u0131 termal sisleme cihazlar\u0131 gibi k\u00fc\u00e7\u00fckt\u00fcr. \u015eeffaf sis p\u00fcsk\u00fcrtt\u00fc\u011f\u00fc i\u00e7in termal sisleme makineleri gibi trafi\u011fi tehlikeye sokmaz. Ara\u00e7 \u00fcst\u00fc ULV ila\u00e7lama makinesi duru hd 50 su bazl\u0131 oldu\u011fu i\u00e7in ekonomik uygulama maliyetine sahiptir. Form\u00fclasyon tank\u0131na su ve ila\u00e7 kar\u0131\u015f\u0131m\u0131 konulur.<br \/>\n<strong>ULV \u0130la\u00e7lama :<\/strong><br \/>\nKarasinek uygulamalar\u0131 i\u00e7in kullan\u0131l\u0131r. 30-50\u00b5m aras\u0131 b\u00fcy\u00fckl\u00fcktedir. Su bazl\u0131 ULV ila\u00e7lama \u00f6zelli\u011fi ile \u015feffaf uygulama yapar. P\u00fcsk\u00fcrt\u00fclen zerrecikler so\u011fuk sisleme uygulamas\u0131ndan daha b\u00fcy\u00fckt\u00fcr. Karasinek gibi sivrisinekten daha b\u00fcy\u00fck c\u00fcsseli b\u00f6cekler ile m\u00fccadele etmek i\u00e7in daha b\u00fcy\u00fck mikron \u00e7aplar\u0131 gereklidir. Duru hd 50 markal\u0131 Ara\u00e7 \u00fcst\u00fc ULV ila\u00e7lama makinesi duru hd 50 ; So\u011fuk Sisleme ve ULV ila\u00e7lama \u00f6zelli\u011fine sahiptir.<\/p>\n<p>ULV So\u011fuk Sisleme Tabancas\u0131 (Extra iste\u011fe ba\u011fl\u0131 olarak ) ; 5 metre uzunlukta esnek silikonlu hortumu 0-30\u00b5m veya 30-50\u00b5m p\u00fcsk\u00fcrtme yapabilir. So\u011fuk Sisleme, ULV ila\u00e7lama ve Mist ila\u00e7lama \u00f6zelli\u011fi ile p\u00fcsk\u00fcrtme yap\u0131labilir. \u00c7\u00f6p konteynerlar\u0131 ve kanalizasyon ila\u00e7lamalar\u0131nda \u00e7ok kullan\u0131\u015fl\u0131 bir \u00f6zelliktir.<\/p>\n<p><strong>Ara\u00e7 \u00fcst\u00fc ULV ila\u00e7lama makinesi DURU 50 i\u00e7in Genel Bilgilendirmeler;<\/strong><br \/>\nDuru hd-50 ara\u00e7 \u00fczeri ulv makinam\u0131z \u00e7ift ba\u015fl\u0131kl\u0131 olup \u00fczerinde 3500 motor bulunmaktad\u0131r. Sekt\u00f6r\u00fcn ihtiya\u00e7lar\u0131 do\u011frultusunda seneler ge\u00e7tik\u00e7e kendini ve tasar\u0131m\u0131n\u0131 yenilemesiyle birlikte i\u00e7 ve d\u0131\u015f ticarette \u00f6nemli bir yere sahiptir. Sistemin ihtiya\u00e7lar\u0131n\u0131 kar\u015f\u0131layan ve \u00fczerinde bulundu\u011fu \u00e7ift ba\u015fl\u0131kl\u0131 hali ile sinek , sivrisinek ve karasinek uygulamalar\u0131nda ba\u015far\u0131 sa\u011flamaktad\u0131r. D\u00fcnya \u00fczerinde olmas\u0131 gereken testlerden ge\u00e7mi\u015f ve t\u00fcm belgelere sahiptir. Ayr\u0131ca \u00fczerinde bulundu\u011fu aksa 3500 kw motoru ile kullan\u0131m\u0131 kolay ve 2 y\u0131l garantiye duru kurumsall\u0131\u011f\u0131 ile sa\u011flamaktad\u0131r.<\/p>\n<p><strong>\u00c7evre \u0130la\u00e7lamas\u0131n\u0131 Ne Zaman Yapmal\u0131d\u0131r?<\/strong><\/p>\n<p>R\u00fczgar y\u00f6n\u00fc, R\u00fczgar h\u0131z\u0131, Hava s\u0131cakl\u0131\u011f\u0131, Y\u00fcksek bas\u0131n\u00e7, Alcak bas\u0131n\u00e7, gibi atmosfer olaylar\u0131 ila\u00e7lama faaliyetini etkilemektedir. WHO (D\u00fcnya sa\u011fl\u0131k \u00f6rg\u00fct\u00fc) biyosidal m\u00fccadele hakk\u0131nda kitap yazm\u0131\u015ft\u0131r. A practitioner\u2019s guide adresinden detayl\u0131 bilgilere ula\u015fabilir ve daha sa\u011fl\u0131kl\u0131 y\u00f6ntemleri \u00f6\u011frenebilirsiniz.<\/p>\n<p>Daha detayl\u0131 bilgilere ula\u015fmak i\u00e7in sitemizden m\u00fc\u015fteri temsilcimizle ilet\u015fime ge\u00e7ip bilgilendirme alabilir ve siz de\u011ferli m\u00fc\u015fterilemize yard\u0131mc\u0131 olmaktan mutluluk duyar\u0131z sa\u011fl\u0131kl\u0131 g\u00fcnler dileriz .<\/p>\n<p><strong>Ha\u015fere \u0130stilas\u0131ndan Kurtulman\u0131n Anahtar\u0131 :<\/strong><\/p>\n<p>DURU-HD50\u00a0 ULV (ultra d\u00fc\u015f\u00fck hacimli) p\u00fcsk\u00fcrt\u00fcc\u00fc ,\u00a0ha\u015fere kontrol\u00fc i\u00e7in m\u00fckemmel bir \u00e7\u00f6z\u00fcmd\u00fcr. U.L.V Bu ha\u015fere dezenfektan\u0131, eri\u015filemeyen alanlara n\u00fcfuz eden ve havada daha uzun s\u00fcre kalan yo\u011fun bir sis olu\u015fturur. Bunlar Belediyelerde , k\u00fcmes hayvanlar\u0131 ah\u0131rlar\u0131nda, vekt\u00f6r kontrol\u00fcnde, ha\u015fere kontrol\u00fcnde, depolarda, seralarda ve fabrikalarda a\u00e7\u0131k alan ve kapal\u0131 alan kullan\u0131m i\u00e7in m\u00fckemmeldir. \u015e\u00f6f\u00f6r mahalinden yapaca\u011f\u0131n\u0131z kontrol ile asla ilaca maruz kalmazs\u0131n\u0131z .Halk sa\u011fl\u0131\u011f\u0131n\u0131n korunmas\u0131, ha\u015fere kontrol\u00fc, vekt\u00f6r kontrol\u00fc ve \u00fcr\u00fcn korumas\u0131 i\u00e7in faydal\u0131 olan her t\u00fcrl\u00fc kimyasal\u0131n p\u00fcsk\u00fcrt\u00fclmesinde m\u00fckemmel ba\u015far\u0131 ile kullan\u0131l\u0131r.<\/p>\n<p><strong>Etkin Ba\u015far\u0131 \u0130\u00e7in :<\/strong><\/p>\n<p>DURU -HD 50ila\u00e7lama makinas\u0131 , hem geleneksel hem de su bazl\u0131 ULV insektisitlerini kullanarak yeti\u015fkin sivrisineklerinin, sineklerin ve benzeri zararl\u0131lar\u0131n kontrol\u00fc i\u00e7in \u00f6zel olarak geli\u015ftirilmi\u015f, araca monte bir so\u011fuk sisleme makinesidir.<\/p>\n<p>Kullan\u0131m ve bak\u0131m\u0131 kolay iken, sprey damlac\u0131\u011f\u0131 boyutu ve b\u00f6cek ilac\u0131 \u00e7\u0131k\u0131\u015f\u0131n\u0131n m\u00fckemmel kontrol\u00fcn\u00fc sa\u011flar. Belediyeler, ha\u015fere kontrol m\u00fcteahhitleri, askeri kamplar ve g\u00fcvenilir, uygun maliyetli ha\u015fere kontrol\u00fc gerektiren benzer kurulu\u015flar taraf\u0131ndan kullan\u0131lmak \u00fczere tasarlanm\u0131\u015ft\u0131r.<\/p>\n<p><strong>\u00c7evre \u0130la\u00e7lamas\u0131n\u0131 Ne Zaman Yapmal\u0131y\u0131z?<\/strong><\/p>\n<p><strong>Sivrisinek :\u00a0<\/strong>Alacakaranl\u0131ktan sonraki ilk birka\u00e7 saat i\u00e7inde kanad\u0131nda a\u011f\u0131rl\u0131k olu\u015faca\u011f\u0131ndan dolay\u0131 kontrolleri daha kolayd\u0131r. Bu sebepten dolay\u0131 sivrisinek m\u00fccadelesini g\u00fcn bat\u0131m\u0131ndan sonra ak\u015fam yap\u0131lmal\u0131d\u0131r.<\/p>\n<p><strong>Karasinek :<\/strong>\u00a0Sabah alacakaranl\u0131k sonunda ilk bir ka\u00e7 saat i\u00e7inde kanad\u0131nda a\u011f\u0131rl\u0131k olu\u015faca\u011f\u0131ndan dolay\u0131 kontrolleri daha kolayd\u0131r. Bu sebepten dolay\u0131 karasinek m\u00fccadelesini g\u00fcn do\u011fu\u015fundan sonra sabah yap\u0131lmal\u0131d\u0131r.<\/p>\n<p>Di\u011fer bir neden ise g\u00fcn \u0131\u015f\u0131\u011f\u0131 sisleme e\u011filimini a\u015fa\u011f\u0131 indirir micron seviyesindeki ilac\u0131n yere d\u00fc\u015fmesi daha kolay olur fakat g\u00fcn bat\u0131m\u0131ndan sonra ki sisleme daha yukar\u0131lara \u00e7\u0131kmas\u0131n\u0131 sa\u011flar ve ba\u015far\u0131 oran\u0131 % 100 artar.<\/p>\n<p>Ar\u0131lar, ladybugs ve yusuf\u00e7uklar gibi pek \u00e7ok yararl\u0131 b\u00f6cekler g\u00fcn boyunca aktiftir. Bu sebepten dolay\u0131 ila\u00e7lama saatlerine yukar\u0131daki gibi uyulmal\u0131d\u0131r ve dikkat edilmelidir<\/p>\n<p><strong>Ara\u00e7 \u00dcst\u00fc \u0130la\u00e7lama Makinas\u0131 Al\u0131rken !!<\/strong><\/p>\n<p>ULV ila\u00e7lama makinas\u0131 se\u00e7erken baz\u0131 kriterlerin g\u00f6zden ge\u00e7irilmesinde mutlaka fayda olacakt\u0131r. Bu nedenle ULV cihaz\u0131 almadan \u00f6nce mutlaka M\u00fc\u015fteri temsilcimizle ileti\u015fime ge\u00e7iniz .<\/p>\n<p><strong>SATI\u015e SONRASI DESTEK<\/strong><\/p>\n<p>Sat\u0131\u015f Sonras\u0131 Hizmetimizden faydalanmak i\u00e7in a\u015fa\u011f\u0131daki teknik servis numaram\u0131zdan<br \/>\nAr\u0131zal\u0131 veya hasar g\u00f6ren ULV ila\u00e7lama makineleriniz i\u00e7in 7\/24 \u00a0ileti\u015fim kurabilirsiniz<\/p>\n<p><strong>Sat\u0131\u015f Sonras\u0131 Hizmet \u2013 Teknik Servis<\/strong><\/p>\n<ul>\n<li>G\u00f6r\u00fcnt\u00fcl\u00fc konu\u015fma ile uzaktan \u00e7al\u0131\u015ft\u0131rma talimat\u0131 ve teknik yard\u0131m hatt\u0131.<\/li>\n<li>\u0130htiyac\u0131n\u0131z olan yedek par\u00e7an\u0131n kod numaras\u0131n\u0131 bilmiyorsan\u0131z resmini \u00e7ekip bu hat \u00fczerinden g\u00f6nderebilirsiniz.<\/li>\n<li>Uzmanl\u0131k gerektiren ar\u0131za tespiti veya teknik bilgimize dan\u0131\u015fmak i\u00e7in 7\/24\u00a0 ileti\u015fim kurabilirsiniz.<\/li>\n<\/ul>\n","protected":false},"excerpt":{"rendered":"<p>\u00dcretici oldu\u011fumuz Elektrikli ULV Makinesi d\u00fcnyan\u0131n g\u00fcndeminde olan covid-19, corana , delta varyant\u0131 vir\u00fcs\u00fcne kar\u015f\u0131 m\u00fccadelede dezenfeksiyon ve sterilizasyon ama\u00e7l\u0131 kullan\u0131lmaktad\u0131r.<br \/>\n&nbsp;<br \/>\n<a class=\"button-satinal\" href=\"https:\/\/shopier.com\/11278395\">1.400 \u20ba &#8211; Sat\u0131n Al<\/a><\/p>\n","protected":false},"featured_media":5527,"comment_status":"closed","ping_status":"closed","template":"","meta":{"inline_featured_image":false},"product_cat":[26,23],"product_tag":[],"class_list":["post-5618","product","type-product","status-publish","has-post-thumbnail","hentry","product_cat-el-tipi-ulv","product_cat-ulv-makinalari"],"_links":{"self":[{"href":"https:\/\/kmkgrup.com.tr\/index.php\/wp-json\/wp\/v2\/product\/5618","targetHints":{"allow":["GET"]}}],"collection":[{"href":"https:\/\/kmkgrup.com.tr\/index.php\/wp-json\/wp\/v2\/product"}],"about":[{"href":"https:\/\/kmkgrup.com.tr\/index.php\/wp-json\/wp\/v2\/types\/product"}],"replies":[{"embeddable":true,"href":"https:\/\/kmkgrup.com.tr\/index.php\/wp-json\/wp\/v2\/comments?post=5618"}],"wp:featuredmedia":[{"embeddable":true,"href":"https:\/\/kmkgrup.com.tr\/index.php\/wp-json\/wp\/v2\/media\/5527"}],"wp:attachment":[{"href":"https:\/\/kmkgrup.com.tr\/index.php\/wp-json\/wp\/v2\/media?parent=5618"}],"wp:term":[{"taxonomy":"product_cat","embeddable":true,"href":"https:\/\/kmkgrup.com.tr\/index.php\/wp-json\/wp\/v2\/product_cat?post=5618"},{"taxonomy":"product_tag","embeddable":true,"href":"https:\/\/kmkgrup.com.tr\/index.php\/wp-json\/wp\/v2\/product_tag?post=5618"}],"curies":[{"name":"wp","href":"https:\/\/api.w.org\/{rel}","templated":true}]}}