
{"id":5621,"date":"2022-03-01T17:00:21","date_gmt":"2022-03-01T14:00:21","guid":{"rendered":"https:\/\/kmkgrup.com.tr\/?post_type=product&#038;p=5621"},"modified":"2022-12-27T08:46:03","modified_gmt":"2022-12-27T05:46:03","slug":"duru-x-10-ulv-makinasi","status":"publish","type":"product","link":"https:\/\/kmkgrup.com.tr\/index.php\/product\/duru-x-10-ulv-makinasi\/","title":{"rendered":"DURU X 10 U.L.V"},"content":{"rendered":"<div class=\"responsive-table\"><strong>TEKN\u0130K DETAYLAR<\/strong><\/div>\n<div class=\"responsive-table\">\n<table>\n<tbody>\n<tr>\n<td><strong><b>MOTOR<\/b><\/strong><\/td>\n<td>2200w \u00a0220V AC, 50hz<\/td>\n<\/tr>\n<tr>\n<td><strong><b>\u0130la\u00e7 Tank Kapasitesi<\/b><\/strong><\/td>\n<td>10 Litre<\/td>\n<\/tr>\n<tr>\n<td><strong><b>\u0130la\u00e7 \u00c7\u0131k\u0131\u015f Debisi<\/b><\/strong><\/td>\n<td>0-49 l\/h<\/td>\n<\/tr>\n<tr>\n<td><strong><b>\u0130la\u00e7 Damla \u00c7ap\u0131\u00a0\u00a0<\/b><\/strong><\/td>\n<td>0-49 micron<\/td>\n<\/tr>\n<tr>\n<td><strong><b>Sol\u00fcsyon<\/b><\/strong><\/td>\n<td>sc,ec,wp<\/td>\n<\/tr>\n<tr>\n<td><strong><b>Kg<\/b><\/strong><\/td>\n<td>6.7 kg<\/td>\n<\/tr>\n<tr>\n<td><strong><b>\u00d6l\u00e7\u00fcler<\/b><\/strong><\/td>\n<td>E-34 B-50 Y-60<\/td>\n<\/tr>\n<\/tbody>\n<\/table>\n<\/div>\n<p><strong>NEDEN DURU X 10<\/strong><\/p>\n<p>El tipi Duru X10\u00a0 ila\u00e7lama ve Dezenfeksiyon cihaz\u0131 ; 220V, 2200W g\u00fcc\u00fc ile piyasadaki standart 1200W \u00fcr\u00fcnlere k\u0131yasla 2 kat daha g\u00fc\u00e7l\u00fc ve daha fazla hava debisine sahiptir ayr\u0131ca daha k\u00fc\u00e7\u00fck mikron boyutlar\u0131nda p\u00fcsk\u00fcrtme yapabilmektedir.<\/p>\n<p>Duru ULV dezenfeksiyon makinesi kafeler, restorantlar, hastaneler, sa\u011fl\u0131k kurumlar\u0131, resmi daireler, depolar, besi \u00e7iftlikleri, a\u011f\u0131rlar, tavuk \u00e7iftlikleri, oteller, kanalizasyon uygulamalar\u0131 i\u00e7in tercih edilmektedir.<\/p>\n<p>\u00dcr\u00fcnlerimiz d\u00fcnya sa\u011fl\u0131k \u00f6rg\u00fct\u00fcn\u00fcn kriterlerine g\u00f6re \u00fcretilmektedir. Standarlara uygun b\u00fct\u00fcn belge ve sertifikalar\u0131m\u0131z mevcuttur. \u00dcretici oldu\u011fumuz Elektrikli ULV Makinesi d\u00fcnyan\u0131n g\u00fcndeminde olan\u00a0covid-19, corana , delta varyant\u0131 vir\u00fcs\u00fcne kar\u015f\u0131\u00a0m\u00fccadelede\u00a0dezenfeksiyon\u00a0ve\u00a0sterilizasyon\u00a0ama\u00e7l\u0131 kullan\u0131lmaktad\u0131r.\u00a0 Bunun yan\u0131 s\u0131ra insektisit sisleyici \u00f6zelli\u011fine sahiptir \u00a0sivrisinek, karasinek gibi yeti\u015fkin ha\u015fere ve b\u00f6cekler i\u00e7in bula\u015f\u0131c\u0131 hastal\u0131klar ile m\u00fccadele ama\u00e7l\u0131 kullan\u0131lmaktad\u0131r. Duru X10 modeli 09 um 49 um \u00e7ap\u0131nda p\u00fcsk\u00fcrtme yapabilmektedir. \u00c7ok k\u00fc\u00e7\u00fck mikron \u00e7ap\u0131na sahip oldu\u011fu i\u00e7in dezenfeksiyon uygulamas\u0131nda \u00fcst\u00fcn ba\u015far\u0131 sa\u011flamaktad\u0131r. \u00c7\u00fcnk\u00fc p\u00fcsk\u00fcrt\u00fclen zerreciklerin hava da ask\u0131da kalma s\u00fcresi ve vir\u00fcse temas etme yok etme ihtimali en y\u00fcksektir.<\/p>\n<p>Cihazlar\u0131m\u0131z t\u00fcm d\u00fcnyada virus ile m\u00fccadelede kullan\u0131lmaktad\u0131r. Elektrikli ULV makinesi duru x-10 modeli ekonomik olmas\u0131 sebebiyle \u00e7ok tercih edilen bir modeldir. Yurt d\u0131\u015f\u0131 testlerde % 99,999 ba\u015far\u0131l\u0131 olmu\u015ftur ve t\u00fcm d\u00fcnyada kullan\u0131c\u0131lar taraf\u0131ndan \u00a0duru X10 ulv cihaz\u0131n\u0131 tercih edip memnun kalm\u0131\u015flard\u0131r . Virus \u00a0ilk ba\u015fta \u00e7in\u2019de yay\u0131lmas\u0131 ile birlikte\u00a0 d\u00fcnya \u00e7ap\u0131nda kontrol alt\u0131na al\u0131namaz bir durum olu\u015fturmu\u015ftur fakat sonras\u0131n da duru X10ulv sisleyici cihazlar\u0131m\u0131z\u0131nda yard\u0131m\u0131yla d\u00fcnya \u00e7ap\u0131nda etkisini g\u00f6stererek b\u00fcy\u00fck bir ba\u015far\u0131 ve \u00fclkemiz ad\u0131na gurur kayna\u011f\u0131 olmu\u015ftur .<\/p>\n<p><strong>Duru X10 ulv Dezenfeksiyon ve ila\u00e7lama cihaz\u0131n\u0131n \u00fcst\u00fcn \u00f6zelli\u011fi;<\/strong><\/p>\n<p>Dezenfeksiyon cihaz\u0131 duru x20 ulv modeli ila\u00e7lama cihaz\u0131m\u0131z s\u0131v\u0131s\u0131n\u0131 so\u011fuk sisleme tekni\u011fi ile \u00e7ok k\u00fc\u00e7\u00fck par\u00e7alara ay\u0131r\u0131r. Duru x10 ulv \u00a0cihaz\u0131 10 Litrelik bir dezenfeksiyon s\u0131v\u0131s\u0131n\u0131 20 \u00b5m zerrecik \u00e7ap\u0131 ile \u201c2.195.000.000.000\u201d\u00a0adet zerrecik ile p\u00fcsk\u00fcrt\u00fcr. P\u00fcsk\u00fcrt\u00fclen dezenfeksiyonlar \u00e7ok k\u00fc\u00e7\u00fck mikron \u00e7ap\u0131nda oldu\u011fu i\u00e7in ve hava da ask\u0131da kalma s\u00fcresi kullan\u0131lan s\u0131v\u0131lar\u0131n vir\u00fcs\u00fc yok etme olas\u0131l\u0131\u011f\u0131n\u0131 artt\u0131rmaktad\u0131r bu nedenle \u00a0b\u00fcy\u00fck mikron \u00e7ap\u0131 ile p\u00fcsk\u00fcrtme yapan cihazlara k\u0131yasla vir\u00fcs\u00fc yok etme ihtimali daha y\u00fcksektir ve g\u00fcvenilirlidir .<\/p>\n<p>Portatif Elektrikli ULV Makinesi duru x10 = 20 \u00b5m, 10 Litre, 2.195.000.000.000 adet zerrecik.<\/p>\n<p>ULV Makinesi duru x10 elektrikli motoru sayesinde benzinli motorlar gibi karbondioksit sal\u0131n\u0131m\u0131 yapmaz ve i\u00e7 mekan uygulamalar\u0131 i\u00e7in \u00e7ok kullan\u0131\u015fl\u0131d\u0131r. Su bazl\u0131 oldu\u011fu i\u00e7in dezenfeksiyonlar\u0131n tamam\u0131 i\u00e7in kullan\u0131labilir. 1 dakika i\u00e7inde 800m2 alan\u0131 dezenfekte ve sterilize edebilir.<\/p>\n<p><strong>Duru x10 ulv ila\u00e7lama ve Dezenfeksiyon cihaz\u0131n\u0131n \u00e7al\u0131\u015fma prensibi;<\/strong><\/p>\n<p>Portatif ULV sisleyici makinesi dezenfeksiyon s\u0131v\u0131s\u0131n\u0131 y\u00fcksek hava debisi sayesinde havan\u0131n par\u00e7alama g\u00fcc\u00fc ile \u00e7ok k\u00fc\u00e7\u00fck par\u00e7alara ay\u0131rarak\u00a020\u00b5m\u00a0boyutunda\u00a0p\u00fcsk\u00fcrt\u00fcr. P\u00fcsk\u00fcrt\u00fclen zerreciklerin mikron \u00e7ap\u0131\u00a020-50 \u00b5m\u00a0boyutlar\u0131 aras\u0131ndad\u0131r ve p\u00fcsk\u00fcrt\u00fclen zerrecikler s\u00fcr\u00fcklenme ile hava da ask\u0131 da kalarak \u00a0her yere ula\u015fabilmektedir.<\/p>\n<p><strong>Kullan\u0131m Alanlar\u0131:<\/strong><\/p>\n<p>Dezenfektan s\u0131v\u0131s\u0131 konularak\u00a0dezenfeksiyon sisleyici\u00a0olarak bula\u015f\u0131c\u0131 hastal\u0131klara kar\u015f\u0131 ve Covid 19 virus\u2019e kar\u015f\u0131 m\u00fccadelede kullan\u0131lmaktad\u0131r,\u00a0\u0130nsektisit sisleyici \u00f6zelli\u011fi ile sivrisinek, karasinek ve \u00e7ekirge benzeri yeti\u015fkin b\u00f6cekleri kontrol alt\u0131na almak amac\u0131yla vector m\u00fccadelesinde pest control ama\u00e7l\u0131 kullan\u0131lmaktad\u0131r. Halk sa\u011fl\u0131\u011f\u0131 alan\u0131nda, Sa\u011fl\u0131k Bakanl\u0131\u011f\u0131 gibi devlet kurumlar\u0131 covid, covid-19, delta veryant\u0131 gibi hastal\u0131klar\u0131n yay\u0131lmas\u0131n\u0131 \u00f6nlemek i\u00e7in kullan\u0131l\u0131r.<\/p>\n<p><strong>ila\u00e7lama ve Dezenfeksiyon cihaz\u0131 hakk\u0131nda bilgilendirmeler;<\/strong><\/p>\n<p><strong>Mikron \u00e7ap\u0131:<\/strong><\/p>\n<p>Mikron \u00e7ap\u0131 1 zerreci\u011fin boyutu demektir. \u201c\u00b5m\u201d ile ifade edilir\u00a01mm 1000 mikron\u2019a e\u015fittir. Bir insan sac\u0131 100\u00b5m kal\u0131nl\u0131\u011f\u0131ndad\u0131r, duru x 10 dezenfeksiyon cihaz\u0131 0,3 \u00b5m~50\u00b5m sisleme yapabilir. Dezenfeksiyon s\u0131v\u0131 t\u00fcketimi ile mikron \u00e7ap\u0131 de\u011fi\u015ftirilebilir.<\/p>\n<p><strong>ULV ve s\u0131cak sisleyici aras\u0131ndaki \u00e7al\u0131\u015fma prensibinin fark\u0131:<\/strong><\/p>\n<p>Termal sisleyiciler form\u00fclasyonu y\u00fcksek \u0131s\u0131 yard\u0131m\u0131 ile buhar haline d\u00f6n\u00fc\u015ft\u00fcr\u00fcr. So\u011fuk sisleyiciler \u0131s\u0131 yard\u0131m\u0131 ile de\u011fil havan\u0131n g\u00fcc\u00fc ile form\u00fclasyonu buhar haline d\u00f6n\u00fc\u015ft\u00fcrmektedir. Elektrik portatif dezenfeksiyon cihaz\u0131 sat\u0131n al\u0131rken motor watt g\u00fcc\u00fcn\u00fcn 2800W alt\u0131nda olmamas\u0131na dikkat ediniz. G\u00fc\u00e7l\u00fc motor daha k\u00fc\u00e7\u00fck mikron \u00e7ap\u0131 elde etmenizi sa\u011flar ve bu sayede \u00e7ok daha fazla etkili sterilizasyon i\u015flemi ger\u00e7ekle\u015ftirilir. Motor g\u00fcc\u00fc 2400W alt\u0131ndaysa k\u00fc\u00e7\u00fck mikron \u00e7ap\u0131 atam\u0131yor demektir. So\u011fuk sisleyici olabilmesi i\u00e7in 30\u00b5m alt\u0131nda yani ortalama 20\u00b5m atmas\u0131 gerekir.<\/p>\n<p><strong>Neden U.L.V ?<\/strong><\/p>\n<p>U.L.V. (Ultra Low Volume) son derece ince p\u00fcsk\u00fcrtme tekni\u011fi ile olu\u015fturulan aerosol sisidir. Ha\u015fereleri yok etmede en az etken madde ile en \u00fcst\u00fcn, kal\u0131c\u0131, etkili, ger\u00e7ek\u00e7i ve en ekonomik m\u00fccadeleyi sa\u011flar. U.L.V. tekni\u011fi ile olu\u015fan zerrecikler u\u00e7an ve y\u00fcr\u00fcyen ha\u015fereleri an\u0131nda etkiler, h\u0131zla yok eder ve \u00e7ok uzun s\u00fcre etki g\u00fcc\u00fcn\u00fc s\u00fcrd\u00fcr\u00fcr U.L.V. (so\u011fuk sisleme) ile ama\u00e7, ila\u00e7l\u0131 suyu (sol\u00fcsyon) havada uzun s\u00fcre kalacak \u015fekilde partik\u00fcllere b\u00f6lerek hava ile temas s\u00fcresini uzat\u0131p ila\u00e7lamada kesin sonuca gitmektir.<\/p>\n<p>Alan spreylemesinin temeli, \u00e7ok fazla miktarda k\u00fc\u00e7\u00fck insektisit damlac\u0131klar\u0131 \u00fcretmek \u00fczerine kurulmu\u015ftur. Bu damlac\u0131klar ha\u015fere ile u\u00e7ma faaliyeti esnas\u0131nda temasa ge\u00e7ti\u011finde, \u00f6ld\u00fcr\u00fcc\u00fc insektisit bulutu olu\u015fturan ve sis g\u00f6r\u00fcnt\u00fcs\u00fc veren bir alan spreyleme y\u00f6ntemi olan termal sisteminin yerini g\u00fcn\u00fcm\u00fczde U.L.V. (Ultra Low Volume) y\u00f6ntemi alm\u0131\u015ft\u0131r.<\/p>\n<p><strong>SATI\u015e SONRASI DESTEK<\/strong><\/p>\n<p>Sat\u0131\u015f Sonras\u0131 Hizmetimizden faydalanmak i\u00e7in a\u015fa\u011f\u0131daki teknik servis numaram\u0131zdan<br \/>\nAr\u0131zal\u0131 veya hasar g\u00f6ren ULV ila\u00e7lama makineleriniz i\u00e7in 7\/24 \u00a0ileti\u015fim kurabilirsiniz<\/p>\n<p><strong>Sat\u0131\u015f Sonras\u0131 Hizmet \u2013 Teknik Servis<\/strong><\/p>\n<ul>\n<li>G\u00f6r\u00fcnt\u00fcl\u00fc konu\u015fma ile uzaktan \u00e7al\u0131\u015ft\u0131rma talimat\u0131 ve teknik yard\u0131m hatt\u0131.<\/li>\n<li>\u0130htiyac\u0131n\u0131z olan yedek par\u00e7an\u0131n kod numaras\u0131n\u0131 bilmiyorsan\u0131z resmini \u00e7ekip bu hat \u00fczerinden g\u00f6nderebilirsiniz.<\/li>\n<li>Uzmanl\u0131k gerektiren ar\u0131za tespiti veya teknik bilgimize dan\u0131\u015fmak i\u00e7in 7\/24\u00a0 ileti\u015fim kurabilirsiniz.<\/li>\n<\/ul>\n","protected":false},"excerpt":{"rendered":"<p>Dezenfeksiyon cihaz\u0131 duru x10 ulv modeli ila\u00e7lama cihaz\u0131m\u0131z s\u0131v\u0131s\u0131n\u0131 so\u011fuk sisleme tekni\u011fi ile \u00e7ok k\u00fc\u00e7\u00fck par\u00e7alara ay\u0131r\u0131r.<br \/>\n&nbsp;<br \/>\n<a class=\"button-satinal\" href=\"https:\/\/shopier.com\/11278449\">1.200 \u20ba &#8211; Sat\u0131n Al<\/a><\/p>\n","protected":false},"featured_media":5530,"comment_status":"closed","ping_status":"closed","template":"","meta":{"inline_featured_image":false},"product_cat":[26,23],"product_tag":[],"class_list":["post-5621","product","type-product","status-publish","has-post-thumbnail","hentry","product_cat-el-tipi-ulv","product_cat-ulv-makinalari"],"_links":{"self":[{"href":"https:\/\/kmkgrup.com.tr\/index.php\/wp-json\/wp\/v2\/product\/5621","targetHints":{"allow":["GET"]}}],"collection":[{"href":"https:\/\/kmkgrup.com.tr\/index.php\/wp-json\/wp\/v2\/product"}],"about":[{"href":"https:\/\/kmkgrup.com.tr\/index.php\/wp-json\/wp\/v2\/types\/product"}],"replies":[{"embeddable":true,"href":"https:\/\/kmkgrup.com.tr\/index.php\/wp-json\/wp\/v2\/comments?post=5621"}],"wp:featuredmedia":[{"embeddable":true,"href":"https:\/\/kmkgrup.com.tr\/index.php\/wp-json\/wp\/v2\/media\/5530"}],"wp:attachment":[{"href":"https:\/\/kmkgrup.com.tr\/index.php\/wp-json\/wp\/v2\/media?parent=5621"}],"wp:term":[{"taxonomy":"product_cat","embeddable":true,"href":"https:\/\/kmkgrup.com.tr\/index.php\/wp-json\/wp\/v2\/product_cat?post=5621"},{"taxonomy":"product_tag","embeddable":true,"href":"https:\/\/kmkgrup.com.tr\/index.php\/wp-json\/wp\/v2\/product_tag?post=5621"}],"curies":[{"name":"wp","href":"https:\/\/api.w.org\/{rel}","templated":true}]}}