
{"id":5626,"date":"2022-03-01T18:23:11","date_gmt":"2022-03-01T15:23:11","guid":{"rendered":"https:\/\/kmkgrup.com.tr\/?post_type=product&#038;p=5626"},"modified":"2022-12-27T08:43:44","modified_gmt":"2022-12-27T05:43:44","slug":"duru-mxl-hgs-nemlendirme-makinasi","status":"publish","type":"product","link":"https:\/\/kmkgrup.com.tr\/index.php\/product\/duru-mxl-hgs-nemlendirme-makinasi\/","title":{"rendered":"DURU MXL HGS"},"content":{"rendered":"<div class=\"responsive-table\"><strong>TEKN\u0130K DETAYLAR<\/strong><\/div>\n<div class=\"responsive-table\">\n<table>\n<tbody>\n<tr>\n<td><strong><b>Motor<\/b><\/strong><\/td>\n<td>2200w \u00a0220V AC, 50hz<\/td>\n<\/tr>\n<tr>\n<td><strong><b>\u0130la\u00e7 Tank Kapasitesi<\/b><\/strong><\/td>\n<td>5 Litre<\/td>\n<\/tr>\n<tr>\n<td><strong><b>\u0130la\u00e7 \u00c7\u0131k\u0131\u015f Debisi<\/b><\/strong><\/td>\n<td>0-49 l\/h<\/td>\n<\/tr>\n<tr>\n<td><strong><b>\u0130la\u00e7 Damla \u00c7ap\u0131<\/b><\/strong><\/td>\n<td>0-49 micron<\/td>\n<\/tr>\n<tr>\n<td><strong><b>Sol\u00fcsyon\u00a0<\/b><\/strong><\/td>\n<td>sc ,ec,wp<\/td>\n<\/tr>\n<tr>\n<td><strong><b>Kg<\/b><\/strong><\/td>\n<td>4.6 kg<\/td>\n<\/tr>\n<tr>\n<td><strong><b>\u00d6l\u00e7\u00fcler<\/b><\/strong><\/td>\n<td>E-20\u00a0 B-125 Y-45<\/td>\n<\/tr>\n<\/tbody>\n<\/table>\n<\/div>\n<p><strong><b>T\u00dcRK\u0130YE NEDEN DURU NEM MAK\u0130NALARINI TERC\u0130H ED\u0130YOR !!<\/b><\/strong><\/p>\n<p>Mantar odas\u0131nda tek bir noktadan 25 m2 den 250 m2\u2032 ye kadar mantar sera odan\u0131z\u0131 homojen \u015fekilde nemlendirir.<\/p>\n<p>Cihaz\u0131n\u0131z CE belgeli olup elektrik ka\u00e7a\u011f\u0131 yada erezyon yapmaz .<\/p>\n<p>T\u00fcrkiyenin en UZUN U.L.V compolimer plastik ba\u015fl\u0131\u011f\u0131 ile g\u00fc\u00e7l\u00fc bas\u0131n\u00e7 sa\u011flar.<\/p>\n<p>Cihaz\u0131n\u0131z\u0131 \u015febeke suyuna ba\u011flayabilir yada cihaz deposundan kullanabilirsiniz.<\/p>\n<p>\u015eamand\u0131ra giri\u015finde \u00f6zel filitre aksam\u0131 ile mantarhanenizi temiz su ile nemlendirebilirsiniz .<\/p>\n<p>\u00d6zel atamiz\u00f6r sistemi ile U.L.V de en ince p\u00fcsk\u00fcrtme sistemine mevcutttur.<\/p>\n<p>Gerekli zamanlarda ila\u00e7lama ya da dezenfeksiyon cihaz\u0131 olarak kullanabilirsiniz.<\/p>\n<p>Nem kontrol\u00fcn\u00fc ( higrostatl\u0131 yada zaman saatli ) olarak talep edebilirsiniz.<\/p>\n<p>Cihaz\u0131n\u0131z Elektro statik d\u0131\u015f \u00e7ephe dayan\u0131kl\u0131 boyal\u0131d\u0131r paslanma yapmaz.<\/p>\n<p>2 y\u0131l garantilidir.<\/p>\n<p><strong><b>MANTAR SERASI NEMLEND\u0130RME VE B\u0130LG\u0130LEND\u0130RME !!<\/b><\/strong><\/p>\n<p>Duru mantarhane nemlendirme cihazlar\u0131 \u015famand\u0131ral\u0131d\u0131r . Cikaz\u0131n\u0131z ile Nemlendirme yaparken cihaz\u0131n deposuna s\u00fcrekli su doldurman\u0131za gerek yoktur. \u00c7e\u015fmeye ba\u011fl\u0131yaca\u011f\u0131n\u0131z hortumun di\u011fer ucunu Duru nemlendirme cihaz\u0131n\u0131za ba\u011flaman\u0131z yeterli olacakt\u0131r.Nemlendirme yaparken eksilen su otomotik olarak kendisini dolduracakt\u0131r.<\/p>\n<p>DURU mantar nemlendirme cihaz\u0131n\u0131zda \u00d6zel filitrasyon sistemi mevcuttur. Suda olu\u015fabilecek kire\u00e7 veya bakterileri temizleyerek mantar odas\u0131n\u0131 ar\u0131nd\u0131r\u0131lm\u0131\u015f temizlenmi\u015f pak su ile nemlendirilmek \u00fczere tasarlanm\u0131\u015ft\u0131r.<\/p>\n<p>DURU Mantarhane cihaz\u0131n\u0131z\u0131 ister nem sens\u00f6rl\u00fc tam otomosyonlu istersenizde timer zaman saati ile yar\u0131m otomosyonlu olarak kullanabilirsiniz. neme ve zamana g\u00f6re cihaz\u0131n\u0131z otomotik olarak \u00e7al\u0131\u015f\u0131r.Mantarhanede nemlendirme yapaca\u011f\u0131m diye beklemenize gerek kalm\u0131yacakt\u0131r.<\/p>\n<p>\u0130nce p\u00fcsk\u00fcrtme tekni\u011fi ile \u00fcretilen Duru nem makinas\u0131 mantarhanenizde ayn\u0131 yaylada olu\u015fan sis bulutunu olu\u015fturarak mantar\u0131n\u0131z\u0131n en \u00e7ok ihtiya\u00e7 duydu\u011fu nemi do\u011fal olarak mantarhanenizde olu\u015fturarak mantar\u0131n\u0131z\u0131n b\u00fcy\u00fcy\u00fcp geli\u015fmesini sa\u011flayacakt\u0131r.<\/p>\n<p>Duru nem makinalar\u0131n\u0131n sipari\u015fini saat 8.30 \u2013 16.00 saatleri i\u00e7erisinde m\u00fc\u015fteri temsilcimize verirseniz ayn\u0131 g\u00fcn kargoya verilir. Aksi takdirde sipari\u015finiz ertesi g\u00fcne g\u00f6nderilir.<\/p>\n<p>DURU nemlendirme makinalar\u0131n\u0131n Aras kargo \u015firketiyle antla\u015fmal\u0131 olup kap\u0131da nakit \u00f6deme yaparak \u00fcr\u00fcn\u00fcn\u00fcz\u00fc teslim alabilirsiniz .<\/p>\n<p>DURU nem makinalar\u0131 \u00fcretim hatalar\u0131na kar\u015f\u0131 2 y\u0131l garantili olup 15 y\u0131lda par\u00e7a temini sa\u011flamaktad\u0131r.<br \/>\nNemlendirme Kullan\u0131m Alanlar\u0131<\/p>\n<p><strong><b>SO\u011eUK HAVA DEPOLARI \u2013 FIRIN HAMUR D\u0130NLENME ODALARI \u2013 TAVUK \u00c7\u0130FTL\u0130\u011e\u0130 \u0130LA\u00c7LAMA NEMLEND\u0130RME -BOYA LABARTUVARI NEMLEND\u0130RME<\/b><\/strong><\/p>\n<p>Sat\u0131\u015f sonras\u0131 verilen hizmet a\u011f\u0131ylada mantarc\u0131 karde\u015flerimizin hakl\u0131 takdirini kazanan DURU nemlendirme makinalar\u0131n\u0131 0532 065 9117 ileti\u015fim hatt\u0131ndan 09.00 \u2013 22.00 saatleri aras\u0131nda sipari\u015f ve bilgilendirme i\u00e7in arayabilirsiniz.<\/p>\n<p><strong><b>Neden U.L.V ?\u00a0<\/b><\/strong><\/p>\n<p>U.L.V. (Ultra Low Volume) son derece ince p\u00fcsk\u00fcrtme tekni\u011fi ile olu\u015fturulan aerosol sisidir. Ha\u015fereleri yok etmede en az etken madde ile en \u00fcst\u00fcn, kal\u0131c\u0131, etkili, ger\u00e7ek\u00e7i ve en ekonomik m\u00fccadeleyi sa\u011flar. U.L.V. tekni\u011fi ile olu\u015fan zerrecikler u\u00e7an ve y\u00fcr\u00fcyen ha\u015fereleri an\u0131nda etkiler, h\u0131zla yok eder ve \u00e7ok uzun s\u00fcre etki g\u00fcc\u00fcn\u00fc s\u00fcrd\u00fcr\u00fcr U.L.V. (so\u011fuk sisleme) ile ama\u00e7, ila\u00e7l\u0131 suyu (sol\u00fcsyon) havada uzun s\u00fcre kalacak \u015fekilde partik\u00fcllere b\u00f6lerek hava ile temas s\u00fcresini uzat\u0131p ila\u00e7lamada kesin sonuca gitmektir.<\/p>\n<p>Alan spreylemesinin temeli, \u00e7ok fazla miktarda k\u00fc\u00e7\u00fck insektisit damlac\u0131klar\u0131 \u00fcretmek \u00fczerine kurulmu\u015ftur. Bu damlac\u0131klar ha\u015fere ile u\u00e7ma faaliyeti esnas\u0131nda temasa ge\u00e7ti\u011finde, \u00f6ld\u00fcr\u00fcc\u00fc insektisit bulutu olu\u015fturan ve sis g\u00f6r\u00fcnt\u00fcs\u00fc veren bir alan spreyleme y\u00f6ntemi olan termal sisteminin yerini g\u00fcn\u00fcm\u00fczde U.L.V. (Ultra Low Volume) y\u00f6ntemi alm\u0131\u015ft\u0131r.<\/p>\n<p><strong>SATI\u015e SONRASI DESTEK<\/strong><\/p>\n<p>Sat\u0131\u015f Sonras\u0131 Hizmetimizden faydalanmak i\u00e7in a\u015fa\u011f\u0131daki teknik servis numaram\u0131zdan<br \/>\nAr\u0131zal\u0131 veya hasar g\u00f6ren ULV ila\u00e7lama makineleriniz i\u00e7in 7\/24 \u00a0ileti\u015fim kurabilirsiniz<\/p>\n<p><strong>Sat\u0131\u015f Sonras\u0131 Hizmet \u2013 Teknik Servis<\/strong><\/p>\n<ul>\n<li>G\u00f6r\u00fcnt\u00fcl\u00fc konu\u015fma ile uzaktan \u00e7al\u0131\u015ft\u0131rma talimat\u0131 ve teknik yard\u0131m hatt\u0131.<\/li>\n<li>\u0130htiyac\u0131n\u0131z olan yedek par\u00e7an\u0131n kod numaras\u0131n\u0131 bilmiyorsan\u0131z resmini \u00e7ekip bu hat \u00fczerinden g\u00f6nderebilirsiniz.<\/li>\n<li>Uzmanl\u0131k gerektiren ar\u0131za tespiti veya teknik bilgimize dan\u0131\u015fmak i\u00e7in 7\/24\u00a0 ileti\u015fim kurabilirsiniz.<\/li>\n<\/ul>\n","protected":false},"excerpt":{"rendered":"<p>Portatif ULV sisleyici makinesi dezenfeksiyon s\u0131v\u0131s\u0131n\u0131 y\u00fcksek hava debisi sayesinde havan\u0131n par\u00e7alama g\u00fcc\u00fc ile \u00e7ok k\u00fc\u00e7\u00fck par\u00e7alara ay\u0131rarak\u00a020\u00b5m\u00a0boyutunda\u00a0p\u00fcsk\u00fcrt\u00fcr.<br \/>\n&nbsp;<br \/>\n<a class=\"button-satinal\" href=\"https:\/\/shopier.com\/11278539\">2.500 \u20ba &#8211; Sat\u0131n Al<\/a><\/p>\n","protected":false},"featured_media":5538,"comment_status":"closed","ping_status":"closed","template":"","meta":{"inline_featured_image":false},"product_cat":[24,28],"product_tag":[],"class_list":["post-5626","product","type-product","status-publish","has-post-thumbnail","hentry","product_cat-diger-makinalar","product_cat-nemlendirme-makinalari"],"_links":{"self":[{"href":"https:\/\/kmkgrup.com.tr\/index.php\/wp-json\/wp\/v2\/product\/5626","targetHints":{"allow":["GET"]}}],"collection":[{"href":"https:\/\/kmkgrup.com.tr\/index.php\/wp-json\/wp\/v2\/product"}],"about":[{"href":"https:\/\/kmkgrup.com.tr\/index.php\/wp-json\/wp\/v2\/types\/product"}],"replies":[{"embeddable":true,"href":"https:\/\/kmkgrup.com.tr\/index.php\/wp-json\/wp\/v2\/comments?post=5626"}],"wp:featuredmedia":[{"embeddable":true,"href":"https:\/\/kmkgrup.com.tr\/index.php\/wp-json\/wp\/v2\/media\/5538"}],"wp:attachment":[{"href":"https:\/\/kmkgrup.com.tr\/index.php\/wp-json\/wp\/v2\/media?parent=5626"}],"wp:term":[{"taxonomy":"product_cat","embeddable":true,"href":"https:\/\/kmkgrup.com.tr\/index.php\/wp-json\/wp\/v2\/product_cat?post=5626"},{"taxonomy":"product_tag","embeddable":true,"href":"https:\/\/kmkgrup.com.tr\/index.php\/wp-json\/wp\/v2\/product_tag?post=5626"}],"curies":[{"name":"wp","href":"https:\/\/api.w.org\/{rel}","templated":true}]}}