
{"id":5636,"date":"2022-03-02T01:02:08","date_gmt":"2022-03-01T22:02:08","guid":{"rendered":"https:\/\/kmkgrup.com.tr\/?post_type=product&#038;p=5636"},"modified":"2022-12-27T08:39:39","modified_gmt":"2022-12-27T05:39:39","slug":"duru-sera-plus-20-sera-ilaclama-makinasi","status":"publish","type":"product","link":"https:\/\/kmkgrup.com.tr\/index.php\/product\/duru-sera-plus-20-sera-ilaclama-makinasi\/","title":{"rendered":"DURU SERA PLUS 20"},"content":{"rendered":"<div class=\"responsive-table\"><strong>TEKN\u0130K DETAYLAR<\/strong><\/div>\n<div class=\"responsive-table\">\n<table>\n<tbody>\n<tr>\n<td><strong><b>MOTOR<\/b><\/strong><\/td>\n<td>1400w X 2 :2800W 220V AC<\/td>\n<\/tr>\n<tr>\n<td><strong><b>\u0130la\u00e7 Tank Kapasitesi<\/b><\/strong><\/td>\n<td>20 Litre<\/td>\n<\/tr>\n<tr>\n<td><strong><b>\u0130la\u00e7 \u00c7\u0131k\u0131\u015f Debisi<\/b><\/strong><\/td>\n<td>0-49 l\/h<\/td>\n<\/tr>\n<tr>\n<td><strong><b>\u0130la\u00e7 Damla \u00c7ap\u0131\u00a0<\/b><\/strong><\/td>\n<td>0-49 micron<\/td>\n<\/tr>\n<tr>\n<td><strong><b>Sol\u00fcsyon<\/b><\/strong><\/td>\n<td>sc,ec,wp<\/td>\n<\/tr>\n<tr>\n<td><strong><b>Kg<\/b><\/strong><\/td>\n<td>13 kg<\/td>\n<\/tr>\n<tr>\n<td><strong><b>\u00d6l\u00e7\u00fcler<\/b><\/strong><\/td>\n<td>E-52 B-60 Y-68<\/td>\n<\/tr>\n<\/tbody>\n<\/table>\n<\/div>\n<p><strong><b>\u00c7ift\u00e7inin Dostu Duru SERA PLUS \u2013 U.L.V.\u00a0 Cihazlar\u0131m\u0131z\u0131n, Sa\u011flad\u0131\u011f\u0131 Avantajlar<\/b><\/strong><strong><b>\u00a0<\/b><\/strong><\/p>\n<p>* \u0130la\u00e7, \u0130\u015fg\u00fcc\u00fc ve zamandan tasarruf sa\u011flar.<\/p>\n<p>* \u0130la\u00e7 tasarrufu nedeni ile yer alt\u0131 sular\u0131na zarar vermez.<\/p>\n<p>* Seralarda ila\u00e7lamadan kaynaklanan nem %90 azal\u0131r.<\/p>\n<p>* Sera i\u00e7inde, ya\u011fmurlu havada bile ila\u00e7lama yap\u0131labilir.<\/p>\n<p>* \u0130la\u00e7 bitki \u00fczerinde \u00e7ok iyi tutundu\u011fu i\u00e7in, etkin ila\u00e7lama yapar.<\/p>\n<p>* 7-10 g\u00fcnde yap\u0131lan ila\u00e7lama, 10-15 g\u00fcne \u00e7\u0131kar.<\/p>\n<p>* \u0130la\u00e7 damla \u00e7ap\u0131 (mikron) istenilen oranda ayarlanabilir.<\/p>\n<p>* U.L.V. Cihaz\u0131 ile ila\u00e7lar zaman\u0131nda, uygun miktarda ve yaln\u0131zca hedefe ula\u015ft\u0131r\u0131labilmektedir.<\/p>\n<p>* U.L.V. Cihaz\u0131, \u00f6rt\u00fcalt\u0131 sebze yeti\u015ftiricili\u011finde zararl\u0131lara kar\u015f\u0131 yap\u0131lan ila\u00e7lamalarda y\u00fcksek etki sa\u011flamaktad\u0131r. Ancak; her zararl\u0131 i\u00e7in mutlaka etkili dozun belirlenmesi gerekmektedir.<\/p>\n<p>** Suda eriyen toz ve s\u0131v\u0131 her t\u00fcrl\u00fc ila\u00e7 at\u0131l\u0131r.<\/p>\n<p>** Susuz uyguland\u0131\u011f\u0131nda, polarizasyon (tozla\u015fma) ama\u00e7l\u0131 kullan\u0131labilir.<\/p>\n<p>** \u0130la\u00e7, bitki aras\u0131na ve yaprak altlar\u0131na kolayl\u0131kla ula\u015fabildi\u011finden, tam bir kaplama yapabilmektedir.<\/p>\n<p>** Cihaz kendini tek bir d\u00f6nemde amorti eder.<\/p>\n<p>** Yerli makina \u00fcretiminin t\u00fcm avantajlar\u0131n\u0131 sunmaktad\u0131r.<\/p>\n<p>** 2 y\u0131l fabrika hatalar\u0131na kar\u015f\u0131 garantimiz alt\u0131ndad\u0131r.<\/p>\n<p>** 15 y\u0131l yedek par\u00e7a garantisi bulunmaktad\u0131r. (ancak \u00fccrete tabidir)<\/p>\n<p>*** \u0130la\u00e7lama yap\u0131l\u0131rken mutlaka koruyucu \u00f6nlemler al\u0131nmal\u0131d\u0131r .Maske eldiven gibi<\/p>\n<p><strong><b>Do\u011fru \u0130la\u00e7\u00a0 Do\u011fru Zaman Do\u011fru Makina\u00a0<\/b><\/strong><\/p>\n<p>Tuta ,K\u0131rm\u0131z\u0131 \u00d6r\u00fcmcek ,Yaprak Biti ve T\u00fcm b\u00f6ceklere son !!<\/p>\n<p>Seran\u0131z\u0131 sisleme y\u00f6ntemiyle ila\u00e7las\u0131n<\/p>\n<p>\u0130la\u00e7lar\u0131n\u0131z Topra\u011fa Akmas\u0131n..<\/p>\n<p>Sera i\u00e7erisine girmeden ila\u00e7lama<\/p>\n<p><strong><b>Zararl\u0131 ve Hastal\u0131klardan Kurtulman\u0131n Yolu\u00a0 DURU Entosis U.L.V\u00a0 ; leri<\/b><\/strong><\/p>\n<p>SERA U.L.V ila\u00e7lama cihaz\u0131 DURU ENTOS\u0130S\u00a0 yeni neslin son teknolojik ila\u00e7lama cihaz\u0131d\u0131r. \u0130lkel y\u00f6ntemlerle yap\u0131lan ila\u00e7lamada saatlerce seran\u0131n i\u00e7erisinde ila\u00e7lama yapaca\u011f\u0131z diye \u00e7al\u0131\u015fman\u0131n \u00e7ok \u00f6nemli kritik hastal\u0131klara sebep oldu\u011fu ( kanser, koha,ast\u0131m ) gibi her kez taraf\u0131ndan bilinmektedir. DURU SERA U.L.V ile yapaca\u011f\u0131n\u0131z ila\u00e7lama esnas\u0131nda Seran\u0131n i\u00e7erisine girmeden \u00e7al\u0131\u015ft\u0131rma ve durdurma saatini siz kendi seran\u0131z\u0131n durumuna g\u00f6re ayarlayarak zamandan ve i\u015fcilik maliyetinden kurtulacaks\u0131n\u0131z .Ayr\u0131ca sa\u011fl\u0131\u011f\u0131n\u0131z a\u00e7\u0131s\u0131ndan en \u00f6nemlisi cildinizin ve ci\u011ferlerinizin teneff\u00fcs yolu ile ilaca olan temas\u0131n\u0131 \u00f6nlemi\u015f olacaks\u0131n\u0131z.<\/p>\n<p><strong><b>Sadece Bitkileri De\u011fil Seran\u0131n Tamam\u0131n\u0131 \u0130la\u00e7lay\u0131n !!<\/b><\/strong><\/p>\n<p>U.L.V nin muadili\u00a0 ila\u00e7lama makinalar\u0131 ile ila\u00e7lama yapan \u00e7iftci karde\u015flerimiz sadece bitkiyi ila\u00e7layabilirken yeni neslin son teknolojik cihaz\u0131 Duru entosis ULV ila\u00e7lama cihazlar\u0131 ile ila\u00e7lama yapan cift\u00e7i karde\u015flerimiz\u00a0 seran\u0131n tamam\u0131n\u0131 homojen bir \u015fekilde micron zerrecikleri ile ideal damla \u00e7ap\u0131 ile seran\u0131n taban\u0131ndan tavan\u0131na kadar olan b\u00fct\u00fcn bir alan\u0131 homojen \u015fekilde ila\u00e7layabilmektedir.Yap\u0131lan denemelerde Hedefteki yaprak biti, trips, Beyaz Sinek larvas\u0131 Pis kokulu b\u00f6cek, yaprak galeri sine\u011fi gibi b\u00fct\u00fcn ha\u015ferelerin kullan\u0131lan ideal ila\u00e7larla yok edilmesi g\u00f6zlenmi\u015ftir .<\/p>\n<p><strong><b>Neden DURU U.L.V \u0130le \u0130la\u00e7lama Yapmal\u0131y\u0131z .<\/b><\/strong><\/p>\n<p>\u0130la\u00e7, \u0130\u015fg\u00fcc\u00fc ve zamandan tasarruf sa\u011flars\u0131n\u0131z.<\/p>\n<p>Topraklar\u0131n\u0131z\u0131 ila\u00e7l\u0131 su ile \u0131slatmaz nemi art\u0131rmazs\u0131n\u0131z. nemi %90 lara kadar azalt\u0131rs\u0131n\u0131z.<\/p>\n<p>\u0130la\u00e7 tasarrufu nedeni ile yer alt\u0131 sular\u0131na zarar vermezsiniz.<\/p>\n<p>Sera i\u00e7ine girmeden , elveri\u015fsiz havalarda bile ila\u00e7lama yapabilirsiniz .<\/p>\n<p>\u0130la\u00e7 bitki \u00fczerinde \u00e7ok iyi tutunabilece\u011fi i\u00e7in, etkin ila\u00e7lama ve ba\u015far\u0131 sa\u011flars\u0131n\u0131z.<\/p>\n<p>( 7-10 g\u00fcnde)\u00a0 yapt\u0131\u011f\u0131n\u0131z\u00a0 ila\u00e7lamay\u0131 , 10-15 g\u00fcne \u00e7\u0131kart\u0131r.<\/p>\n<p>U.L.V. Cihaz\u0131 ile ila\u00e7lar zaman\u0131nda, uygun miktarda ve yaln\u0131zca hedefe ula\u015fmaktad\u0131r.<\/p>\n<p>Suda eriyen toz ve s\u0131v\u0131 her t\u00fcrl\u00fc ila\u00e7 kullan\u0131labilir. ( sc,ec,insektisit,fungusit )<\/p>\n<p>\u0130la\u00e7, bitki aras\u0131na ve yaprak altlar\u0131na kolayl\u0131kla ula\u015fabildi\u011finden, tam bir kaplama yapabilmektedir.<\/p>\n<p><strong>SATI\u015e SONRASI DESTEK<\/strong><\/p>\n<p>Sat\u0131\u015f Sonras\u0131 Hizmetimizden faydalanmak i\u00e7in a\u015fa\u011f\u0131daki teknik servis numaram\u0131zdan<br \/>\nAr\u0131zal\u0131 veya hasar g\u00f6ren ULV ila\u00e7lama makineleriniz i\u00e7in 7\/24 \u00a0ileti\u015fim kurabilirsiniz<\/p>\n<p><strong>Sat\u0131\u015f Sonras\u0131 Hizmet \u2013 Teknik Servis<\/strong><\/p>\n<ul>\n<li>G\u00f6r\u00fcnt\u00fcl\u00fc konu\u015fma ile uzaktan \u00e7al\u0131\u015ft\u0131rma talimat\u0131 ve teknik yard\u0131m hatt\u0131.<\/li>\n<li>\u0130htiyac\u0131n\u0131z olan yedek par\u00e7an\u0131n kod numaras\u0131n\u0131 bilmiyorsan\u0131z resmini \u00e7ekip bu hat \u00fczerinden g\u00f6nderebilirsiniz.<\/li>\n<li>Uzmanl\u0131k gerektiren ar\u0131za tespiti veya teknik bilgimize dan\u0131\u015fmak i\u00e7in 7\/24\u00a0 ileti\u015fim kurabilirsiniz.<\/li>\n<\/ul>\n","protected":false},"excerpt":{"rendered":"<p>SERA U.L.V ila\u00e7lama cihaz\u0131\u00a0 sera plus 20\u00a0 yeni neslin son teknolojik ila\u00e7lama cihaz\u0131d\u0131r.<\/p>\n<p><a class=\"button-satinal\" href=\"https:\/\/shopier.com\/11278612\">3.800 \u20ba &#8211; Sat\u0131n Al<\/a><\/p>\n","protected":false},"featured_media":5550,"comment_status":"closed","ping_status":"closed","template":"","meta":{"inline_featured_image":false},"product_cat":[24,29],"product_tag":[],"class_list":["post-5636","product","type-product","status-publish","has-post-thumbnail","hentry","product_cat-diger-makinalar","product_cat-sera-ilaclama"],"_links":{"self":[{"href":"https:\/\/kmkgrup.com.tr\/index.php\/wp-json\/wp\/v2\/product\/5636","targetHints":{"allow":["GET"]}}],"collection":[{"href":"https:\/\/kmkgrup.com.tr\/index.php\/wp-json\/wp\/v2\/product"}],"about":[{"href":"https:\/\/kmkgrup.com.tr\/index.php\/wp-json\/wp\/v2\/types\/product"}],"replies":[{"embeddable":true,"href":"https:\/\/kmkgrup.com.tr\/index.php\/wp-json\/wp\/v2\/comments?post=5636"}],"wp:featuredmedia":[{"embeddable":true,"href":"https:\/\/kmkgrup.com.tr\/index.php\/wp-json\/wp\/v2\/media\/5550"}],"wp:attachment":[{"href":"https:\/\/kmkgrup.com.tr\/index.php\/wp-json\/wp\/v2\/media?parent=5636"}],"wp:term":[{"taxonomy":"product_cat","embeddable":true,"href":"https:\/\/kmkgrup.com.tr\/index.php\/wp-json\/wp\/v2\/product_cat?post=5636"},{"taxonomy":"product_tag","embeddable":true,"href":"https:\/\/kmkgrup.com.tr\/index.php\/wp-json\/wp\/v2\/product_tag?post=5636"}],"curies":[{"name":"wp","href":"https:\/\/api.w.org\/{rel}","templated":true}]}}