
{"id":5643,"date":"2022-03-02T01:29:50","date_gmt":"2022-03-01T22:29:50","guid":{"rendered":"https:\/\/kmkgrup.com.tr\/?post_type=product&#038;p=5643"},"modified":"2022-03-02T01:31:16","modified_gmt":"2022-03-01T22:31:16","slug":"fasnox-10-sc-hasere-ilaci","status":"publish","type":"product","link":"https:\/\/kmkgrup.com.tr\/index.php\/product\/fasnox-10-sc-hasere-ilaci\/","title":{"rendered":"FASNOX 10 SC HA\u015eERE \u0130LACI"},"content":{"rendered":"<div class=\"responsive-table\">\n<p><strong>Zararl\u0131 Kontrol\u00fc \/ ENTEGRE VEKT\u00d6R \/ ZARARLI KONTROL\u00dc (IPM)<\/strong><br \/>\nBu b\u00f6l\u00fcmde sivrisinek larva ve ergin kontrol\u00fc ile karsinek larva ve ergin kontrol\u00fc ve bu zararl\u0131lar\u0131n olu\u015fturdu\u011fu hastal\u0131k ve ekonomik zararlar\u0131n ortadan kald\u0131r\u0131lmas\u0131, koruyucu tedbirlerin al\u0131nmas\u0131 ve bu zararl\u0131lar\u0131n yak\u0131n \u00e7evrede de hijyen riski olu\u015fturmas\u0131n\u0131 engelleme \u00e7al\u0131\u015fmalar\u0131d\u0131r. Bu ama\u00e7la kullan\u0131lan \u00fcr\u00fcnler Sa\u011fl\u0131k Bakanl\u0131\u011f\u0131 ruhsatl\u0131 insektisit ve larvasit form\u00fclasyonlard\u0131r<\/p>\n<p><strong>VEKT\u00d6R VE ZARARLI KONTROL\u00dc AMA\u00c7LARI<\/strong><\/p>\n<p>Belediyelerin taleplerine uygun programlar geli\u015ftirmek.<br \/>\nMaximum etki sa\u011flamak amac\u0131yla \u00e7oklu ha\u015fere kontrol metotlar\u0131n\u0131 entegre etmek.<br \/>\nG\u00fcvenlik , \u00e7evresel etki, sa\u011fl\u0131k riskleri, etki- maliyet unsurlar\u0131yla belirlenen ba\u015far\u0131.<br \/>\nMevcut altyap\u0131 verilerinin de\u011ferlendirilmesi.<br \/>\nPahal\u0131, pratikte uygulanamaz ve deneme ama\u00e7l\u0131 alternatifleri elimine etmek.<br \/>\nYan etkilerle risk olu\u015fturmadan ve uygun maliyetle hizmet<\/p>\n<p><strong>VEKT\u00d6R VE ZARARLI KONTROL\u00dc HEDEFLER\u0130<\/strong><br \/>\nKonsept \u00e7er\u00e7evesinde ula\u015f\u0131labilecek ba\u015far\u0131y\u0131 tespit etmek<br \/>\nSpesifik alanda ve \u00e7evrede programa uymak<br \/>\nG\u00fcnl\u00fck aktivitelere minimum seviyede etki<br \/>\nPotansiyel intikali engellemek i\u00e7in maksimum koruyucu tedbirler<br \/>\nSpesifik ha\u015ferelere kar\u015f\u0131 kimyasal kullan\u0131mda;<\/p>\n<p>Dar spektrumlu \u00fcr\u00fcnler<\/p>\n<p>D\u00fc\u015f\u00fck dozda \u00fcr\u00fcnler<\/p>\n<p>Uygun zamanlama<\/p>\n<p><strong>VEKT\u00d6R VE ZARARLI KONTROL\u00dc STRATEJ\u0130S\u0130<\/strong><\/p>\n<p>Ba\u015far\u0131 hedefi: Toplam kabul edilebilir ba\u015far\u0131, total eradikasyon<br \/>\nZararl\u0131 te\u015fhis ve tan\u0131m\u0131<br \/>\nRisk de\u011ferlendirmesi: Etkinlik, insan ve \u00e7evreye zarar\u0131, ya\u015fam standartlar\u0131 (kalitesi)<br \/>\nYasa ve y\u00f6netmelikler (dahili, lokal ve global)<br \/>\nMevcut kontrol taktikleri: Kimyasal, mekanik sanitasyon, k\u00fclt\u00fcrel biyolojik ve \u00e7evresel<br \/>\nDo\u011fru uygulama: E\u011fitim pratik uygulama ve g\u00f6zleme<\/p>\n<p><strong>ERG\u0130N S\u0130VR\u0130S\u0130NEK ERG\u0130N M\u00dcCADELE METODLARI<\/strong><\/p>\n<p>B\u00f6lgesel pop\u00fclasyonun ve mevsimsel trendin belirlenmesi<br \/>\nHabitat\u0131n tespiti<br \/>\nHaritaland\u0131rma&amp;kroki haz\u0131rlanmas\u0131<br \/>\nMeteorolojik verilerin takibi \u2013 Tuzaklar\u0131n kullan\u0131m\u0131<br \/>\nDi\u011fer metotlar<\/p>\n<p><strong>\u00a0S\u0130VR\u0130S\u0130NEK ERG\u0130N KONTROL\u00dc<\/strong><br \/>\n<strong>ERG\u0130N S\u0130VR\u0130S\u0130NEK ERG\u0130N M\u00dcCADELE METODLARI<\/strong><\/p>\n<p>B\u00f6lgesel pop\u00fclasyonun ve mevsimsel trendin belirlenmesi<br \/>\nHabitat\u0131n tespiti<br \/>\nHaritaland\u0131rma&amp;kroki haz\u0131rlanmas\u0131<br \/>\nMeteorolojik verilerin takibi \u2013 Tuzaklar\u0131n kullan\u0131m\u0131<br \/>\nDi\u011fer metotlar<\/p>\n<p><strong>UYGULAMA METODLARI<\/strong><\/p>\n<p>1. Kal\u0131c\u0131 uygulama (Rezid\u00fbel)<br \/>\nRezid\u00fbel i\u00e7 alan uygulamalar\u0131<br \/>\nRezid\u00fbel d\u0131\u015f alan uygulamalar\u0131<\/p>\n<p>2.\u00a0\u00a0ULV (So\u011fuk Sisleme)<\/p>\n<p>K<strong>ALICI UYGULAMA (REZ\u0130D\u00dbEL) \u2013 BA\u015eARI FAKT\u00d6RLER\u0130<\/strong><\/p>\n<p>Prensip olarak hedef ve yak\u0131n \u00e7evredeki t\u00fcm intikal alanlar\u0131 da dahil olmak \u00fczere zararl\u0131 veya vekt\u00f6rlerin \u00fcreme, dinlenme, gezinme ve saklanma alanlar\u0131n\u0131n hedef dozda insektisitle ila\u00e7lanmas\u0131d\u0131r. Riskli alanlardaki t\u00fcm zararl\u0131 ha\u015ferelerin yo\u011funlu\u011funun m\u00fcmk\u00fcn olan minimum d\u00fczeye indirilmesi ba\u015far\u0131 oran\u0131n\u0131n g\u00f6stergesidir.<br \/>\nTotal \u0130la\u00e7lama: B\u00f6ceklerin bulunabilece\u011fi t\u00fcm riskli alan ve ortamlar\u0131n ila\u00e7lanmas\u0131,<br \/>\nTam \u0130la\u00e7lama: Riskli b\u00f6lgelerdeki b\u00f6ceklerin \u00fcreme, dinlenme, beslenme,gezinme ve saklanma alanlar\u0131n\u0131n ila\u00e7lanmas\u0131<br \/>\nEtkili \u0130la\u00e7lama: \u0130nsan ve hayvanlarda toksik tehlike yaratmadan hedef b\u00f6cekler i\u00e7in etkili dozu uygulamak<br \/>\nD\u00fczenli \u0130la\u00e7lama: \u0130nsektisitin kal\u0131c\u0131 etkisini d\u00fczenli olarak sa\u011flamak i\u00e7in belirli periyotlarda uygulaman\u0131n tekrar edilmesi.<br \/>\nBu 4 fakt\u00f6r\u00fcn her biri ve hepsi birlikte \u00e7ok \u00f6nemli fakt\u00f6rlerdir. Herhangi birisinde olu\u015facak ba\u015far\u0131s\u0131zl\u0131k t\u00fcm operasyonu ba\u015far\u0131s\u0131z k\u0131labilir.<\/p>\n<\/div>\n<p><strong>SATI\u015e SONRASI DESTEK<\/strong><\/p>\n<p>Sat\u0131\u015f Sonras\u0131 Hizmetimizden faydalanmak i\u00e7in a\u015fa\u011f\u0131daki teknik servis numaram\u0131zdan<br \/>\nAr\u0131zal\u0131 veya hasar g\u00f6ren ULV ila\u00e7lama makineleriniz i\u00e7in 7\/24 \u00a0ileti\u015fim kurabilirsiniz.<\/p>\n<p><strong>Sat\u0131\u015f Sonras\u0131 Hizmet \u2013 Teknik Servis<\/strong><\/p>\n<ul>\n<li>G\u00f6r\u00fcnt\u00fcl\u00fc konu\u015fma ile uzaktan \u00e7al\u0131\u015ft\u0131rma talimat\u0131 ve teknik yard\u0131m hatt\u0131.<\/li>\n<li>\u0130htiyac\u0131n\u0131z olan yedek par\u00e7an\u0131n kod numaras\u0131n\u0131 bilmiyorsan\u0131z resmini \u00e7ekip bu hat \u00fczerinden g\u00f6nderebilirsiniz.<\/li>\n<li>Uzmanl\u0131k gerektiren ar\u0131za tespiti veya teknik bilgimize dan\u0131\u015fmak i\u00e7in 7\/24\u00a0 ileti\u015fim kurabilirsiniz.<\/li>\n<\/ul>\n","protected":false},"excerpt":{"rendered":"<p>Ha\u015ferelerden etkili bir \u015fekilde kurtulman\u0131za yard\u0131mc\u0131 olur.<\/p>\n","protected":false},"featured_media":5644,"comment_status":"closed","ping_status":"closed","template":"","meta":{"inline_featured_image":false},"product_cat":[31],"product_tag":[],"class_list":["post-5643","product","type-product","status-publish","has-post-thumbnail","hentry","product_cat-hasere-ilaclari"],"_links":{"self":[{"href":"https:\/\/kmkgrup.com.tr\/index.php\/wp-json\/wp\/v2\/product\/5643","targetHints":{"allow":["GET"]}}],"collection":[{"href":"https:\/\/kmkgrup.com.tr\/index.php\/wp-json\/wp\/v2\/product"}],"about":[{"href":"https:\/\/kmkgrup.com.tr\/index.php\/wp-json\/wp\/v2\/types\/product"}],"replies":[{"embeddable":true,"href":"https:\/\/kmkgrup.com.tr\/index.php\/wp-json\/wp\/v2\/comments?post=5643"}],"wp:featuredmedia":[{"embeddable":true,"href":"https:\/\/kmkgrup.com.tr\/index.php\/wp-json\/wp\/v2\/media\/5644"}],"wp:attachment":[{"href":"https:\/\/kmkgrup.com.tr\/index.php\/wp-json\/wp\/v2\/media?parent=5643"}],"wp:term":[{"taxonomy":"product_cat","embeddable":true,"href":"https:\/\/kmkgrup.com.tr\/index.php\/wp-json\/wp\/v2\/product_cat?post=5643"},{"taxonomy":"product_tag","embeddable":true,"href":"https:\/\/kmkgrup.com.tr\/index.php\/wp-json\/wp\/v2\/product_tag?post=5643"}],"curies":[{"name":"wp","href":"https:\/\/api.w.org\/{rel}","templated":true}]}}